{"id":12199,"date":"2024-07-03T13:36:34","date_gmt":"2024-07-03T13:36:34","guid":{"rendered":"https:\/\/multifrigo.pl\/sklep\/produkt\/bemar-jezdny-czterokomorowy-n-stalgast-982276158\/"},"modified":"2024-07-17T10:53:50","modified_gmt":"2024-07-17T10:53:50","slug":"bemar-jezdny-czterokomorowy-n-stalgast-982276158","status":"publish","type":"product","link":"https:\/\/www.multifrigo.pl\/sklep\/produkt\/bemar-jezdny-czterokomorowy-n-stalgast-982276158\/","title":{"rendered":"Bemar jezdny, czterokomorowy ( N ) | Stalgast 982276158"},"content":{"rendered":"<p><LI>niezale\u017cne sterowanie temperatury w komorach  <LI>bemar wodny  <LI>zaw\u00f3r spustowy  <LI>maksymalna g\u0142\u0119boko\u015b\u0107 pojemnik\u00f3w GN 1\/1 200  <LI>zasilanie 230 V  <LI>skr\u0119tne k\u00f3\u0142ka  <LI>obudowa k\u00f3\u0142ka &#8211; stal nierdzewna  <\/p>\n","protected":false},"excerpt":{"rendered":"<p>niezale\u017cne sterowanie temperatury w komorach bemar wodny zaw\u00f3r spustowy maksymalna g\u0142\u0119boko\u015b\u0107 pojemnik\u00f3w GN 1\/1 200 zasilanie 230 V skr\u0119tne k\u00f3\u0142ka obudowa k\u00f3\u0142ka &#8211; stal nierdzewna<\/p>\n","protected":false},"featured_media":12198,"template":"","meta":{"_et_pb_use_builder":"","_et_pb_old_content":"","_et_gb_content_width":""},"pwb-brand":[62],"product_brand":[],"product_cat":[638],"product_tag":[],"class_list":{"0":"post-12199","1":"product","2":"type-product","3":"status-publish","4":"has-post-thumbnail","6":"pwb-brand-stalgast","7":"product_cat-sterowanie-niezalezne-bemary-jezdne","9":"first","10":"instock","11":"taxable","12":"shipping-taxable","13":"purchasable","14":"product-type-simple"},"brands":[{"id":62,"name":"Stalgast","slug":"stalgast"}],"_links":{"self":[{"href":"https:\/\/www.multifrigo.pl\/sklep\/wp-json\/wp\/v2\/product\/12199","targetHints":{"allow":["GET"]}}],"collection":[{"href":"https:\/\/www.multifrigo.pl\/sklep\/wp-json\/wp\/v2\/product"}],"about":[{"href":"https:\/\/www.multifrigo.pl\/sklep\/wp-json\/wp\/v2\/types\/product"}],"wp:featuredmedia":[{"embeddable":true,"href":"https:\/\/www.multifrigo.pl\/sklep\/wp-json\/wp\/v2\/media\/12198"}],"wp:attachment":[{"href":"https:\/\/www.multifrigo.pl\/sklep\/wp-json\/wp\/v2\/media?parent=12199"}],"wp:term":[{"taxonomy":"pwb-brand","embeddable":true,"href":"https:\/\/www.multifrigo.pl\/sklep\/wp-json\/wp\/v2\/pwb-brand?post=12199"},{"taxonomy":"product_brand","embeddable":true,"href":"https:\/\/www.multifrigo.pl\/sklep\/wp-json\/wp\/v2\/product_brand?post=12199"},{"taxonomy":"product_cat","embeddable":true,"href":"https:\/\/www.multifrigo.pl\/sklep\/wp-json\/wp\/v2\/product_cat?post=12199"},{"taxonomy":"product_tag","embeddable":true,"href":"https:\/\/www.multifrigo.pl\/sklep\/wp-json\/wp\/v2\/product_tag?post=12199"}],"curies":[{"name":"wp","href":"https:\/\/api.w.org\/{rel}","templated":true}]}}