{"id":12207,"date":"2024-07-03T13:36:42","date_gmt":"2024-07-03T13:36:42","guid":{"rendered":"https:\/\/multifrigo.pl\/sklep\/produkt\/bemar-stacjonarnyz-szafkadwukomorowy-n-stalgast-982316076\/"},"modified":"2024-07-17T10:53:50","modified_gmt":"2024-07-17T10:53:50","slug":"bemar-stacjonarnyz-szafkadwukomorowy-n-stalgast-982316076","status":"publish","type":"product","link":"https:\/\/www.multifrigo.pl\/sklep\/produkt\/bemar-stacjonarnyz-szafkadwukomorowy-n-stalgast-982316076\/","title":{"rendered":"Bemar stacjonarny,z szafk\u0105,dwukomorowy ( N ) | Stalgast 982316076"},"content":{"rendered":"<p><LI>bemar stacjonarny dwukomorowy  <LI>niezale\u017cne sterowanie temperatury w komorach  <LI>bemar wodny  <LI>zaw\u00f3r spustowy  <LI>maksymalna g\u0142\u0119boko\u015b\u0107 pojemnik\u00f3w GN1\/1 200  <LI>zasilanie 230 V  <LI>skr\u0119tne k\u00f3\u0142ka  <LI>obudowa k\u00f3\u0142ka &#8211; stal nierdzewna  <\/p>\n","protected":false},"excerpt":{"rendered":"<p>bemar stacjonarny dwukomorowy niezale\u017cne sterowanie temperatury w komorach bemar wodny zaw\u00f3r spustowy maksymalna g\u0142\u0119boko\u015b\u0107 pojemnik\u00f3w GN1\/1 200 zasilanie 230 V skr\u0119tne k\u00f3\u0142ka obudowa k\u00f3\u0142ka &#8211; stal nierdzewna<\/p>\n","protected":false},"featured_media":12206,"template":"","meta":{"_et_pb_use_builder":"","_et_pb_old_content":"","_et_gb_content_width":""},"pwb-brand":[62],"product_brand":[],"product_cat":[635],"product_tag":[],"class_list":{"0":"post-12207","1":"product","2":"type-product","3":"status-publish","4":"has-post-thumbnail","6":"pwb-brand-stalgast","7":"product_cat-sterowanie-niezalezne","9":"first","10":"instock","11":"taxable","12":"shipping-taxable","13":"purchasable","14":"product-type-simple"},"brands":[{"id":62,"name":"Stalgast","slug":"stalgast"}],"_links":{"self":[{"href":"https:\/\/www.multifrigo.pl\/sklep\/wp-json\/wp\/v2\/product\/12207","targetHints":{"allow":["GET"]}}],"collection":[{"href":"https:\/\/www.multifrigo.pl\/sklep\/wp-json\/wp\/v2\/product"}],"about":[{"href":"https:\/\/www.multifrigo.pl\/sklep\/wp-json\/wp\/v2\/types\/product"}],"wp:featuredmedia":[{"embeddable":true,"href":"https:\/\/www.multifrigo.pl\/sklep\/wp-json\/wp\/v2\/media\/12206"}],"wp:attachment":[{"href":"https:\/\/www.multifrigo.pl\/sklep\/wp-json\/wp\/v2\/media?parent=12207"}],"wp:term":[{"taxonomy":"pwb-brand","embeddable":true,"href":"https:\/\/www.multifrigo.pl\/sklep\/wp-json\/wp\/v2\/pwb-brand?post=12207"},{"taxonomy":"product_brand","embeddable":true,"href":"https:\/\/www.multifrigo.pl\/sklep\/wp-json\/wp\/v2\/product_brand?post=12207"},{"taxonomy":"product_cat","embeddable":true,"href":"https:\/\/www.multifrigo.pl\/sklep\/wp-json\/wp\/v2\/product_cat?post=12207"},{"taxonomy":"product_tag","embeddable":true,"href":"https:\/\/www.multifrigo.pl\/sklep\/wp-json\/wp\/v2\/product_tag?post=12207"}],"curies":[{"name":"wp","href":"https:\/\/api.w.org\/{rel}","templated":true}]}}