{"id":12223,"date":"2024-07-03T13:36:58","date_gmt":"2024-07-03T13:36:58","guid":{"rendered":"https:\/\/multifrigo.pl\/sklep\/produkt\/pojemnik-na-odpadki-jezdny-350x350x500-stalgast-982343550\/"},"modified":"2024-07-17T10:53:49","modified_gmt":"2024-07-17T10:53:49","slug":"pojemnik-na-odpadki-jezdny-350x350x500-stalgast-982343550","status":"publish","type":"product","link":"https:\/\/www.multifrigo.pl\/sklep\/produkt\/pojemnik-na-odpadki-jezdny-350x350x500-stalgast-982343550\/","title":{"rendered":"Pojemnik na odpadki jezdny 350x350x500 | Stalgast 982343550"},"content":{"rendered":"<p><LI>skr\u0119tne k\u00f3\u0142ka w nierdzewnej obudowie  <LI>uchwyt boczny po jednej stronie pojemnika  <LI>pojemno\u015b\u0107 40 l  <\/p>\n","protected":false},"excerpt":{"rendered":"<p>skr\u0119tne k\u00f3\u0142ka w nierdzewnej obudowie uchwyt boczny po jednej stronie pojemnika pojemno\u015b\u0107 40 l<\/p>\n","protected":false},"featured_media":12222,"template":"","meta":{"_et_pb_use_builder":"","_et_pb_old_content":"","_et_gb_content_width":""},"pwb-brand":[62],"product_brand":[],"product_cat":[101],"product_tag":[],"class_list":{"0":"post-12223","1":"product","2":"type-product","3":"status-publish","4":"has-post-thumbnail","6":"pwb-brand-stalgast","7":"product_cat-pojemniki-na-odpady-pojemniki-na-odpady","9":"first","10":"instock","11":"taxable","12":"shipping-taxable","13":"purchasable","14":"product-type-simple"},"brands":[{"id":62,"name":"Stalgast","slug":"stalgast"}],"_links":{"self":[{"href":"https:\/\/www.multifrigo.pl\/sklep\/wp-json\/wp\/v2\/product\/12223","targetHints":{"allow":["GET"]}}],"collection":[{"href":"https:\/\/www.multifrigo.pl\/sklep\/wp-json\/wp\/v2\/product"}],"about":[{"href":"https:\/\/www.multifrigo.pl\/sklep\/wp-json\/wp\/v2\/types\/product"}],"wp:featuredmedia":[{"embeddable":true,"href":"https:\/\/www.multifrigo.pl\/sklep\/wp-json\/wp\/v2\/media\/12222"}],"wp:attachment":[{"href":"https:\/\/www.multifrigo.pl\/sklep\/wp-json\/wp\/v2\/media?parent=12223"}],"wp:term":[{"taxonomy":"pwb-brand","embeddable":true,"href":"https:\/\/www.multifrigo.pl\/sklep\/wp-json\/wp\/v2\/pwb-brand?post=12223"},{"taxonomy":"product_brand","embeddable":true,"href":"https:\/\/www.multifrigo.pl\/sklep\/wp-json\/wp\/v2\/product_brand?post=12223"},{"taxonomy":"product_cat","embeddable":true,"href":"https:\/\/www.multifrigo.pl\/sklep\/wp-json\/wp\/v2\/product_cat?post=12223"},{"taxonomy":"product_tag","embeddable":true,"href":"https:\/\/www.multifrigo.pl\/sklep\/wp-json\/wp\/v2\/product_tag?post=12223"}],"curies":[{"name":"wp","href":"https:\/\/api.w.org\/{rel}","templated":true}]}}