{"id":1223,"date":"2024-07-02T14:27:28","date_gmt":"2024-07-02T14:27:28","guid":{"rendered":"https:\/\/multifrigo.pl\/sklep\/produkt\/rondel-stalowy-do-sosow-o-240-mm-stalgast-017242\/"},"modified":"2025-05-19T11:07:19","modified_gmt":"2025-05-19T11:07:19","slug":"rondel-stalowy-do-sosow-o-240-mm-stalgast-017242","status":"publish","type":"product","link":"https:\/\/www.multifrigo.pl\/sklep\/produkt\/rondel-stalowy-do-sosow-o-240-mm-stalgast-017242\/","title":{"rendered":"Rondel stalowy do sos\u00f3w, \u00f8 240 mm | Stalgast 017242"},"content":{"rendered":"<p><LI>rondel stalowy satynowany  <LI>wielowarstwowe dno kapsu\u0142owe  <LI>idealny do sos\u00f3w  <\/p>\n","protected":false},"excerpt":{"rendered":"<p>rondel stalowy satynowany wielowarstwowe dno kapsu\u0142owe idealny do sos\u00f3w<\/p>\n","protected":false},"featured_media":1222,"template":"","meta":{"_et_pb_use_builder":"","_et_pb_old_content":"","_et_gb_content_width":""},"pwb-brand":[62],"product_brand":[],"product_cat":[75],"product_tag":[],"class_list":{"0":"post-1223","1":"product","2":"type-product","3":"status-publish","4":"has-post-thumbnail","6":"pwb-brand-stalgast","7":"product_cat-rondle","9":"first","10":"instock","11":"taxable","12":"shipping-taxable","13":"purchasable","14":"product-type-simple"},"brands":[{"id":62,"name":"Stalgast","slug":"stalgast"}],"_links":{"self":[{"href":"https:\/\/www.multifrigo.pl\/sklep\/wp-json\/wp\/v2\/product\/1223","targetHints":{"allow":["GET"]}}],"collection":[{"href":"https:\/\/www.multifrigo.pl\/sklep\/wp-json\/wp\/v2\/product"}],"about":[{"href":"https:\/\/www.multifrigo.pl\/sklep\/wp-json\/wp\/v2\/types\/product"}],"wp:featuredmedia":[{"embeddable":true,"href":"https:\/\/www.multifrigo.pl\/sklep\/wp-json\/wp\/v2\/media\/1222"}],"wp:attachment":[{"href":"https:\/\/www.multifrigo.pl\/sklep\/wp-json\/wp\/v2\/media?parent=1223"}],"wp:term":[{"taxonomy":"pwb-brand","embeddable":true,"href":"https:\/\/www.multifrigo.pl\/sklep\/wp-json\/wp\/v2\/pwb-brand?post=1223"},{"taxonomy":"product_brand","embeddable":true,"href":"https:\/\/www.multifrigo.pl\/sklep\/wp-json\/wp\/v2\/product_brand?post=1223"},{"taxonomy":"product_cat","embeddable":true,"href":"https:\/\/www.multifrigo.pl\/sklep\/wp-json\/wp\/v2\/product_cat?post=1223"},{"taxonomy":"product_tag","embeddable":true,"href":"https:\/\/www.multifrigo.pl\/sklep\/wp-json\/wp\/v2\/product_tag?post=1223"}],"curies":[{"name":"wp","href":"https:\/\/api.w.org\/{rel}","templated":true}]}}