{"id":1244,"date":"2024-07-02T14:27:48","date_gmt":"2024-07-02T14:27:48","guid":{"rendered":"https:\/\/multifrigo.pl\/sklep\/produkt\/patelnia-do-nalesnikow-nieprzywierajaca-comfort-o-260-mm-stalgast-018264\/"},"modified":"2025-05-19T11:07:22","modified_gmt":"2025-05-19T11:07:22","slug":"patelnia-do-nalesnikow-nieprzywierajaca-comfort-o-260-mm-stalgast-018264","status":"publish","type":"product","link":"https:\/\/www.multifrigo.pl\/sklep\/produkt\/patelnia-do-nalesnikow-nieprzywierajaca-comfort-o-260-mm-stalgast-018264\/","title":{"rendered":"Patelnia do nale\u015bnik\u00f3w, nieprzywieraj\u0105ca,  Comfort, \u00f8 260 mm | Stalgast 018264"},"content":{"rendered":"<p><LI>patelnia aluminiowa pokryta pow\u0142ok\u0105 nieprzywieraj\u0105c\u0105  <LI>ergonomiczna r\u0105czka stalowa, nienagrzewaj\u0105ca si\u0119  <LI>szybko i r\u00f3wnomiernie rozprowadza ciep\u0142o na ca\u0142ej powierzchni  <LI>mo\u017cna sma\u017cy\u0107 z niewielk\u0105 ilo\u015bci\u0105 t\u0142uszczu  <LI>uchwyt wykonany ze stali nierdzewnej  <LI>dedykowana do sma\u017cenia nale\u015bnik\u00f3w i omlet\u00f3w  <\/p>\n","protected":false},"excerpt":{"rendered":"<p>patelnia aluminiowa pokryta pow\u0142ok\u0105 nieprzywieraj\u0105c\u0105 ergonomiczna r\u0105czka stalowa, nienagrzewaj\u0105ca si\u0119 szybko i r\u00f3wnomiernie rozprowadza ciep\u0142o na ca\u0142ej powierzchni mo\u017cna sma\u017cy\u0107 z niewielk\u0105 ilo\u015bci\u0105 t\u0142uszczu uchwyt wykonany ze stali nierdzewnej dedykowana do sma\u017cenia nale\u015bnik\u00f3w i omlet\u00f3w<\/p>\n","protected":false},"featured_media":1243,"template":"","meta":{"_et_pb_use_builder":"","_et_pb_old_content":"","_et_gb_content_width":""},"pwb-brand":[62],"product_brand":[],"product_cat":[76],"product_tag":[],"class_list":{"0":"post-1244","1":"product","2":"type-product","3":"status-publish","4":"has-post-thumbnail","6":"pwb-brand-stalgast","7":"product_cat-patelnie-do-nalesnikow","9":"first","10":"instock","11":"taxable","12":"shipping-taxable","13":"purchasable","14":"product-type-simple"},"brands":[{"id":62,"name":"Stalgast","slug":"stalgast"}],"_links":{"self":[{"href":"https:\/\/www.multifrigo.pl\/sklep\/wp-json\/wp\/v2\/product\/1244","targetHints":{"allow":["GET"]}}],"collection":[{"href":"https:\/\/www.multifrigo.pl\/sklep\/wp-json\/wp\/v2\/product"}],"about":[{"href":"https:\/\/www.multifrigo.pl\/sklep\/wp-json\/wp\/v2\/types\/product"}],"wp:featuredmedia":[{"embeddable":true,"href":"https:\/\/www.multifrigo.pl\/sklep\/wp-json\/wp\/v2\/media\/1243"}],"wp:attachment":[{"href":"https:\/\/www.multifrigo.pl\/sklep\/wp-json\/wp\/v2\/media?parent=1244"}],"wp:term":[{"taxonomy":"pwb-brand","embeddable":true,"href":"https:\/\/www.multifrigo.pl\/sklep\/wp-json\/wp\/v2\/pwb-brand?post=1244"},{"taxonomy":"product_brand","embeddable":true,"href":"https:\/\/www.multifrigo.pl\/sklep\/wp-json\/wp\/v2\/product_brand?post=1244"},{"taxonomy":"product_cat","embeddable":true,"href":"https:\/\/www.multifrigo.pl\/sklep\/wp-json\/wp\/v2\/product_cat?post=1244"},{"taxonomy":"product_tag","embeddable":true,"href":"https:\/\/www.multifrigo.pl\/sklep\/wp-json\/wp\/v2\/product_tag?post=1244"}],"curies":[{"name":"wp","href":"https:\/\/api.w.org\/{rel}","templated":true}]}}