{"id":1309,"date":"2024-07-02T14:28:51","date_gmt":"2024-07-02T14:28:51","guid":{"rendered":"https:\/\/multifrigo.pl\/sklep\/produkt\/patelnia-aluminiowa-nieprzywierajaca-o-360-mm-stalgast-031360\/"},"modified":"2025-05-19T11:07:37","modified_gmt":"2025-05-19T11:07:37","slug":"patelnia-aluminiowa-nieprzywierajaca-o-360-mm-stalgast-031360","status":"publish","type":"product","link":"https:\/\/www.multifrigo.pl\/sklep\/produkt\/patelnia-aluminiowa-nieprzywierajaca-o-360-mm-stalgast-031360\/","title":{"rendered":"Patelnia aluminiowa, nieprzywieraj\u0105ca, \u00f8 360 mm | Stalgast 031360"},"content":{"rendered":"<p><LI>patelnia aluminiowa pokryta teflonow\u0105 pow\u0142ok\u0105 nieprzywieraj\u0105c\u0105  <LI>wykonana z odlewu aluminium  <LI>r\u0105czka stalowa wykonana ze stali epoksydowanej zapewnia wysok\u0105 wytrzyma\u0142o\u015b\u0107 termiczn\u0105  <LI>dobrze i szybko rozprowadza ciep\u0142o po ca\u0142ej powierzchni  <LI>mo\u017cna sma\u017cy\u0107 z niewielk\u0105 ilo\u015bci\u0105 t\u0142uszczu  <\/p>\n","protected":false},"excerpt":{"rendered":"<p>patelnia aluminiowa pokryta teflonow\u0105 pow\u0142ok\u0105 nieprzywieraj\u0105c\u0105 wykonana z odlewu aluminium r\u0105czka stalowa wykonana ze stali epoksydowanej zapewnia wysok\u0105 wytrzyma\u0142o\u015b\u0107 termiczn\u0105 dobrze i szybko rozprowadza ciep\u0142o po ca\u0142ej powierzchni mo\u017cna sma\u017cy\u0107 z niewielk\u0105 ilo\u015bci\u0105 t\u0142uszczu<\/p>\n","protected":false},"featured_media":1308,"template":"","meta":{"_et_pb_use_builder":"","_et_pb_old_content":"","_et_gb_content_width":""},"pwb-brand":[62],"product_brand":[],"product_cat":[74],"product_tag":[],"class_list":{"0":"post-1309","1":"product","2":"type-product","3":"status-publish","4":"has-post-thumbnail","6":"pwb-brand-stalgast","7":"product_cat-patelnie-uniwersalne","9":"first","10":"instock","11":"taxable","12":"shipping-taxable","13":"purchasable","14":"product-type-simple"},"brands":[{"id":62,"name":"Stalgast","slug":"stalgast"}],"_links":{"self":[{"href":"https:\/\/www.multifrigo.pl\/sklep\/wp-json\/wp\/v2\/product\/1309","targetHints":{"allow":["GET"]}}],"collection":[{"href":"https:\/\/www.multifrigo.pl\/sklep\/wp-json\/wp\/v2\/product"}],"about":[{"href":"https:\/\/www.multifrigo.pl\/sklep\/wp-json\/wp\/v2\/types\/product"}],"wp:featuredmedia":[{"embeddable":true,"href":"https:\/\/www.multifrigo.pl\/sklep\/wp-json\/wp\/v2\/media\/1308"}],"wp:attachment":[{"href":"https:\/\/www.multifrigo.pl\/sklep\/wp-json\/wp\/v2\/media?parent=1309"}],"wp:term":[{"taxonomy":"pwb-brand","embeddable":true,"href":"https:\/\/www.multifrigo.pl\/sklep\/wp-json\/wp\/v2\/pwb-brand?post=1309"},{"taxonomy":"product_brand","embeddable":true,"href":"https:\/\/www.multifrigo.pl\/sklep\/wp-json\/wp\/v2\/product_brand?post=1309"},{"taxonomy":"product_cat","embeddable":true,"href":"https:\/\/www.multifrigo.pl\/sklep\/wp-json\/wp\/v2\/product_cat?post=1309"},{"taxonomy":"product_tag","embeddable":true,"href":"https:\/\/www.multifrigo.pl\/sklep\/wp-json\/wp\/v2\/product_tag?post=1309"}],"curies":[{"name":"wp","href":"https:\/\/api.w.org\/{rel}","templated":true}]}}