{"id":1315,"date":"2024-07-02T14:28:56","date_gmt":"2024-07-02T14:28:56","guid":{"rendered":"https:\/\/multifrigo.pl\/sklep\/produkt\/patelnia-do-nalesnikow-nieprzywierajaca-platinum-do-indukcji-o-255-mm-stalgast-032260\/"},"modified":"2025-05-19T11:07:42","modified_gmt":"2025-05-19T11:07:42","slug":"patelnia-do-nalesnikow-nieprzywierajaca-platinum-do-indukcji-o-255-mm-stalgast-032260","status":"publish","type":"product","link":"https:\/\/www.multifrigo.pl\/sklep\/produkt\/patelnia-do-nalesnikow-nieprzywierajaca-platinum-do-indukcji-o-255-mm-stalgast-032260\/","title":{"rendered":"Patelnia do nale\u015bnik\u00f3w, nieprzywieraj\u0105ca, Platinum do indukcji, \u00f8 255 mm | Stalgast 032260"},"content":{"rendered":"<p><LI>\u015brednica spodu patelni 215 mm  <\/p>\n","protected":false},"excerpt":{"rendered":"<p>\u015brednica spodu patelni 215 mm<\/p>\n","protected":false},"featured_media":1314,"template":"","meta":{"_et_pb_use_builder":"","_et_pb_old_content":"","_et_gb_content_width":""},"pwb-brand":[62],"product_brand":[],"product_cat":[76],"product_tag":[],"class_list":{"0":"post-1315","1":"product","2":"type-product","3":"status-publish","4":"has-post-thumbnail","6":"pwb-brand-stalgast","7":"product_cat-patelnie-do-nalesnikow","9":"first","10":"instock","11":"taxable","12":"shipping-taxable","13":"purchasable","14":"product-type-simple"},"brands":[{"id":62,"name":"Stalgast","slug":"stalgast"}],"_links":{"self":[{"href":"https:\/\/www.multifrigo.pl\/sklep\/wp-json\/wp\/v2\/product\/1315","targetHints":{"allow":["GET"]}}],"collection":[{"href":"https:\/\/www.multifrigo.pl\/sklep\/wp-json\/wp\/v2\/product"}],"about":[{"href":"https:\/\/www.multifrigo.pl\/sklep\/wp-json\/wp\/v2\/types\/product"}],"wp:featuredmedia":[{"embeddable":true,"href":"https:\/\/www.multifrigo.pl\/sklep\/wp-json\/wp\/v2\/media\/1314"}],"wp:attachment":[{"href":"https:\/\/www.multifrigo.pl\/sklep\/wp-json\/wp\/v2\/media?parent=1315"}],"wp:term":[{"taxonomy":"pwb-brand","embeddable":true,"href":"https:\/\/www.multifrigo.pl\/sklep\/wp-json\/wp\/v2\/pwb-brand?post=1315"},{"taxonomy":"product_brand","embeddable":true,"href":"https:\/\/www.multifrigo.pl\/sklep\/wp-json\/wp\/v2\/product_brand?post=1315"},{"taxonomy":"product_cat","embeddable":true,"href":"https:\/\/www.multifrigo.pl\/sklep\/wp-json\/wp\/v2\/product_cat?post=1315"},{"taxonomy":"product_tag","embeddable":true,"href":"https:\/\/www.multifrigo.pl\/sklep\/wp-json\/wp\/v2\/product_tag?post=1315"}],"curies":[{"name":"wp","href":"https:\/\/api.w.org\/{rel}","templated":true}]}}