{"id":1505,"date":"2024-07-02T14:33:10","date_gmt":"2024-07-02T14:33:10","guid":{"rendered":"https:\/\/multifrigo.pl\/sklep\/produkt\/pojemnik-termoizolacyjny-czarny-gn-1-1-230-mm-thermo-future-box-056231\/"},"modified":"2025-05-19T11:08:10","modified_gmt":"2025-05-19T11:08:10","slug":"pojemnik-termoizolacyjny-czarny-gn-1-1-230-mm-thermo-future-box-056231","status":"publish","type":"product","link":"https:\/\/www.multifrigo.pl\/sklep\/produkt\/pojemnik-termoizolacyjny-czarny-gn-1-1-230-mm-thermo-future-box-056231\/","title":{"rendered":"Pojemnik termoizolacyjny, czarny, GN 1\/1 230 mm | Thermo Future Box 056231"},"content":{"rendered":"<p><LI>wytrzyma\u0142y materia\u0142 o w\u0142a\u015bciwo\u015bciach spr\u0119\u017cystych, lekki i posiadaj\u0105cy bardzo dobre w\u0142a\u015bciwo\u015bci termoizolacyjne  <LI>przystosowany do transportu potraw w pojemnikach GN  <LI>konstrukcja u\u0142atwiaj\u0105ca otwieranie  <LI>kszta\u0142t wn\u0119trza u\u0142atwiaj\u0105cy wyci\u0105ganie pojemnik\u00f3w GN  <LI>pasuje GN 1\/1 200  <LI>nale\u017cy stosowa\u0107 pojemniki GN ze szczeln\u0105 pokryw\u0105  <LI>grubo\u015b\u0107 \u015bcianki ~ 25 mm  <\/p>\n","protected":false},"excerpt":{"rendered":"<p>wytrzyma\u0142y materia\u0142 o w\u0142a\u015bciwo\u015bciach spr\u0119\u017cystych, lekki i posiadaj\u0105cy bardzo dobre w\u0142a\u015bciwo\u015bci termoizolacyjne przystosowany do transportu potraw w pojemnikach GN konstrukcja u\u0142atwiaj\u0105ca otwieranie kszta\u0142t wn\u0119trza u\u0142atwiaj\u0105cy wyci\u0105ganie pojemnik\u00f3w GN pasuje GN 1\/1 200 nale\u017cy stosowa\u0107 pojemniki GN ze szczeln\u0105 pokryw\u0105 grubo\u015b\u0107 \u015bcianki ~ 25 mm<\/p>\n","protected":false},"featured_media":1504,"template":"","meta":{"_et_pb_use_builder":"","_et_pb_old_content":"","_et_gb_content_width":""},"pwb-brand":[95],"product_brand":[],"product_cat":[84],"product_tag":[],"class_list":{"0":"post-1505","1":"product","2":"type-product","3":"status-publish","4":"has-post-thumbnail","6":"pwb-brand-thermo-future-box","7":"product_cat-pojemniki-termoizolacyjne-gn","9":"first","10":"instock","11":"taxable","12":"shipping-taxable","13":"purchasable","14":"product-type-simple"},"brands":[{"id":95,"name":"Thermo Future Box","slug":"thermo-future-box"}],"_links":{"self":[{"href":"https:\/\/www.multifrigo.pl\/sklep\/wp-json\/wp\/v2\/product\/1505","targetHints":{"allow":["GET"]}}],"collection":[{"href":"https:\/\/www.multifrigo.pl\/sklep\/wp-json\/wp\/v2\/product"}],"about":[{"href":"https:\/\/www.multifrigo.pl\/sklep\/wp-json\/wp\/v2\/types\/product"}],"wp:featuredmedia":[{"embeddable":true,"href":"https:\/\/www.multifrigo.pl\/sklep\/wp-json\/wp\/v2\/media\/1504"}],"wp:attachment":[{"href":"https:\/\/www.multifrigo.pl\/sklep\/wp-json\/wp\/v2\/media?parent=1505"}],"wp:term":[{"taxonomy":"pwb-brand","embeddable":true,"href":"https:\/\/www.multifrigo.pl\/sklep\/wp-json\/wp\/v2\/pwb-brand?post=1505"},{"taxonomy":"product_brand","embeddable":true,"href":"https:\/\/www.multifrigo.pl\/sklep\/wp-json\/wp\/v2\/product_brand?post=1505"},{"taxonomy":"product_cat","embeddable":true,"href":"https:\/\/www.multifrigo.pl\/sklep\/wp-json\/wp\/v2\/product_cat?post=1505"},{"taxonomy":"product_tag","embeddable":true,"href":"https:\/\/www.multifrigo.pl\/sklep\/wp-json\/wp\/v2\/product_tag?post=1505"}],"curies":[{"name":"wp","href":"https:\/\/api.w.org\/{rel}","templated":true}]}}