{"id":1547,"date":"2024-07-02T14:34:09","date_gmt":"2024-07-02T14:34:09","guid":{"rendered":"https:\/\/multifrigo.pl\/sklep\/produkt\/pojemnik-transportowy-do-zywnosci-bialy-v-53-l-stalgast-062531\/"},"modified":"2025-08-30T22:08:37","modified_gmt":"2025-08-30T22:08:37","slug":"pojemnik-transportowy-do-zywnosci-bialy-v-53-l-stalgast-062531","status":"publish","type":"product","link":"https:\/\/www.multifrigo.pl\/sklep\/produkt\/pojemnik-transportowy-do-zywnosci-bialy-v-53-l-stalgast-062531\/","title":{"rendered":"Pojemnik transportowy do \u017cywno\u015bci, bia\u0142y, V 53 l | Stalgast 062531"},"content":{"rendered":"<ul>\n<li>pojemnik do \u017cywno\u015bci ze szczelnie przylegaj\u0105c\u0105 pokryw\u0105<\/li>\n<li>posiada wzmocnion\u0105 podstaw\u0119 i wyprofilowane uchwyty<\/li>\n<li>otwory w uchwytach zapobiegaj\u0105ce pozostawaniu wilgoci po umyciu<\/li>\n<li>odpowiednio wyprofilowane dno i pokrywa umo\u017cliwiaj\u0105ce pi\u0119trowanie<\/li>\n<li>mo\u017cna wstawi\u0107 pojemniki GN 1\/1 200<\/li>\n<\/ul>\n","protected":false},"excerpt":{"rendered":"<p>pojemnik do \u017cywno\u015bci ze szczelnie przylegaj\u0105c\u0105 pokryw\u0105 posiada wzmocnion\u0105 podstaw\u0119 i wyprofilowane uchwyty otwory w uchwytach zapobiegaj\u0105ce pozostawaniu wilgoci po umyciu odpowiednio wyprofilowane dno i pokrywa umo\u017cliwiaj\u0105ce pi\u0119trowanie mo\u017cna wstawi\u0107 pojemniki GN 1\/1 200<\/p>\n","protected":false},"featured_media":1546,"template":"","meta":{"_et_pb_use_builder":"","_et_pb_old_content":"","_et_gb_content_width":""},"pwb-brand":[62],"product_brand":[],"product_cat":[1100,91,1101],"product_tag":[],"class_list":{"0":"post-1547","1":"product","2":"type-product","3":"status-publish","4":"has-post-thumbnail","6":"pwb-brand-stalgast","7":"product_cat-promocje","8":"product_cat-pojemniki-do-zywnosci","9":"product_cat-polecane","11":"first","12":"instock","13":"sale","14":"taxable","15":"shipping-taxable","16":"purchasable","17":"product-type-simple"},"brands":[{"id":62,"name":"Stalgast","slug":"stalgast"}],"_links":{"self":[{"href":"https:\/\/www.multifrigo.pl\/sklep\/wp-json\/wp\/v2\/product\/1547","targetHints":{"allow":["GET"]}}],"collection":[{"href":"https:\/\/www.multifrigo.pl\/sklep\/wp-json\/wp\/v2\/product"}],"about":[{"href":"https:\/\/www.multifrigo.pl\/sklep\/wp-json\/wp\/v2\/types\/product"}],"wp:featuredmedia":[{"embeddable":true,"href":"https:\/\/www.multifrigo.pl\/sklep\/wp-json\/wp\/v2\/media\/1546"}],"wp:attachment":[{"href":"https:\/\/www.multifrigo.pl\/sklep\/wp-json\/wp\/v2\/media?parent=1547"}],"wp:term":[{"taxonomy":"pwb-brand","embeddable":true,"href":"https:\/\/www.multifrigo.pl\/sklep\/wp-json\/wp\/v2\/pwb-brand?post=1547"},{"taxonomy":"product_brand","embeddable":true,"href":"https:\/\/www.multifrigo.pl\/sklep\/wp-json\/wp\/v2\/product_brand?post=1547"},{"taxonomy":"product_cat","embeddable":true,"href":"https:\/\/www.multifrigo.pl\/sklep\/wp-json\/wp\/v2\/product_cat?post=1547"},{"taxonomy":"product_tag","embeddable":true,"href":"https:\/\/www.multifrigo.pl\/sklep\/wp-json\/wp\/v2\/product_tag?post=1547"}],"curies":[{"name":"wp","href":"https:\/\/api.w.org\/{rel}","templated":true}]}}