{"id":1632,"date":"2024-07-02T14:35:50","date_gmt":"2024-07-02T14:35:50","guid":{"rendered":"https:\/\/multifrigo.pl\/sklep\/produkt\/pojemnik-na-odpadki-v-120-l-stalgast-068120\/"},"modified":"2025-05-19T11:08:29","modified_gmt":"2025-05-19T11:08:29","slug":"pojemnik-na-odpadki-v-120-l-stalgast-068120","status":"publish","type":"product","link":"https:\/\/www.multifrigo.pl\/sklep\/produkt\/pojemnik-na-odpadki-v-120-l-stalgast-068120\/","title":{"rendered":"Pojemnik na odpadki, V 120 l | Stalgast 068120"},"content":{"rendered":"<p><LI>pojemnik na odpady  <LI>ergonomiczne uchwyty  <LI>wytrzyma\u0142a konstrukcja  <LI>pasuj\u0105 pokrywy 068121, 068122, 068123  <LI>pasuje podstawa na k\u00f3\u0142kach 068124  <LI>\u015brednica g\u00f3rna z uchwytami &#8211; 630 mm  <\/p>\n","protected":false},"excerpt":{"rendered":"<p>pojemnik na odpady ergonomiczne uchwyty wytrzyma\u0142a konstrukcja pasuj\u0105 pokrywy 068121, 068122, 068123 pasuje podstawa na k\u00f3\u0142kach 068124 \u015brednica g\u00f3rna z uchwytami &#8211; 630 mm<\/p>\n","protected":false},"featured_media":1631,"template":"","meta":{"_et_pb_use_builder":"","_et_pb_old_content":"","_et_gb_content_width":""},"pwb-brand":[62],"product_brand":[],"product_cat":[101],"product_tag":[],"class_list":{"0":"post-1632","1":"product","2":"type-product","3":"status-publish","4":"has-post-thumbnail","6":"pwb-brand-stalgast","7":"product_cat-pojemniki-na-odpady-pojemniki-na-odpady","9":"first","10":"instock","11":"taxable","12":"shipping-taxable","13":"purchasable","14":"product-type-simple"},"brands":[{"id":62,"name":"Stalgast","slug":"stalgast"}],"_links":{"self":[{"href":"https:\/\/www.multifrigo.pl\/sklep\/wp-json\/wp\/v2\/product\/1632","targetHints":{"allow":["GET"]}}],"collection":[{"href":"https:\/\/www.multifrigo.pl\/sklep\/wp-json\/wp\/v2\/product"}],"about":[{"href":"https:\/\/www.multifrigo.pl\/sklep\/wp-json\/wp\/v2\/types\/product"}],"wp:featuredmedia":[{"embeddable":true,"href":"https:\/\/www.multifrigo.pl\/sklep\/wp-json\/wp\/v2\/media\/1631"}],"wp:attachment":[{"href":"https:\/\/www.multifrigo.pl\/sklep\/wp-json\/wp\/v2\/media?parent=1632"}],"wp:term":[{"taxonomy":"pwb-brand","embeddable":true,"href":"https:\/\/www.multifrigo.pl\/sklep\/wp-json\/wp\/v2\/pwb-brand?post=1632"},{"taxonomy":"product_brand","embeddable":true,"href":"https:\/\/www.multifrigo.pl\/sklep\/wp-json\/wp\/v2\/product_brand?post=1632"},{"taxonomy":"product_cat","embeddable":true,"href":"https:\/\/www.multifrigo.pl\/sklep\/wp-json\/wp\/v2\/product_cat?post=1632"},{"taxonomy":"product_tag","embeddable":true,"href":"https:\/\/www.multifrigo.pl\/sklep\/wp-json\/wp\/v2\/product_tag?post=1632"}],"curies":[{"name":"wp","href":"https:\/\/api.w.org\/{rel}","templated":true}]}}