{"id":1637,"date":"2024-07-02T14:35:55","date_gmt":"2024-07-02T14:35:55","guid":{"rendered":"https:\/\/multifrigo.pl\/sklep\/produkt\/podstawa-na-kolkach-do-pojemnika-na-odpadki-068120-stalgast-068124\/"},"modified":"2025-05-19T11:08:30","modified_gmt":"2025-05-19T11:08:30","slug":"podstawa-na-kolkach-do-pojemnika-na-odpadki-068120-stalgast-068124","status":"publish","type":"product","link":"https:\/\/www.multifrigo.pl\/sklep\/produkt\/podstawa-na-kolkach-do-pojemnika-na-odpadki-068120-stalgast-068124\/","title":{"rendered":"Podstawa na k\u00f3\u0142kach do pojemnika na odpadki 068120 | Stalgast 068124"},"content":{"rendered":"<p><LI>no\u015bno\u015b\u0107 podstawy na k\u00f3\u0142kach 200 kg  <LI>pasuje do pojemnika 068120  <\/p>\n","protected":false},"excerpt":{"rendered":"<p>no\u015bno\u015b\u0107 podstawy na k\u00f3\u0142kach 200 kg pasuje do pojemnika 068120<\/p>\n","protected":false},"featured_media":1636,"template":"","meta":{"_et_pb_use_builder":"","_et_pb_old_content":"","_et_gb_content_width":""},"pwb-brand":[62],"product_brand":[],"product_cat":[101],"product_tag":[],"class_list":{"0":"post-1637","1":"product","2":"type-product","3":"status-publish","4":"has-post-thumbnail","6":"pwb-brand-stalgast","7":"product_cat-pojemniki-na-odpady-pojemniki-na-odpady","9":"first","10":"instock","11":"taxable","12":"shipping-taxable","13":"purchasable","14":"product-type-simple"},"brands":[{"id":62,"name":"Stalgast","slug":"stalgast"}],"_links":{"self":[{"href":"https:\/\/www.multifrigo.pl\/sklep\/wp-json\/wp\/v2\/product\/1637","targetHints":{"allow":["GET"]}}],"collection":[{"href":"https:\/\/www.multifrigo.pl\/sklep\/wp-json\/wp\/v2\/product"}],"about":[{"href":"https:\/\/www.multifrigo.pl\/sklep\/wp-json\/wp\/v2\/types\/product"}],"wp:featuredmedia":[{"embeddable":true,"href":"https:\/\/www.multifrigo.pl\/sklep\/wp-json\/wp\/v2\/media\/1636"}],"wp:attachment":[{"href":"https:\/\/www.multifrigo.pl\/sklep\/wp-json\/wp\/v2\/media?parent=1637"}],"wp:term":[{"taxonomy":"pwb-brand","embeddable":true,"href":"https:\/\/www.multifrigo.pl\/sklep\/wp-json\/wp\/v2\/pwb-brand?post=1637"},{"taxonomy":"product_brand","embeddable":true,"href":"https:\/\/www.multifrigo.pl\/sklep\/wp-json\/wp\/v2\/product_brand?post=1637"},{"taxonomy":"product_cat","embeddable":true,"href":"https:\/\/www.multifrigo.pl\/sklep\/wp-json\/wp\/v2\/product_cat?post=1637"},{"taxonomy":"product_tag","embeddable":true,"href":"https:\/\/www.multifrigo.pl\/sklep\/wp-json\/wp\/v2\/product_tag?post=1637"}],"curies":[{"name":"wp","href":"https:\/\/api.w.org\/{rel}","templated":true}]}}