{"id":1645,"date":"2024-07-02T14:36:02","date_gmt":"2024-07-02T14:36:02","guid":{"rendered":"https:\/\/multifrigo.pl\/sklep\/produkt\/kosz-na-smieci-polysk-v-20-l-stalgast-068202\/"},"modified":"2025-05-19T11:08:32","modified_gmt":"2025-05-19T11:08:32","slug":"kosz-na-smieci-polysk-v-20-l-stalgast-068202","status":"publish","type":"product","link":"https:\/\/www.multifrigo.pl\/sklep\/produkt\/kosz-na-smieci-polysk-v-20-l-stalgast-068202\/","title":{"rendered":"Kosz na \u015bmieci, po\u0142ysk, V 20 l | Stalgast 068202"},"content":{"rendered":"<p><LI>mechanizm peda\u0142owy umo\u017cliwia bezdotykowe otwieranie kosza  <LI>wk\u0142ad wewn\u0119trzny wykonany z tworzywa z uchwytem u\u0142atwiajacy wyci\u0105ganie z kosza  <\/p>\n","protected":false},"excerpt":{"rendered":"<p>mechanizm peda\u0142owy umo\u017cliwia bezdotykowe otwieranie kosza wk\u0142ad wewn\u0119trzny wykonany z tworzywa z uchwytem u\u0142atwiajacy wyci\u0105ganie z kosza<\/p>\n","protected":false},"featured_media":1644,"template":"","meta":{"_et_pb_use_builder":"","_et_pb_old_content":"","_et_gb_content_width":""},"pwb-brand":[62],"product_brand":[],"product_cat":[105],"product_tag":[],"class_list":{"0":"post-1645","1":"product","2":"type-product","3":"status-publish","4":"has-post-thumbnail","6":"pwb-brand-stalgast","7":"product_cat-kosze-na-smieci","9":"first","10":"instock","11":"taxable","12":"shipping-taxable","13":"purchasable","14":"product-type-simple"},"brands":[{"id":62,"name":"Stalgast","slug":"stalgast"}],"_links":{"self":[{"href":"https:\/\/www.multifrigo.pl\/sklep\/wp-json\/wp\/v2\/product\/1645","targetHints":{"allow":["GET"]}}],"collection":[{"href":"https:\/\/www.multifrigo.pl\/sklep\/wp-json\/wp\/v2\/product"}],"about":[{"href":"https:\/\/www.multifrigo.pl\/sklep\/wp-json\/wp\/v2\/types\/product"}],"wp:featuredmedia":[{"embeddable":true,"href":"https:\/\/www.multifrigo.pl\/sklep\/wp-json\/wp\/v2\/media\/1644"}],"wp:attachment":[{"href":"https:\/\/www.multifrigo.pl\/sklep\/wp-json\/wp\/v2\/media?parent=1645"}],"wp:term":[{"taxonomy":"pwb-brand","embeddable":true,"href":"https:\/\/www.multifrigo.pl\/sklep\/wp-json\/wp\/v2\/pwb-brand?post=1645"},{"taxonomy":"product_brand","embeddable":true,"href":"https:\/\/www.multifrigo.pl\/sklep\/wp-json\/wp\/v2\/product_brand?post=1645"},{"taxonomy":"product_cat","embeddable":true,"href":"https:\/\/www.multifrigo.pl\/sklep\/wp-json\/wp\/v2\/product_cat?post=1645"},{"taxonomy":"product_tag","embeddable":true,"href":"https:\/\/www.multifrigo.pl\/sklep\/wp-json\/wp\/v2\/product_tag?post=1645"}],"curies":[{"name":"wp","href":"https:\/\/api.w.org\/{rel}","templated":true}]}}