{"id":1647,"date":"2024-07-02T14:36:05","date_gmt":"2024-07-02T14:36:05","guid":{"rendered":"https:\/\/multifrigo.pl\/sklep\/produkt\/kosz-smietniczka-stolowa-v-1-5-l-stalgast-068203\/"},"modified":"2025-05-19T11:08:32","modified_gmt":"2025-05-19T11:08:32","slug":"kosz-smietniczka-stolowa-v-1-5-l-stalgast-068203","status":"publish","type":"product","link":"https:\/\/www.multifrigo.pl\/sklep\/produkt\/kosz-smietniczka-stolowa-v-1-5-l-stalgast-068203\/","title":{"rendered":"Kosz, \u015bmietniczka sto\u0142owa, V 1.5 l | Stalgast 068203"},"content":{"rendered":"<p><LI>pokrywa wahad\u0142owa  <LI>wykonany ze stali nierdzewnej  <\/p>\n","protected":false},"excerpt":{"rendered":"<p>pokrywa wahad\u0142owa wykonany ze stali nierdzewnej<\/p>\n","protected":false},"featured_media":1646,"template":"","meta":{"_et_pb_use_builder":"","_et_pb_old_content":"","_et_gb_content_width":""},"pwb-brand":[62],"product_brand":[],"product_cat":[105],"product_tag":[],"class_list":{"0":"post-1647","1":"product","2":"type-product","3":"status-publish","4":"has-post-thumbnail","6":"pwb-brand-stalgast","7":"product_cat-kosze-na-smieci","9":"first","10":"instock","11":"taxable","12":"shipping-taxable","13":"purchasable","14":"product-type-simple"},"brands":[{"id":62,"name":"Stalgast","slug":"stalgast"}],"_links":{"self":[{"href":"https:\/\/www.multifrigo.pl\/sklep\/wp-json\/wp\/v2\/product\/1647","targetHints":{"allow":["GET"]}}],"collection":[{"href":"https:\/\/www.multifrigo.pl\/sklep\/wp-json\/wp\/v2\/product"}],"about":[{"href":"https:\/\/www.multifrigo.pl\/sklep\/wp-json\/wp\/v2\/types\/product"}],"wp:featuredmedia":[{"embeddable":true,"href":"https:\/\/www.multifrigo.pl\/sklep\/wp-json\/wp\/v2\/media\/1646"}],"wp:attachment":[{"href":"https:\/\/www.multifrigo.pl\/sklep\/wp-json\/wp\/v2\/media?parent=1647"}],"wp:term":[{"taxonomy":"pwb-brand","embeddable":true,"href":"https:\/\/www.multifrigo.pl\/sklep\/wp-json\/wp\/v2\/pwb-brand?post=1647"},{"taxonomy":"product_brand","embeddable":true,"href":"https:\/\/www.multifrigo.pl\/sklep\/wp-json\/wp\/v2\/product_brand?post=1647"},{"taxonomy":"product_cat","embeddable":true,"href":"https:\/\/www.multifrigo.pl\/sklep\/wp-json\/wp\/v2\/product_cat?post=1647"},{"taxonomy":"product_tag","embeddable":true,"href":"https:\/\/www.multifrigo.pl\/sklep\/wp-json\/wp\/v2\/product_tag?post=1647"}],"curies":[{"name":"wp","href":"https:\/\/api.w.org\/{rel}","templated":true}]}}