{"id":1649,"date":"2024-07-02T14:36:06","date_gmt":"2024-07-02T14:36:06","guid":{"rendered":"https:\/\/multifrigo.pl\/sklep\/produkt\/kosz-na-smieci-z-popielniczka-czarny-v-15-l-stalgast-068213\/"},"modified":"2025-05-19T11:08:32","modified_gmt":"2025-05-19T11:08:32","slug":"kosz-na-smieci-z-popielniczka-czarny-v-15-l-stalgast-068213","status":"publish","type":"product","link":"https:\/\/www.multifrigo.pl\/sklep\/produkt\/kosz-na-smieci-z-popielniczka-czarny-v-15-l-stalgast-068213\/","title":{"rendered":"Kosz na \u015bmieci z popielniczka, czarny, V 15 l | Stalgast 068213"},"content":{"rendered":"<p><LI>pojemnik na niedopa\u0142ki  <LI>antypo\u015blizgowa gumowa podstawa poprawiaj\u0105ca stabilno\u015b\u0107 kosza i chroni\u0105ca pod\u0142og\u0119 przed zarysowaniami  <\/p>\n","protected":false},"excerpt":{"rendered":"<p>pojemnik na niedopa\u0142ki antypo\u015blizgowa gumowa podstawa poprawiaj\u0105ca stabilno\u015b\u0107 kosza i chroni\u0105ca pod\u0142og\u0119 przed zarysowaniami<\/p>\n","protected":false},"featured_media":1648,"template":"","meta":{"_et_pb_use_builder":"","_et_pb_old_content":"","_et_gb_content_width":""},"pwb-brand":[62],"product_brand":[],"product_cat":[105],"product_tag":[],"class_list":{"0":"post-1649","1":"product","2":"type-product","3":"status-publish","4":"has-post-thumbnail","6":"pwb-brand-stalgast","7":"product_cat-kosze-na-smieci","9":"first","10":"instock","11":"taxable","12":"shipping-taxable","13":"purchasable","14":"product-type-simple"},"brands":[{"id":62,"name":"Stalgast","slug":"stalgast"}],"_links":{"self":[{"href":"https:\/\/www.multifrigo.pl\/sklep\/wp-json\/wp\/v2\/product\/1649","targetHints":{"allow":["GET"]}}],"collection":[{"href":"https:\/\/www.multifrigo.pl\/sklep\/wp-json\/wp\/v2\/product"}],"about":[{"href":"https:\/\/www.multifrigo.pl\/sklep\/wp-json\/wp\/v2\/types\/product"}],"wp:featuredmedia":[{"embeddable":true,"href":"https:\/\/www.multifrigo.pl\/sklep\/wp-json\/wp\/v2\/media\/1648"}],"wp:attachment":[{"href":"https:\/\/www.multifrigo.pl\/sklep\/wp-json\/wp\/v2\/media?parent=1649"}],"wp:term":[{"taxonomy":"pwb-brand","embeddable":true,"href":"https:\/\/www.multifrigo.pl\/sklep\/wp-json\/wp\/v2\/pwb-brand?post=1649"},{"taxonomy":"product_brand","embeddable":true,"href":"https:\/\/www.multifrigo.pl\/sklep\/wp-json\/wp\/v2\/product_brand?post=1649"},{"taxonomy":"product_cat","embeddable":true,"href":"https:\/\/www.multifrigo.pl\/sklep\/wp-json\/wp\/v2\/product_cat?post=1649"},{"taxonomy":"product_tag","embeddable":true,"href":"https:\/\/www.multifrigo.pl\/sklep\/wp-json\/wp\/v2\/product_tag?post=1649"}],"curies":[{"name":"wp","href":"https:\/\/api.w.org\/{rel}","templated":true}]}}