{"id":1651,"date":"2024-07-02T14:36:08","date_gmt":"2024-07-02T14:36:08","guid":{"rendered":"https:\/\/multifrigo.pl\/sklep\/produkt\/pojemnik-uniwersalny-na-odpadki-thor-szary-v-75-l-stalgast-068754\/"},"modified":"2025-05-19T11:08:33","modified_gmt":"2025-05-19T11:08:33","slug":"pojemnik-uniwersalny-na-odpadki-thor-szary-v-75-l-stalgast-068754","status":"publish","type":"product","link":"https:\/\/www.multifrigo.pl\/sklep\/produkt\/pojemnik-uniwersalny-na-odpadki-thor-szary-v-75-l-stalgast-068754\/","title":{"rendered":"Pojemnik uniwersalny na odpadki, Thor, szary, V 75 l | Stalgast 068754"},"content":{"rendered":"<p><LI>wykonane z bardzo wytrzyma\u0142ego tworzywa  <LI>polecane do zastosowania jako pojemniki na odpady  <LI>posiadaj\u0105 certyfikat kontaktu z \u017cywno\u015bci\u0105, polecane r\u00f3wnie\u017c do zastosowania jako pojemniki do przechowywania \u017cywno\u015bci  <LI>4 rowki do zamocowania work\u00f3w  <LI>zaokr\u0105glone ergonomiczne uchwyty  <LI>wzmocniona wewnetrzna konstrukcja  <LI>odpowiednio wyprofilowane wn\u0119trze pojemnika zapewnia o 50 % \u0142atwiejsze opr\u00f3\u017c\u0144ianie ni\u017c w tradycyjnych pojemnikach na odpady  <LI>stabilna, podw\u00f3jna wzmocniona podstawa  <LI>dzi\u0119ki szerokiej kolorystyce pojemnik\u00f3w mo\u017cliwo\u015b\u0107 zastosowania systemu segregacji odpad\u00f3w  <LI>uchwyty wystaj\u0105 ~ 60 mm  <LI>podana \u015brednica jest ca\u0142kowita  <\/p>\n","protected":false},"excerpt":{"rendered":"<p>wykonane z bardzo wytrzyma\u0142ego tworzywa polecane do zastosowania jako pojemniki na odpady posiadaj\u0105 certyfikat kontaktu z \u017cywno\u015bci\u0105, polecane r\u00f3wnie\u017c do zastosowania jako pojemniki do przechowywania \u017cywno\u015bci 4 rowki do zamocowania work\u00f3w zaokr\u0105glone ergonomiczne uchwyty wzmocniona wewnetrzna konstrukcja odpowiednio wyprofilowane wn\u0119trze pojemnika zapewnia o 50 % \u0142atwiejsze opr\u00f3\u017c\u0144ianie ni\u017c w tradycyjnych pojemnikach na odpady stabilna, podw\u00f3jna [&hellip;]<\/p>\n","protected":false},"featured_media":1650,"template":"","meta":{"_et_pb_use_builder":"","_et_pb_old_content":"","_et_gb_content_width":""},"pwb-brand":[62],"product_brand":[],"product_cat":[101],"product_tag":[],"class_list":{"0":"post-1651","1":"product","2":"type-product","3":"status-publish","4":"has-post-thumbnail","6":"pwb-brand-stalgast","7":"product_cat-pojemniki-na-odpady-pojemniki-na-odpady","9":"first","10":"instock","11":"taxable","12":"shipping-taxable","13":"purchasable","14":"product-type-simple"},"brands":[{"id":62,"name":"Stalgast","slug":"stalgast"}],"_links":{"self":[{"href":"https:\/\/www.multifrigo.pl\/sklep\/wp-json\/wp\/v2\/product\/1651","targetHints":{"allow":["GET"]}}],"collection":[{"href":"https:\/\/www.multifrigo.pl\/sklep\/wp-json\/wp\/v2\/product"}],"about":[{"href":"https:\/\/www.multifrigo.pl\/sklep\/wp-json\/wp\/v2\/types\/product"}],"wp:featuredmedia":[{"embeddable":true,"href":"https:\/\/www.multifrigo.pl\/sklep\/wp-json\/wp\/v2\/media\/1650"}],"wp:attachment":[{"href":"https:\/\/www.multifrigo.pl\/sklep\/wp-json\/wp\/v2\/media?parent=1651"}],"wp:term":[{"taxonomy":"pwb-brand","embeddable":true,"href":"https:\/\/www.multifrigo.pl\/sklep\/wp-json\/wp\/v2\/pwb-brand?post=1651"},{"taxonomy":"product_brand","embeddable":true,"href":"https:\/\/www.multifrigo.pl\/sklep\/wp-json\/wp\/v2\/product_brand?post=1651"},{"taxonomy":"product_cat","embeddable":true,"href":"https:\/\/www.multifrigo.pl\/sklep\/wp-json\/wp\/v2\/product_cat?post=1651"},{"taxonomy":"product_tag","embeddable":true,"href":"https:\/\/www.multifrigo.pl\/sklep\/wp-json\/wp\/v2\/product_tag?post=1651"}],"curies":[{"name":"wp","href":"https:\/\/api.w.org\/{rel}","templated":true}]}}