{"id":1659,"date":"2024-07-02T14:36:14","date_gmt":"2024-07-02T14:36:14","guid":{"rendered":"https:\/\/multifrigo.pl\/sklep\/produkt\/wirowka-do-salaty-stalgast-072190\/"},"modified":"2025-05-19T11:08:35","modified_gmt":"2025-05-19T11:08:35","slug":"wirowka-do-salaty-stalgast-072190","status":"publish","type":"product","link":"https:\/\/www.multifrigo.pl\/sklep\/produkt\/wirowka-do-salaty-stalgast-072190\/","title":{"rendered":"Wir\u00f3wka do sa\u0142aty | Stalgast 072190"},"content":{"rendered":"<p><LI>wykonana z wytrzyma\u0142ego tworzywa sztucznego  <LI>system odprowadzania wody  <LI>wyci\u0105gany kosz  <\/p>\n","protected":false},"excerpt":{"rendered":"<p>wykonana z wytrzyma\u0142ego tworzywa sztucznego system odprowadzania wody wyci\u0105gany kosz<\/p>\n","protected":false},"featured_media":1658,"template":"","meta":{"_et_pb_use_builder":"","_et_pb_old_content":"","_et_gb_content_width":""},"pwb-brand":[62],"product_brand":[],"product_cat":[109],"product_tag":[],"class_list":{"0":"post-1659","1":"product","2":"type-product","3":"status-publish","4":"has-post-thumbnail","6":"pwb-brand-stalgast","7":"product_cat-wirowki-do-salaty","9":"first","10":"instock","11":"taxable","12":"shipping-taxable","13":"purchasable","14":"product-type-simple"},"brands":[{"id":62,"name":"Stalgast","slug":"stalgast"}],"_links":{"self":[{"href":"https:\/\/www.multifrigo.pl\/sklep\/wp-json\/wp\/v2\/product\/1659","targetHints":{"allow":["GET"]}}],"collection":[{"href":"https:\/\/www.multifrigo.pl\/sklep\/wp-json\/wp\/v2\/product"}],"about":[{"href":"https:\/\/www.multifrigo.pl\/sklep\/wp-json\/wp\/v2\/types\/product"}],"wp:featuredmedia":[{"embeddable":true,"href":"https:\/\/www.multifrigo.pl\/sklep\/wp-json\/wp\/v2\/media\/1658"}],"wp:attachment":[{"href":"https:\/\/www.multifrigo.pl\/sklep\/wp-json\/wp\/v2\/media?parent=1659"}],"wp:term":[{"taxonomy":"pwb-brand","embeddable":true,"href":"https:\/\/www.multifrigo.pl\/sklep\/wp-json\/wp\/v2\/pwb-brand?post=1659"},{"taxonomy":"product_brand","embeddable":true,"href":"https:\/\/www.multifrigo.pl\/sklep\/wp-json\/wp\/v2\/product_brand?post=1659"},{"taxonomy":"product_cat","embeddable":true,"href":"https:\/\/www.multifrigo.pl\/sklep\/wp-json\/wp\/v2\/product_cat?post=1659"},{"taxonomy":"product_tag","embeddable":true,"href":"https:\/\/www.multifrigo.pl\/sklep\/wp-json\/wp\/v2\/product_tag?post=1659"}],"curies":[{"name":"wp","href":"https:\/\/api.w.org\/{rel}","templated":true}]}}