{"id":1685,"date":"2024-07-02T14:36:42","date_gmt":"2024-07-02T14:36:42","guid":{"rendered":"https:\/\/multifrigo.pl\/sklep\/produkt\/sito-stalowe-z-podwojna-siatka-o-300-mm-stalgast-074300\/"},"modified":"2025-05-19T11:08:44","modified_gmt":"2025-05-19T11:08:44","slug":"sito-stalowe-z-podwojna-siatka-o-300-mm-stalgast-074300","status":"publish","type":"product","link":"https:\/\/www.multifrigo.pl\/sklep\/produkt\/sito-stalowe-z-podwojna-siatka-o-300-mm-stalgast-074300\/","title":{"rendered":"Sito stalowe z podw\u00f3jn\u0105 siatk\u0105, \u00f8 300 mm | Stalgast 074300"},"content":{"rendered":"<p><LI>r\u0105czka drewniana  <\/p>\n","protected":false},"excerpt":{"rendered":"<p>r\u0105czka drewniana<\/p>\n","protected":false},"featured_media":1684,"template":"","meta":{"_et_pb_use_builder":"","_et_pb_old_content":"","_et_gb_content_width":""},"pwb-brand":[62],"product_brand":[],"product_cat":[113],"product_tag":[],"class_list":{"0":"post-1685","1":"product","2":"type-product","3":"status-publish","4":"has-post-thumbnail","6":"pwb-brand-stalgast","7":"product_cat-sita-z-siatka","9":"first","10":"instock","11":"taxable","12":"shipping-taxable","13":"purchasable","14":"product-type-simple"},"brands":[{"id":62,"name":"Stalgast","slug":"stalgast"}],"_links":{"self":[{"href":"https:\/\/www.multifrigo.pl\/sklep\/wp-json\/wp\/v2\/product\/1685","targetHints":{"allow":["GET"]}}],"collection":[{"href":"https:\/\/www.multifrigo.pl\/sklep\/wp-json\/wp\/v2\/product"}],"about":[{"href":"https:\/\/www.multifrigo.pl\/sklep\/wp-json\/wp\/v2\/types\/product"}],"wp:featuredmedia":[{"embeddable":true,"href":"https:\/\/www.multifrigo.pl\/sklep\/wp-json\/wp\/v2\/media\/1684"}],"wp:attachment":[{"href":"https:\/\/www.multifrigo.pl\/sklep\/wp-json\/wp\/v2\/media?parent=1685"}],"wp:term":[{"taxonomy":"pwb-brand","embeddable":true,"href":"https:\/\/www.multifrigo.pl\/sklep\/wp-json\/wp\/v2\/pwb-brand?post=1685"},{"taxonomy":"product_brand","embeddable":true,"href":"https:\/\/www.multifrigo.pl\/sklep\/wp-json\/wp\/v2\/product_brand?post=1685"},{"taxonomy":"product_cat","embeddable":true,"href":"https:\/\/www.multifrigo.pl\/sklep\/wp-json\/wp\/v2\/product_cat?post=1685"},{"taxonomy":"product_tag","embeddable":true,"href":"https:\/\/www.multifrigo.pl\/sklep\/wp-json\/wp\/v2\/product_tag?post=1685"}],"curies":[{"name":"wp","href":"https:\/\/api.w.org\/{rel}","templated":true}]}}