{"id":1691,"date":"2024-07-02T14:36:48","date_gmt":"2024-07-02T14:36:48","guid":{"rendered":"https:\/\/multifrigo.pl\/sklep\/produkt\/sito-stozkowe-chinskie-z-siatka-o-200-mm-linden-075200\/"},"modified":"2025-05-19T11:08:50","modified_gmt":"2025-05-19T11:08:50","slug":"sito-stozkowe-chinskie-z-siatka-o-200-mm-linden-075200","status":"publish","type":"product","link":"https:\/\/www.multifrigo.pl\/sklep\/produkt\/sito-stozkowe-chinskie-z-siatka-o-200-mm-linden-075200\/","title":{"rendered":"Sito sto\u017ckowe, chi\u0144skie z siatk\u0105, \u00f8 200 mm | Linden 075200"},"content":{"rendered":"<p><LI>wykonany ze stali nierdzewnej  <LI>siatka z g\u0119stymi oczkami idealna do przygotowywania sos\u00f3w, kastard\u00f3w, puree, zup a nawet drink\u00f3w  <\/p>\n","protected":false},"excerpt":{"rendered":"<p>wykonany ze stali nierdzewnej siatka z g\u0119stymi oczkami idealna do przygotowywania sos\u00f3w, kastard\u00f3w, puree, zup a nawet drink\u00f3w<\/p>\n","protected":false},"featured_media":1690,"template":"","meta":{"_et_pb_use_builder":"","_et_pb_old_content":"","_et_gb_content_width":""},"pwb-brand":[116],"product_brand":[],"product_cat":[114],"product_tag":[],"class_list":{"0":"post-1691","1":"product","2":"type-product","3":"status-publish","4":"has-post-thumbnail","6":"pwb-brand-linden","7":"product_cat-sita-stozkowe","9":"first","10":"instock","11":"taxable","12":"shipping-taxable","13":"purchasable","14":"product-type-simple"},"brands":[{"id":116,"name":"Linden","slug":"linden"}],"_links":{"self":[{"href":"https:\/\/www.multifrigo.pl\/sklep\/wp-json\/wp\/v2\/product\/1691","targetHints":{"allow":["GET"]}}],"collection":[{"href":"https:\/\/www.multifrigo.pl\/sklep\/wp-json\/wp\/v2\/product"}],"about":[{"href":"https:\/\/www.multifrigo.pl\/sklep\/wp-json\/wp\/v2\/types\/product"}],"wp:featuredmedia":[{"embeddable":true,"href":"https:\/\/www.multifrigo.pl\/sklep\/wp-json\/wp\/v2\/media\/1690"}],"wp:attachment":[{"href":"https:\/\/www.multifrigo.pl\/sklep\/wp-json\/wp\/v2\/media?parent=1691"}],"wp:term":[{"taxonomy":"pwb-brand","embeddable":true,"href":"https:\/\/www.multifrigo.pl\/sklep\/wp-json\/wp\/v2\/pwb-brand?post=1691"},{"taxonomy":"product_brand","embeddable":true,"href":"https:\/\/www.multifrigo.pl\/sklep\/wp-json\/wp\/v2\/product_brand?post=1691"},{"taxonomy":"product_cat","embeddable":true,"href":"https:\/\/www.multifrigo.pl\/sklep\/wp-json\/wp\/v2\/product_cat?post=1691"},{"taxonomy":"product_tag","embeddable":true,"href":"https:\/\/www.multifrigo.pl\/sklep\/wp-json\/wp\/v2\/product_tag?post=1691"}],"curies":[{"name":"wp","href":"https:\/\/api.w.org\/{rel}","templated":true}]}}