{"id":1700,"date":"2024-07-02T14:36:57","date_gmt":"2024-07-02T14:36:57","guid":{"rendered":"https:\/\/multifrigo.pl\/sklep\/produkt\/sito-stozkowe-chinskie-o-240-mm-stalgast-075241\/"},"modified":"2025-05-19T11:08:53","modified_gmt":"2025-05-19T11:08:53","slug":"sito-stozkowe-chinskie-o-240-mm-stalgast-075241","status":"publish","type":"product","link":"https:\/\/www.multifrigo.pl\/sklep\/produkt\/sito-stozkowe-chinskie-o-240-mm-stalgast-075241\/","title":{"rendered":"Sito sto\u017ckowe, chi\u0144skie, \u00f8 240 mm | Stalgast 075241"},"content":{"rendered":"<p><LI>\u015brednica oczka ~1.8 mm  <\/p>\n","protected":false},"excerpt":{"rendered":"<p>\u015brednica oczka ~1.8 mm<\/p>\n","protected":false},"featured_media":1699,"template":"","meta":{"_et_pb_use_builder":"","_et_pb_old_content":"","_et_gb_content_width":""},"pwb-brand":[62],"product_brand":[],"product_cat":[114],"product_tag":[],"class_list":{"0":"post-1700","1":"product","2":"type-product","3":"status-publish","4":"has-post-thumbnail","6":"pwb-brand-stalgast","7":"product_cat-sita-stozkowe","9":"first","10":"instock","11":"taxable","12":"shipping-taxable","13":"purchasable","14":"product-type-simple"},"brands":[{"id":62,"name":"Stalgast","slug":"stalgast"}],"_links":{"self":[{"href":"https:\/\/www.multifrigo.pl\/sklep\/wp-json\/wp\/v2\/product\/1700","targetHints":{"allow":["GET"]}}],"collection":[{"href":"https:\/\/www.multifrigo.pl\/sklep\/wp-json\/wp\/v2\/product"}],"about":[{"href":"https:\/\/www.multifrigo.pl\/sklep\/wp-json\/wp\/v2\/types\/product"}],"wp:featuredmedia":[{"embeddable":true,"href":"https:\/\/www.multifrigo.pl\/sklep\/wp-json\/wp\/v2\/media\/1699"}],"wp:attachment":[{"href":"https:\/\/www.multifrigo.pl\/sklep\/wp-json\/wp\/v2\/media?parent=1700"}],"wp:term":[{"taxonomy":"pwb-brand","embeddable":true,"href":"https:\/\/www.multifrigo.pl\/sklep\/wp-json\/wp\/v2\/pwb-brand?post=1700"},{"taxonomy":"product_brand","embeddable":true,"href":"https:\/\/www.multifrigo.pl\/sklep\/wp-json\/wp\/v2\/product_brand?post=1700"},{"taxonomy":"product_cat","embeddable":true,"href":"https:\/\/www.multifrigo.pl\/sklep\/wp-json\/wp\/v2\/product_cat?post=1700"},{"taxonomy":"product_tag","embeddable":true,"href":"https:\/\/www.multifrigo.pl\/sklep\/wp-json\/wp\/v2\/product_tag?post=1700"}],"curies":[{"name":"wp","href":"https:\/\/api.w.org\/{rel}","templated":true}]}}