{"id":1789,"date":"2024-07-02T14:38:25","date_gmt":"2024-07-02T14:38:25","guid":{"rendered":"https:\/\/multifrigo.pl\/sklep\/produkt\/wiadro-stalowe-premium-o-305-mm-v-15-l-linden-091151\/"},"modified":"2025-05-19T11:09:23","modified_gmt":"2025-05-19T11:09:23","slug":"wiadro-stalowe-premium-o-305-mm-v-15-l-linden-091151","status":"publish","type":"product","link":"https:\/\/www.multifrigo.pl\/sklep\/produkt\/wiadro-stalowe-premium-o-305-mm-v-15-l-linden-091151\/","title":{"rendered":"Wiadro stalowe, Premium, \u00f8 305 mm, V 15 l | Linden 091151"},"content":{"rendered":"<p><LI>wiadro bez pier\u015bcienia  <LI>podzia\u0142ka wewn\u0105trz wiadra  <LI>\u015brednica podstawy 200 mm  <LI>pasuje pokrywa 093151  <\/p>\n","protected":false},"excerpt":{"rendered":"<p>wiadro bez pier\u015bcienia podzia\u0142ka wewn\u0105trz wiadra \u015brednica podstawy 200 mm pasuje pokrywa 093151<\/p>\n","protected":false},"featured_media":1788,"template":"","meta":{"_et_pb_use_builder":"","_et_pb_old_content":"","_et_gb_content_width":""},"pwb-brand":[116],"product_brand":[],"product_cat":[120],"product_tag":[],"class_list":{"0":"post-1789","1":"product","2":"type-product","3":"status-publish","4":"has-post-thumbnail","6":"pwb-brand-linden","7":"product_cat-wiadra-metalowe","9":"first","10":"instock","11":"taxable","12":"shipping-taxable","13":"purchasable","14":"product-type-simple"},"brands":[{"id":116,"name":"Linden","slug":"linden"}],"_links":{"self":[{"href":"https:\/\/www.multifrigo.pl\/sklep\/wp-json\/wp\/v2\/product\/1789","targetHints":{"allow":["GET"]}}],"collection":[{"href":"https:\/\/www.multifrigo.pl\/sklep\/wp-json\/wp\/v2\/product"}],"about":[{"href":"https:\/\/www.multifrigo.pl\/sklep\/wp-json\/wp\/v2\/types\/product"}],"wp:featuredmedia":[{"embeddable":true,"href":"https:\/\/www.multifrigo.pl\/sklep\/wp-json\/wp\/v2\/media\/1788"}],"wp:attachment":[{"href":"https:\/\/www.multifrigo.pl\/sklep\/wp-json\/wp\/v2\/media?parent=1789"}],"wp:term":[{"taxonomy":"pwb-brand","embeddable":true,"href":"https:\/\/www.multifrigo.pl\/sklep\/wp-json\/wp\/v2\/pwb-brand?post=1789"},{"taxonomy":"product_brand","embeddable":true,"href":"https:\/\/www.multifrigo.pl\/sklep\/wp-json\/wp\/v2\/product_brand?post=1789"},{"taxonomy":"product_cat","embeddable":true,"href":"https:\/\/www.multifrigo.pl\/sklep\/wp-json\/wp\/v2\/product_cat?post=1789"},{"taxonomy":"product_tag","embeddable":true,"href":"https:\/\/www.multifrigo.pl\/sklep\/wp-json\/wp\/v2\/product_tag?post=1789"}],"curies":[{"name":"wp","href":"https:\/\/api.w.org\/{rel}","templated":true}]}}