{"id":1791,"date":"2024-07-02T14:38:27","date_gmt":"2024-07-02T14:38:27","guid":{"rendered":"https:\/\/multifrigo.pl\/sklep\/produkt\/wiadro-stalowe-o-300-mm-v-15-l-stalgast-091153\/"},"modified":"2025-05-19T11:09:25","modified_gmt":"2025-05-19T11:09:25","slug":"wiadro-stalowe-o-300-mm-v-15-l-stalgast-091153","status":"publish","type":"product","link":"https:\/\/www.multifrigo.pl\/sklep\/produkt\/wiadro-stalowe-o-300-mm-v-15-l-stalgast-091153\/","title":{"rendered":"Wiadro stalowe, \u00f8 300 mm, V 15 l | Stalgast 091153"},"content":{"rendered":"<p><LI>wysoko\u015b\u0107 z uchem 370 mm  <LI>podzia\u0142ka wewn\u0105trz wiadra  <LI>\u015brednica zewn\u0119trzna g\u00f3rna 320 mm  <\/p>\n","protected":false},"excerpt":{"rendered":"<p>wysoko\u015b\u0107 z uchem 370 mm podzia\u0142ka wewn\u0105trz wiadra \u015brednica zewn\u0119trzna g\u00f3rna 320 mm<\/p>\n","protected":false},"featured_media":1790,"template":"","meta":{"_et_pb_use_builder":"","_et_pb_old_content":"","_et_gb_content_width":""},"pwb-brand":[62],"product_brand":[],"product_cat":[120],"product_tag":[],"class_list":{"0":"post-1791","1":"product","2":"type-product","3":"status-publish","4":"has-post-thumbnail","6":"pwb-brand-stalgast","7":"product_cat-wiadra-metalowe","9":"first","10":"instock","11":"taxable","12":"shipping-taxable","13":"purchasable","14":"product-type-simple"},"brands":[{"id":62,"name":"Stalgast","slug":"stalgast"}],"_links":{"self":[{"href":"https:\/\/www.multifrigo.pl\/sklep\/wp-json\/wp\/v2\/product\/1791","targetHints":{"allow":["GET"]}}],"collection":[{"href":"https:\/\/www.multifrigo.pl\/sklep\/wp-json\/wp\/v2\/product"}],"about":[{"href":"https:\/\/www.multifrigo.pl\/sklep\/wp-json\/wp\/v2\/types\/product"}],"wp:featuredmedia":[{"embeddable":true,"href":"https:\/\/www.multifrigo.pl\/sklep\/wp-json\/wp\/v2\/media\/1790"}],"wp:attachment":[{"href":"https:\/\/www.multifrigo.pl\/sklep\/wp-json\/wp\/v2\/media?parent=1791"}],"wp:term":[{"taxonomy":"pwb-brand","embeddable":true,"href":"https:\/\/www.multifrigo.pl\/sklep\/wp-json\/wp\/v2\/pwb-brand?post=1791"},{"taxonomy":"product_brand","embeddable":true,"href":"https:\/\/www.multifrigo.pl\/sklep\/wp-json\/wp\/v2\/product_brand?post=1791"},{"taxonomy":"product_cat","embeddable":true,"href":"https:\/\/www.multifrigo.pl\/sklep\/wp-json\/wp\/v2\/product_cat?post=1791"},{"taxonomy":"product_tag","embeddable":true,"href":"https:\/\/www.multifrigo.pl\/sklep\/wp-json\/wp\/v2\/product_tag?post=1791"}],"curies":[{"name":"wp","href":"https:\/\/api.w.org\/{rel}","templated":true}]}}