{"id":1813,"date":"2024-07-02T14:38:45","date_gmt":"2024-07-02T14:38:45","guid":{"rendered":"https:\/\/multifrigo.pl\/sklep\/produkt\/wiadro-z-tworzywa-v-10-l-araven-094100\/"},"modified":"2025-05-19T11:09:35","modified_gmt":"2025-05-19T11:09:35","slug":"wiadro-z-tworzywa-v-10-l-araven-094100","status":"publish","type":"product","link":"https:\/\/www.multifrigo.pl\/sklep\/produkt\/wiadro-z-tworzywa-v-10-l-araven-094100\/","title":{"rendered":"Wiadro z tworzywa, V 10 l | Araven 094100"},"content":{"rendered":"<p><LI>wiadro wykonane z wytrzyma\u0142ego polietylenu w kolorze bia\u0142ym  <LI>wykonany z materia\u0142u nie absorbuj\u0105cego zapach\u00f3w oraz smak\u00f3w  <LI>wytrzyma\u0142o\u015b\u0107 termiczna od -40\u00b0C do 90 \u00b0C  <LI>bez pokrywy  <LI>wewn\u0105trz podzia\u0142ka na 10l, pojemno\u015b\u0107 ca\u0142kowita 12l  <\/p>\n","protected":false},"excerpt":{"rendered":"<p>wiadro wykonane z wytrzyma\u0142ego polietylenu w kolorze bia\u0142ym wykonany z materia\u0142u nie absorbuj\u0105cego zapach\u00f3w oraz smak\u00f3w wytrzyma\u0142o\u015b\u0107 termiczna od -40\u00b0C do 90 \u00b0C bez pokrywy wewn\u0105trz podzia\u0142ka na 10l, pojemno\u015b\u0107 ca\u0142kowita 12l<\/p>\n","protected":false},"featured_media":1812,"template":"","meta":{"_et_pb_use_builder":"","_et_pb_old_content":"","_et_gb_content_width":""},"pwb-brand":[106],"product_brand":[],"product_cat":[122],"product_tag":[],"class_list":{"0":"post-1813","1":"product","2":"type-product","3":"status-publish","4":"has-post-thumbnail","6":"pwb-brand-araven","7":"product_cat-wiadra-z-tworzywa","9":"first","10":"instock","11":"taxable","12":"shipping-taxable","13":"purchasable","14":"product-type-simple"},"brands":[{"id":106,"name":"Araven","slug":"araven"}],"_links":{"self":[{"href":"https:\/\/www.multifrigo.pl\/sklep\/wp-json\/wp\/v2\/product\/1813","targetHints":{"allow":["GET"]}}],"collection":[{"href":"https:\/\/www.multifrigo.pl\/sklep\/wp-json\/wp\/v2\/product"}],"about":[{"href":"https:\/\/www.multifrigo.pl\/sklep\/wp-json\/wp\/v2\/types\/product"}],"wp:featuredmedia":[{"embeddable":true,"href":"https:\/\/www.multifrigo.pl\/sklep\/wp-json\/wp\/v2\/media\/1812"}],"wp:attachment":[{"href":"https:\/\/www.multifrigo.pl\/sklep\/wp-json\/wp\/v2\/media?parent=1813"}],"wp:term":[{"taxonomy":"pwb-brand","embeddable":true,"href":"https:\/\/www.multifrigo.pl\/sklep\/wp-json\/wp\/v2\/pwb-brand?post=1813"},{"taxonomy":"product_brand","embeddable":true,"href":"https:\/\/www.multifrigo.pl\/sklep\/wp-json\/wp\/v2\/product_brand?post=1813"},{"taxonomy":"product_cat","embeddable":true,"href":"https:\/\/www.multifrigo.pl\/sklep\/wp-json\/wp\/v2\/product_cat?post=1813"},{"taxonomy":"product_tag","embeddable":true,"href":"https:\/\/www.multifrigo.pl\/sklep\/wp-json\/wp\/v2\/product_tag?post=1813"}],"curies":[{"name":"wp","href":"https:\/\/api.w.org\/{rel}","templated":true}]}}