{"id":1817,"date":"2024-07-02T14:38:49","date_gmt":"2024-07-02T14:38:49","guid":{"rendered":"https:\/\/multifrigo.pl\/sklep\/produkt\/forma-do-terrin-trojkat-400x50x40-mm-stalgast-098020\/"},"modified":"2025-05-19T11:09:37","modified_gmt":"2025-05-19T11:09:37","slug":"forma-do-terrin-trojkat-400x50x40-mm-stalgast-098020","status":"publish","type":"product","link":"https:\/\/www.multifrigo.pl\/sklep\/produkt\/forma-do-terrin-trojkat-400x50x40-mm-stalgast-098020\/","title":{"rendered":"Forma do terrin, tr\u00f3jk\u0105t, 400x50x40 mm | Stalgast 098020"},"content":{"rendered":"<p><LI>kszta\u0142t tr\u00f3jk\u0105t  <\/p>\n","protected":false},"excerpt":{"rendered":"<p>kszta\u0142t tr\u00f3jk\u0105t<\/p>\n","protected":false},"featured_media":1816,"template":"","meta":{"_et_pb_use_builder":"","_et_pb_old_content":"","_et_gb_content_width":""},"pwb-brand":[62],"product_brand":[],"product_cat":[126],"product_tag":[],"class_list":{"0":"post-1817","1":"product","2":"type-product","3":"status-publish","4":"has-post-thumbnail","6":"pwb-brand-stalgast","7":"product_cat-formy-do-pieczenia-formy-do-pieczenia","9":"first","10":"instock","11":"taxable","12":"shipping-taxable","13":"purchasable","14":"product-type-simple"},"brands":[{"id":62,"name":"Stalgast","slug":"stalgast"}],"_links":{"self":[{"href":"https:\/\/www.multifrigo.pl\/sklep\/wp-json\/wp\/v2\/product\/1817","targetHints":{"allow":["GET"]}}],"collection":[{"href":"https:\/\/www.multifrigo.pl\/sklep\/wp-json\/wp\/v2\/product"}],"about":[{"href":"https:\/\/www.multifrigo.pl\/sklep\/wp-json\/wp\/v2\/types\/product"}],"wp:featuredmedia":[{"embeddable":true,"href":"https:\/\/www.multifrigo.pl\/sklep\/wp-json\/wp\/v2\/media\/1816"}],"wp:attachment":[{"href":"https:\/\/www.multifrigo.pl\/sklep\/wp-json\/wp\/v2\/media?parent=1817"}],"wp:term":[{"taxonomy":"pwb-brand","embeddable":true,"href":"https:\/\/www.multifrigo.pl\/sklep\/wp-json\/wp\/v2\/pwb-brand?post=1817"},{"taxonomy":"product_brand","embeddable":true,"href":"https:\/\/www.multifrigo.pl\/sklep\/wp-json\/wp\/v2\/product_brand?post=1817"},{"taxonomy":"product_cat","embeddable":true,"href":"https:\/\/www.multifrigo.pl\/sklep\/wp-json\/wp\/v2\/product_cat?post=1817"},{"taxonomy":"product_tag","embeddable":true,"href":"https:\/\/www.multifrigo.pl\/sklep\/wp-json\/wp\/v2\/product_tag?post=1817"}],"curies":[{"name":"wp","href":"https:\/\/api.w.org\/{rel}","templated":true}]}}