{"id":18494,"date":"2024-07-04T12:26:30","date_gmt":"2024-07-04T12:26:30","guid":{"rendered":"https:\/\/multifrigo.pl\/sklep\/?post_type=product&#038;p=18494"},"modified":"2025-08-07T09:11:01","modified_gmt":"2025-08-07T09:11:01","slug":"segmenty-scierne-do-ziemniakow-kpl-spomasz-naklo-ozp15-4-4-1-09-z","status":"publish","type":"product","link":"https:\/\/www.multifrigo.pl\/sklep\/produkt\/segmenty-scierne-do-ziemniakow-kpl-spomasz-naklo-ozp15-4-4-1-09-z\/","title":{"rendered":"Segmenty \u015bcierne do ziemniak\u00f3w (kpl.) | Spomasz Nak\u0142o OZP15.4-4-1-09\/Z"},"content":{"rendered":"<p>Segmenty \u015bcierne kpl. do ziemniak\u00f3w OZP15.4-4-1-09\/Z0<\/p>\n","protected":false},"excerpt":{"rendered":"<p>Segmenty \u015bcierne kpl. do ziemniak\u00f3w OZP15.4-4-1-09\/Z0<\/p>\n","protected":false},"featured_media":18540,"template":"","meta":{"_et_pb_use_builder":"","_et_pb_old_content":"","_et_gb_content_width":""},"pwb-brand":[654],"product_brand":[],"product_cat":[650],"product_tag":[],"class_list":{"0":"post-18494","1":"product","2":"type-product","3":"status-publish","4":"has-post-thumbnail","6":"pwb-brand-spomasz-naklo","7":"product_cat-akcesoria-do-obieraczek","9":"first","10":"instock","11":"taxable","12":"shipping-taxable","13":"purchasable","14":"product-type-simple"},"brands":[{"id":654,"name":"Spomasz Nak\u0142o","slug":"spomasz-naklo"}],"_links":{"self":[{"href":"https:\/\/www.multifrigo.pl\/sklep\/wp-json\/wp\/v2\/product\/18494","targetHints":{"allow":["GET"]}}],"collection":[{"href":"https:\/\/www.multifrigo.pl\/sklep\/wp-json\/wp\/v2\/product"}],"about":[{"href":"https:\/\/www.multifrigo.pl\/sklep\/wp-json\/wp\/v2\/types\/product"}],"wp:featuredmedia":[{"embeddable":true,"href":"https:\/\/www.multifrigo.pl\/sklep\/wp-json\/wp\/v2\/media\/18540"}],"wp:attachment":[{"href":"https:\/\/www.multifrigo.pl\/sklep\/wp-json\/wp\/v2\/media?parent=18494"}],"wp:term":[{"taxonomy":"pwb-brand","embeddable":true,"href":"https:\/\/www.multifrigo.pl\/sklep\/wp-json\/wp\/v2\/pwb-brand?post=18494"},{"taxonomy":"product_brand","embeddable":true,"href":"https:\/\/www.multifrigo.pl\/sklep\/wp-json\/wp\/v2\/product_brand?post=18494"},{"taxonomy":"product_cat","embeddable":true,"href":"https:\/\/www.multifrigo.pl\/sklep\/wp-json\/wp\/v2\/product_cat?post=18494"},{"taxonomy":"product_tag","embeddable":true,"href":"https:\/\/www.multifrigo.pl\/sklep\/wp-json\/wp\/v2\/product_tag?post=18494"}],"curies":[{"name":"wp","href":"https:\/\/api.w.org\/{rel}","templated":true}]}}