{"id":18497,"date":"2024-07-04T12:26:31","date_gmt":"2024-07-04T12:26:31","guid":{"rendered":"https:\/\/multifrigo.pl\/sklep\/?post_type=product&#038;p=18497"},"modified":"2025-08-07T09:11:07","modified_gmt":"2025-08-07T09:11:07","slug":"talerz-obieraczki-do-ziemniakow-ow10-spomasz-naklo-gas-01-001-5","status":"publish","type":"product","link":"https:\/\/www.multifrigo.pl\/sklep\/produkt\/talerz-obieraczki-do-ziemniakow-ow10-spomasz-naklo-gas-01-001-5\/","title":{"rendered":"Talerz obieraczki do ziemniak\u00f3w OW10 | Spomasz Nak\u0142o GAS-01-001-5"},"content":{"rendered":"<p>Talerz obieraczki do ziemniak\u00f3w OW10 GAS-01-001-50<\/p>\n","protected":false},"excerpt":{"rendered":"<p>Talerz obieraczki do ziemniak\u00f3w OW10 GAS-01-001-50<\/p>\n","protected":false},"featured_media":0,"template":"","meta":{"_et_pb_use_builder":"","_et_pb_old_content":"","_et_gb_content_width":""},"pwb-brand":[654],"product_brand":[],"product_cat":[650],"product_tag":[],"class_list":{"0":"post-18497","1":"product","2":"type-product","3":"status-publish","5":"pwb-brand-spomasz-naklo","6":"product_cat-akcesoria-do-obieraczek","8":"first","9":"instock","10":"taxable","11":"shipping-taxable","12":"purchasable","13":"product-type-simple"},"brands":[{"id":654,"name":"Spomasz Nak\u0142o","slug":"spomasz-naklo"}],"_links":{"self":[{"href":"https:\/\/www.multifrigo.pl\/sklep\/wp-json\/wp\/v2\/product\/18497","targetHints":{"allow":["GET"]}}],"collection":[{"href":"https:\/\/www.multifrigo.pl\/sklep\/wp-json\/wp\/v2\/product"}],"about":[{"href":"https:\/\/www.multifrigo.pl\/sklep\/wp-json\/wp\/v2\/types\/product"}],"wp:attachment":[{"href":"https:\/\/www.multifrigo.pl\/sklep\/wp-json\/wp\/v2\/media?parent=18497"}],"wp:term":[{"taxonomy":"pwb-brand","embeddable":true,"href":"https:\/\/www.multifrigo.pl\/sklep\/wp-json\/wp\/v2\/pwb-brand?post=18497"},{"taxonomy":"product_brand","embeddable":true,"href":"https:\/\/www.multifrigo.pl\/sklep\/wp-json\/wp\/v2\/product_brand?post=18497"},{"taxonomy":"product_cat","embeddable":true,"href":"https:\/\/www.multifrigo.pl\/sklep\/wp-json\/wp\/v2\/product_cat?post=18497"},{"taxonomy":"product_tag","embeddable":true,"href":"https:\/\/www.multifrigo.pl\/sklep\/wp-json\/wp\/v2\/product_tag?post=18497"}],"curies":[{"name":"wp","href":"https:\/\/api.w.org\/{rel}","templated":true}]}}