{"id":18499,"date":"2024-07-04T12:26:31","date_gmt":"2024-07-04T12:26:31","guid":{"rendered":"https:\/\/multifrigo.pl\/sklep\/?post_type=product&#038;p=18499"},"modified":"2025-08-07T09:10:33","modified_gmt":"2025-08-07T09:10:33","slug":"obieraczka-do-cebuli-nierdzewna-spomasz-naklo-oz8c","status":"publish","type":"product","link":"https:\/\/www.multifrigo.pl\/sklep\/produkt\/obieraczka-do-cebuli-nierdzewna-spomasz-naklo-oz8c\/","title":{"rendered":"Obieraczka do cebuli &#8211; nierdzewna | Spomasz Nak\u0142o OZ8C"},"content":{"rendered":"<p>Obieraczka do cebuli OZ8C wykonana ze stali nierdzewnej, zosta\u0142a specjalnie przystosowana do obierania cebuli. Odpowiednio dobrane powierzchnie \u015bcierne wewn\u0105trz komory obieraj\u0105cej oraz specjalny talerz \u015bcierny pozwalaj\u0105 na obranie cebuli. Du\u017cy wysyp obierzyn umo\u017cliwia ich sprawne usuni\u0119cie z b\u0119bna urz\u0105dzenia.<LI>wykonana ze stali nierdzewnej <LI>unikalne korundowe tarcze i segmenty \u015bcierne zapewniaj\u0105ce dok\u0142adne obieranie warzyw <LI>talerz i segmenty do ziemniak\u00f3w w komplecie z obieraczk\u0105 <LI>talerz i segmenty do marchwi i cebuli sprzedawane alternatywnie w zestawie: <LI>na\u015bcienny zesp\u00f3\u0142 zasilaj\u0105cy z gniazdem i zabezpieczeniem silnika <LI>rura odp\u0142ywowa, sci\u0105gacz talerza separator obierzyn dost\u0119pny oddzielnie<\/p>\n","protected":false},"excerpt":{"rendered":"<p>Obieraczka do cebuli OZ8C wykonana ze stali nierdzewnej, zosta\u0142a specjalnie przystosowana do obierania cebuli. Odpowiednio dobrane powierzchnie \u015bcierne wewn\u0105trz komory obieraj\u0105cej oraz specjalny talerz \u015bcierny pozwalaj\u0105 na obranie cebuli. Du\u017cy wysyp obierzyn umo\u017cliwia ich sprawne usuni\u0119cie z b\u0119bna urz\u0105dzenia.wykonana ze stali nierdzewnej unikalne korundowe tarcze i segmenty \u015bcierne zapewniaj\u0105ce dok\u0142adne obieranie warzyw talerz i segmenty [&hellip;]<\/p>\n","protected":false},"featured_media":18532,"template":"","meta":{"_et_pb_use_builder":"","_et_pb_old_content":"","_et_gb_content_width":""},"pwb-brand":[654],"product_brand":[],"product_cat":[648],"product_tag":[],"class_list":{"0":"post-18499","1":"product","2":"type-product","3":"status-publish","4":"has-post-thumbnail","6":"pwb-brand-spomasz-naklo","7":"product_cat-obieraczki-do-cebuli","9":"first","10":"instock","11":"taxable","12":"shipping-taxable","13":"purchasable","14":"product-type-simple"},"brands":[{"id":654,"name":"Spomasz Nak\u0142o","slug":"spomasz-naklo"}],"_links":{"self":[{"href":"https:\/\/www.multifrigo.pl\/sklep\/wp-json\/wp\/v2\/product\/18499","targetHints":{"allow":["GET"]}}],"collection":[{"href":"https:\/\/www.multifrigo.pl\/sklep\/wp-json\/wp\/v2\/product"}],"about":[{"href":"https:\/\/www.multifrigo.pl\/sklep\/wp-json\/wp\/v2\/types\/product"}],"wp:featuredmedia":[{"embeddable":true,"href":"https:\/\/www.multifrigo.pl\/sklep\/wp-json\/wp\/v2\/media\/18532"}],"wp:attachment":[{"href":"https:\/\/www.multifrigo.pl\/sklep\/wp-json\/wp\/v2\/media?parent=18499"}],"wp:term":[{"taxonomy":"pwb-brand","embeddable":true,"href":"https:\/\/www.multifrigo.pl\/sklep\/wp-json\/wp\/v2\/pwb-brand?post=18499"},{"taxonomy":"product_brand","embeddable":true,"href":"https:\/\/www.multifrigo.pl\/sklep\/wp-json\/wp\/v2\/product_brand?post=18499"},{"taxonomy":"product_cat","embeddable":true,"href":"https:\/\/www.multifrigo.pl\/sklep\/wp-json\/wp\/v2\/product_cat?post=18499"},{"taxonomy":"product_tag","embeddable":true,"href":"https:\/\/www.multifrigo.pl\/sklep\/wp-json\/wp\/v2\/product_tag?post=18499"}],"curies":[{"name":"wp","href":"https:\/\/api.w.org\/{rel}","templated":true}]}}