{"id":18501,"date":"2024-07-04T12:26:31","date_gmt":"2024-07-04T12:26:31","guid":{"rendered":"https:\/\/multifrigo.pl\/sklep\/?post_type=product&#038;p=18501"},"modified":"2025-08-07T09:10:38","modified_gmt":"2025-08-07T09:10:38","slug":"obieraczka-do-ziemniakow-podwojna-nierdzewna-spomasz-naklo-oz15nx2","status":"publish","type":"product","link":"https:\/\/www.multifrigo.pl\/sklep\/produkt\/obieraczka-do-ziemniakow-podwojna-nierdzewna-spomasz-naklo-oz15nx2\/","title":{"rendered":"Obieraczka do ziemniak\u00f3w &#8211; podw\u00f3jna nierdzewna | Spomasz Nak\u0142o OZ15Nx2"},"content":{"rendered":"<p>Dwukomorowa obieraczka do ziemniak\u00f3w OZ15Nx2 wykonana ze stali nierdzewnej s\u0142u\u017cy do obierania ziemniak\u00f3w oraz innych twardych warzyw. Urz\u0105dzenie eliminuje pracoch\u0142onny proces obierania dzi\u0119ki zastosowaniu specjalnie zaprojektowanych element\u00f3w \u015bciernych. Obieraczka posiada dwie komory obieraj\u0105ce dzi\u0119ki kt\u00f3rym wydajno\u015b\u0107 urz\u0105dzenia wynosi do 500 kg\/h.<LI>wykonana ze stali nierdzewnej <LI>unikalne korundowe tarcze i segmenty \u015bcierne zapewniaj\u0105ce dok\u0142adne obieranie warzyw <LI>talerz i segmenty do ziemniak\u00f3w w komplecie z obieraczk\u0105 <LI>talerz i segmenty do marchwi i cebuli sprzedawane alternatywnie w zestawie: <LI>na\u015bcienny zesp\u00f3\u0142 zasilaj\u0105cy z gniazdem i zabezpieczeniem silnika <LI>rura odp\u0142ywowa, sci\u0105gacz talerza separator obierzyn dost\u0119pny oddzielnie<\/p>\n","protected":false},"excerpt":{"rendered":"<p>Dwukomorowa obieraczka do ziemniak\u00f3w OZ15Nx2 wykonana ze stali nierdzewnej s\u0142u\u017cy do obierania ziemniak\u00f3w oraz innych twardych warzyw. Urz\u0105dzenie eliminuje pracoch\u0142onny proces obierania dzi\u0119ki zastosowaniu specjalnie zaprojektowanych element\u00f3w \u015bciernych. Obieraczka posiada dwie komory obieraj\u0105ce dzi\u0119ki kt\u00f3rym wydajno\u015b\u0107 urz\u0105dzenia wynosi do 500 kg\/h.wykonana ze stali nierdzewnej unikalne korundowe tarcze i segmenty \u015bcierne zapewniaj\u0105ce dok\u0142adne obieranie warzyw talerz [&hellip;]<\/p>\n","protected":false},"featured_media":18534,"template":"","meta":{"_et_pb_use_builder":"","_et_pb_old_content":"","_et_gb_content_width":""},"pwb-brand":[654],"product_brand":[],"product_cat":[488],"product_tag":[],"class_list":{"0":"post-18501","1":"product","2":"type-product","3":"status-publish","4":"has-post-thumbnail","6":"pwb-brand-spomasz-naklo","7":"product_cat-obieraczki-do-ziemniakow","9":"first","10":"instock","11":"taxable","12":"shipping-taxable","13":"purchasable","14":"product-type-simple"},"brands":[{"id":654,"name":"Spomasz Nak\u0142o","slug":"spomasz-naklo"}],"_links":{"self":[{"href":"https:\/\/www.multifrigo.pl\/sklep\/wp-json\/wp\/v2\/product\/18501","targetHints":{"allow":["GET"]}}],"collection":[{"href":"https:\/\/www.multifrigo.pl\/sklep\/wp-json\/wp\/v2\/product"}],"about":[{"href":"https:\/\/www.multifrigo.pl\/sklep\/wp-json\/wp\/v2\/types\/product"}],"wp:featuredmedia":[{"embeddable":true,"href":"https:\/\/www.multifrigo.pl\/sklep\/wp-json\/wp\/v2\/media\/18534"}],"wp:attachment":[{"href":"https:\/\/www.multifrigo.pl\/sklep\/wp-json\/wp\/v2\/media?parent=18501"}],"wp:term":[{"taxonomy":"pwb-brand","embeddable":true,"href":"https:\/\/www.multifrigo.pl\/sklep\/wp-json\/wp\/v2\/pwb-brand?post=18501"},{"taxonomy":"product_brand","embeddable":true,"href":"https:\/\/www.multifrigo.pl\/sklep\/wp-json\/wp\/v2\/product_brand?post=18501"},{"taxonomy":"product_cat","embeddable":true,"href":"https:\/\/www.multifrigo.pl\/sklep\/wp-json\/wp\/v2\/product_cat?post=18501"},{"taxonomy":"product_tag","embeddable":true,"href":"https:\/\/www.multifrigo.pl\/sklep\/wp-json\/wp\/v2\/product_tag?post=18501"}],"curies":[{"name":"wp","href":"https:\/\/api.w.org\/{rel}","templated":true}]}}