{"id":18502,"date":"2024-07-04T12:26:31","date_gmt":"2024-07-04T12:26:31","guid":{"rendered":"https:\/\/multifrigo.pl\/sklep\/?post_type=product&#038;p=18502"},"modified":"2025-08-07T09:10:44","modified_gmt":"2025-08-07T09:10:44","slug":"obieraczko-polerka-warzyw-spomasz-naklo-opw15","status":"publish","type":"product","link":"https:\/\/www.multifrigo.pl\/sklep\/produkt\/obieraczko-polerka-warzyw-spomasz-naklo-opw15\/","title":{"rendered":"Obieraczko- polerka warzyw | Spomasz Nak\u0142o OPW15"},"content":{"rendered":"<p>Obieraczko-polerka do warzyw OPW15 jest urz\u0105dzeniem s\u0142u\u017c\u0105cym do obierania (skrobania): ziemniak\u00f3w, marchwi, burak\u00f3w itp. Eliminuje pracoch\u0142onny proces jakim jest obieranie r\u0119czne. Dzi\u0119ku zastosowaniu 2 r\u00f3\u017cnych rodzaj\u00f3w element\u00f3w \u015bciernych produkt ko\u0144cowy zyskuje g\u0142adk\u0105 powierzchni\u0119 zewn\u0119trzn\u0105, nie wyst\u0119puje efekt tzw. \u201emeszku\u201d. Przydatna w zak\u0142adach gastronomicznych a tak\u017ce w ka\u017cdej kuchni zak\u0142adu zbiorowego \u017cywienia jak: szpitale, sanatoria, szko\u0142y itd.<LI>bardzo proste u\u017cytkowanie <LI>zamontowane r\u00f3\u017cne rodzaje segment\u00f3w \u015bciernych <LI>mo\u017cliwo\u015b\u0107 wyg\u0142adzenia obieranych warzyw <LI>mo\u017cliwo\u015b\u0107 demonta\u017cu talerza bez u\u017cycia narz\u0119dzi <LI>dodatkowe wyposa\u017cenie: \u015bci\u0105gacz talerza, wtryskiwacz kpl, rury odp\u0142ywowe, <LI>na\u015bcienny zestaw zasilaj\u0105cy<\/p>\n","protected":false},"excerpt":{"rendered":"<p>Obieraczko-polerka do warzyw OPW15 jest urz\u0105dzeniem s\u0142u\u017c\u0105cym do obierania (skrobania): ziemniak\u00f3w, marchwi, burak\u00f3w itp. Eliminuje pracoch\u0142onny proces jakim jest obieranie r\u0119czne. Dzi\u0119ku zastosowaniu 2 r\u00f3\u017cnych rodzaj\u00f3w element\u00f3w \u015bciernych produkt ko\u0144cowy zyskuje g\u0142adk\u0105 powierzchni\u0119 zewn\u0119trzn\u0105, nie wyst\u0119puje efekt tzw. \u201emeszku\u201d. Przydatna w zak\u0142adach gastronomicznych a tak\u017ce w ka\u017cdej kuchni zak\u0142adu zbiorowego \u017cywienia jak: szpitale, sanatoria, szko\u0142y [&hellip;]<\/p>\n","protected":false},"featured_media":18536,"template":"","meta":{"_et_pb_use_builder":"","_et_pb_old_content":"","_et_gb_content_width":""},"pwb-brand":[654],"product_brand":[],"product_cat":[488],"product_tag":[],"class_list":{"0":"post-18502","1":"product","2":"type-product","3":"status-publish","4":"has-post-thumbnail","6":"pwb-brand-spomasz-naklo","7":"product_cat-obieraczki-do-ziemniakow","9":"first","10":"instock","11":"taxable","12":"shipping-taxable","13":"purchasable","14":"product-type-simple"},"brands":[{"id":654,"name":"Spomasz Nak\u0142o","slug":"spomasz-naklo"}],"_links":{"self":[{"href":"https:\/\/www.multifrigo.pl\/sklep\/wp-json\/wp\/v2\/product\/18502","targetHints":{"allow":["GET"]}}],"collection":[{"href":"https:\/\/www.multifrigo.pl\/sklep\/wp-json\/wp\/v2\/product"}],"about":[{"href":"https:\/\/www.multifrigo.pl\/sklep\/wp-json\/wp\/v2\/types\/product"}],"wp:featuredmedia":[{"embeddable":true,"href":"https:\/\/www.multifrigo.pl\/sklep\/wp-json\/wp\/v2\/media\/18536"}],"wp:attachment":[{"href":"https:\/\/www.multifrigo.pl\/sklep\/wp-json\/wp\/v2\/media?parent=18502"}],"wp:term":[{"taxonomy":"pwb-brand","embeddable":true,"href":"https:\/\/www.multifrigo.pl\/sklep\/wp-json\/wp\/v2\/pwb-brand?post=18502"},{"taxonomy":"product_brand","embeddable":true,"href":"https:\/\/www.multifrigo.pl\/sklep\/wp-json\/wp\/v2\/product_brand?post=18502"},{"taxonomy":"product_cat","embeddable":true,"href":"https:\/\/www.multifrigo.pl\/sklep\/wp-json\/wp\/v2\/product_cat?post=18502"},{"taxonomy":"product_tag","embeddable":true,"href":"https:\/\/www.multifrigo.pl\/sklep\/wp-json\/wp\/v2\/product_tag?post=18502"}],"curies":[{"name":"wp","href":"https:\/\/api.w.org\/{rel}","templated":true}]}}