{"id":18503,"date":"2024-07-04T12:26:32","date_gmt":"2024-07-04T12:26:32","guid":{"rendered":"https:\/\/multifrigo.pl\/sklep\/?post_type=product&#038;p=18503"},"modified":"2025-08-07T09:10:41","modified_gmt":"2025-08-07T09:10:41","slug":"obieraczka-warzyw-spomasz-naklo-ow10","status":"publish","type":"product","link":"https:\/\/www.multifrigo.pl\/sklep\/produkt\/obieraczka-warzyw-spomasz-naklo-ow10\/","title":{"rendered":"Obieraczka warzyw | Spomasz Nak\u0142o OW10"},"content":{"rendered":"<p>Obieraczka do ziemniak\u00f3w OW10 dzi\u0119ki swej kompaktowej budowie sprawia, i\u017c mie\u015bci si\u0119 nawet w niewielkim pomieszczeniu kuchennym. Wykonana ze stali nierdzewnej s\u0142u\u017cy do obierania ziemniak\u00f3w oraz innych twardych warzyw, takich jak buraki lub marchew. Urz\u0105dzenie eliminuje pracoch\u0142onny proces obierania dzi\u0119ki zastosowaniu specjalnie zaprojektowanych element\u00f3w \u015bciernych. Mo\u017cliwo\u015b\u0107 demonta\u017cu talerza \u015bciernego bez u\u017cucia narz\u0119dzi skraca  czas czyszczenia komory obierania i u\u0142atwia obs\u0142ug\u0119 urz\u0105dzenia.<LI>wbudowany pojemnik separatora <LI>podstawa zbiornika GN, do obranych ziemniak\u00f3w <LI>o\u017cliwo\u015b\u0107 demonta\u017cu talerza bez u\u017cycia narz\u0119dzi <LI>o\u017cliwo\u015b\u0107 demonta\u017cu zbiornika g\u0142\u00f3wnego obieraczki <LI>timer elektroniczny <LI>elektro-zaw\u00f3r do wody <LI>wy\u0142\u0105cznik bezpiecze\u0144stwa <LI>w zestawie pojemnik GN perforowany, oraz pojemnik GN na obrane ziemniaki<\/p>\n","protected":false},"excerpt":{"rendered":"<p>Obieraczka do ziemniak\u00f3w OW10 dzi\u0119ki swej kompaktowej budowie sprawia, i\u017c mie\u015bci si\u0119 nawet w niewielkim pomieszczeniu kuchennym. Wykonana ze stali nierdzewnej s\u0142u\u017cy do obierania ziemniak\u00f3w oraz innych twardych warzyw, takich jak buraki lub marchew. Urz\u0105dzenie eliminuje pracoch\u0142onny proces obierania dzi\u0119ki zastosowaniu specjalnie zaprojektowanych element\u00f3w \u015bciernych. Mo\u017cliwo\u015b\u0107 demonta\u017cu talerza \u015bciernego bez u\u017cucia narz\u0119dzi skraca czas czyszczenia [&hellip;]<\/p>\n","protected":false},"featured_media":18535,"template":"","meta":{"_et_pb_use_builder":"","_et_pb_old_content":"","_et_gb_content_width":""},"pwb-brand":[654],"product_brand":[],"product_cat":[488],"product_tag":[],"class_list":{"0":"post-18503","1":"product","2":"type-product","3":"status-publish","4":"has-post-thumbnail","6":"pwb-brand-spomasz-naklo","7":"product_cat-obieraczki-do-ziemniakow","9":"first","10":"instock","11":"taxable","12":"shipping-taxable","13":"purchasable","14":"product-type-simple"},"brands":[{"id":654,"name":"Spomasz Nak\u0142o","slug":"spomasz-naklo"}],"_links":{"self":[{"href":"https:\/\/www.multifrigo.pl\/sklep\/wp-json\/wp\/v2\/product\/18503","targetHints":{"allow":["GET"]}}],"collection":[{"href":"https:\/\/www.multifrigo.pl\/sklep\/wp-json\/wp\/v2\/product"}],"about":[{"href":"https:\/\/www.multifrigo.pl\/sklep\/wp-json\/wp\/v2\/types\/product"}],"wp:featuredmedia":[{"embeddable":true,"href":"https:\/\/www.multifrigo.pl\/sklep\/wp-json\/wp\/v2\/media\/18535"}],"wp:attachment":[{"href":"https:\/\/www.multifrigo.pl\/sklep\/wp-json\/wp\/v2\/media?parent=18503"}],"wp:term":[{"taxonomy":"pwb-brand","embeddable":true,"href":"https:\/\/www.multifrigo.pl\/sklep\/wp-json\/wp\/v2\/pwb-brand?post=18503"},{"taxonomy":"product_brand","embeddable":true,"href":"https:\/\/www.multifrigo.pl\/sklep\/wp-json\/wp\/v2\/product_brand?post=18503"},{"taxonomy":"product_cat","embeddable":true,"href":"https:\/\/www.multifrigo.pl\/sklep\/wp-json\/wp\/v2\/product_cat?post=18503"},{"taxonomy":"product_tag","embeddable":true,"href":"https:\/\/www.multifrigo.pl\/sklep\/wp-json\/wp\/v2\/product_tag?post=18503"}],"curies":[{"name":"wp","href":"https:\/\/api.w.org\/{rel}","templated":true}]}}