{"id":18507,"date":"2024-07-04T12:26:32","date_gmt":"2024-07-04T12:26:32","guid":{"rendered":"https:\/\/multifrigo.pl\/sklep\/?post_type=product&#038;p=18507"},"modified":"2025-08-07T09:11:23","modified_gmt":"2025-08-07T09:11:23","slug":"przystawka-do-mielenia-miesa-z-misa-nierdzewna-spomasz-naklo-mkm82s","status":"publish","type":"product","link":"https:\/\/www.multifrigo.pl\/sklep\/produkt\/przystawka-do-mielenia-miesa-z-misa-nierdzewna-spomasz-naklo-mkm82s\/","title":{"rendered":"Przystawka do mielenia mi\u0119sa z mis\u0105 nierdzewn\u0105 | Spomasz Nak\u0142o MKM82S"},"content":{"rendered":"<p>Przystawka do mielenia wszystkich gatunk\u00f3w mi\u0119sa surowego i gotowanego. Wykonanie ze stali nierdzewnej. Przystawka nie jest samodzielnym urz\u0105dzeniem, przystosowana jest wy\u0142\u0105cznie do pracy z nap\u0119dem SPOMASZ NAK\u0141O NMK-110. 0<\/p>\n","protected":false},"excerpt":{"rendered":"<p>Przystawka do mielenia wszystkich gatunk\u00f3w mi\u0119sa surowego i gotowanego. Wykonanie ze stali nierdzewnej. Przystawka nie jest samodzielnym urz\u0105dzeniem, przystosowana jest wy\u0142\u0105cznie do pracy z nap\u0119dem SPOMASZ NAK\u0141O NMK-110. 0<\/p>\n","protected":false},"featured_media":18545,"template":"","meta":{"_et_pb_use_builder":"","_et_pb_old_content":"","_et_gb_content_width":""},"pwb-brand":[654],"product_brand":[],"product_cat":[653],"product_tag":[],"class_list":{"0":"post-18507","1":"product","2":"type-product","3":"status-publish","4":"has-post-thumbnail","6":"pwb-brand-spomasz-naklo","7":"product_cat-akcesoria-do-napedow","9":"first","10":"instock","11":"taxable","12":"shipping-taxable","13":"purchasable","14":"product-type-simple"},"brands":[{"id":654,"name":"Spomasz Nak\u0142o","slug":"spomasz-naklo"}],"_links":{"self":[{"href":"https:\/\/www.multifrigo.pl\/sklep\/wp-json\/wp\/v2\/product\/18507","targetHints":{"allow":["GET"]}}],"collection":[{"href":"https:\/\/www.multifrigo.pl\/sklep\/wp-json\/wp\/v2\/product"}],"about":[{"href":"https:\/\/www.multifrigo.pl\/sklep\/wp-json\/wp\/v2\/types\/product"}],"wp:featuredmedia":[{"embeddable":true,"href":"https:\/\/www.multifrigo.pl\/sklep\/wp-json\/wp\/v2\/media\/18545"}],"wp:attachment":[{"href":"https:\/\/www.multifrigo.pl\/sklep\/wp-json\/wp\/v2\/media?parent=18507"}],"wp:term":[{"taxonomy":"pwb-brand","embeddable":true,"href":"https:\/\/www.multifrigo.pl\/sklep\/wp-json\/wp\/v2\/pwb-brand?post=18507"},{"taxonomy":"product_brand","embeddable":true,"href":"https:\/\/www.multifrigo.pl\/sklep\/wp-json\/wp\/v2\/product_brand?post=18507"},{"taxonomy":"product_cat","embeddable":true,"href":"https:\/\/www.multifrigo.pl\/sklep\/wp-json\/wp\/v2\/product_cat?post=18507"},{"taxonomy":"product_tag","embeddable":true,"href":"https:\/\/www.multifrigo.pl\/sklep\/wp-json\/wp\/v2\/product_tag?post=18507"}],"curies":[{"name":"wp","href":"https:\/\/api.w.org\/{rel}","templated":true}]}}