{"id":18509,"date":"2024-07-04T12:26:32","date_gmt":"2024-07-04T12:26:32","guid":{"rendered":"https:\/\/multifrigo.pl\/sklep\/?post_type=product&#038;p=18509"},"modified":"2025-08-07T09:11:28","modified_gmt":"2025-08-07T09:11:28","slug":"przystawka-do-rozdrabniania-jarzyn-bez-tarcz-spomasz-naklo-mkj250c-0-00-00","status":"publish","type":"product","link":"https:\/\/www.multifrigo.pl\/sklep\/produkt\/przystawka-do-rozdrabniania-jarzyn-bez-tarcz-spomasz-naklo-mkj250c-0-00-00\/","title":{"rendered":"Przystawka do rozdrabniania jarzyn (bez tarcz ) | Spomasz Nak\u0142o MKJ250C-0.00.00"},"content":{"rendered":"<p>MKJ250C to przystawka przystosowana do rozdrabniania jarzyn. Dzi\u0119ki mo\u017cliwo\u015bci dokupienia r\u00f3\u017cnorodnych tarcz ma ona mo\u017cliwo\u015b\u0107 krojenia warzyw mi\u0119dzy innymi w kostk\u0119 o kraw\u0119dziach wielko\u015bci 10 mm. Inne z dost\u0119pnych w sprzeda\u017cy tarcz daj\u0105 mo\u017cliwo\u015b\u0107 krojenia jarzyn na plastry o r\u00f3\u017cnej grubo\u015bci, tarcia ziemniak\u00f3w na miazg\u0119 oraz rozdrabniania warzyw na wi\u00f3rki o r\u00f3\u017cnorodnych wymiarach. Produktu nie nale\u017cy \u0142\u0105czy\u0107 z nap\u0119dem MKN11 i NKM110.<LI>Wydajno\u015b\u0107 rozdrabniania jarzyn od 40 do 150 kilogram\u00f3w w ci\u0105gu godziny <LI>Mo\u017cliwo\u015b\u0107 dokupienia r\u00f3\u017cnorodnych tarcz <LI>Krojenie na kostki, plastry, wi\u00f3rki oraz tarcie na miazg\u0119<\/p>\n","protected":false},"excerpt":{"rendered":"<p>MKJ250C to przystawka przystosowana do rozdrabniania jarzyn. Dzi\u0119ki mo\u017cliwo\u015bci dokupienia r\u00f3\u017cnorodnych tarcz ma ona mo\u017cliwo\u015b\u0107 krojenia warzyw mi\u0119dzy innymi w kostk\u0119 o kraw\u0119dziach wielko\u015bci 10 mm. Inne z dost\u0119pnych w sprzeda\u017cy tarcz daj\u0105 mo\u017cliwo\u015b\u0107 krojenia jarzyn na plastry o r\u00f3\u017cnej grubo\u015bci, tarcia ziemniak\u00f3w na miazg\u0119 oraz rozdrabniania warzyw na wi\u00f3rki o r\u00f3\u017cnorodnych wymiarach. Produktu nie [&hellip;]<\/p>\n","protected":false},"featured_media":18547,"template":"","meta":{"_et_pb_use_builder":"","_et_pb_old_content":"","_et_gb_content_width":""},"pwb-brand":[654],"product_brand":[],"product_cat":[653],"product_tag":[],"class_list":{"0":"post-18509","1":"product","2":"type-product","3":"status-publish","4":"has-post-thumbnail","6":"pwb-brand-spomasz-naklo","7":"product_cat-akcesoria-do-napedow","9":"first","10":"instock","11":"taxable","12":"shipping-taxable","13":"purchasable","14":"product-type-simple"},"brands":[{"id":654,"name":"Spomasz Nak\u0142o","slug":"spomasz-naklo"}],"_links":{"self":[{"href":"https:\/\/www.multifrigo.pl\/sklep\/wp-json\/wp\/v2\/product\/18509","targetHints":{"allow":["GET"]}}],"collection":[{"href":"https:\/\/www.multifrigo.pl\/sklep\/wp-json\/wp\/v2\/product"}],"about":[{"href":"https:\/\/www.multifrigo.pl\/sklep\/wp-json\/wp\/v2\/types\/product"}],"wp:featuredmedia":[{"embeddable":true,"href":"https:\/\/www.multifrigo.pl\/sklep\/wp-json\/wp\/v2\/media\/18547"}],"wp:attachment":[{"href":"https:\/\/www.multifrigo.pl\/sklep\/wp-json\/wp\/v2\/media?parent=18509"}],"wp:term":[{"taxonomy":"pwb-brand","embeddable":true,"href":"https:\/\/www.multifrigo.pl\/sklep\/wp-json\/wp\/v2\/pwb-brand?post=18509"},{"taxonomy":"product_brand","embeddable":true,"href":"https:\/\/www.multifrigo.pl\/sklep\/wp-json\/wp\/v2\/product_brand?post=18509"},{"taxonomy":"product_cat","embeddable":true,"href":"https:\/\/www.multifrigo.pl\/sklep\/wp-json\/wp\/v2\/product_cat?post=18509"},{"taxonomy":"product_tag","embeddable":true,"href":"https:\/\/www.multifrigo.pl\/sklep\/wp-json\/wp\/v2\/product_tag?post=18509"}],"curies":[{"name":"wp","href":"https:\/\/api.w.org\/{rel}","templated":true}]}}