{"id":18510,"date":"2024-07-04T12:26:32","date_gmt":"2024-07-04T12:26:32","guid":{"rendered":"https:\/\/multifrigo.pl\/sklep\/?post_type=product&#038;p=18510"},"modified":"2025-08-07T09:12:13","modified_gmt":"2025-08-07T09:12:13","slug":"przystawka-do-puree-sito-6-mm-spomasz-naklo-mkz20","status":"publish","type":"product","link":"https:\/\/www.multifrigo.pl\/sklep\/produkt\/przystawka-do-puree-sito-6-mm-spomasz-naklo-mkz20\/","title":{"rendered":"Przystawka do puree (sito 6 mm) | Spomasz Nak\u0142o MKZ20"},"content":{"rendered":"<p>Przystawka s\u0142u\u017cy do przecierania zup i gotowanych pokrojonych jarzyn oraz do przygotowywania ziemniak\u00f3w puree. Urz\u0105dzenie posiada przecierak kompletny oraz sito o \u015brednicy 330 mm z otworami o \u015brednicy 6 mm<\/p>\n","protected":false},"excerpt":{"rendered":"<p>Przystawka s\u0142u\u017cy do przecierania zup i gotowanych pokrojonych jarzyn oraz do przygotowywania ziemniak\u00f3w puree. Urz\u0105dzenie posiada przecierak kompletny oraz sito o \u015brednicy 330 mm z otworami o \u015brednicy 6 mm<\/p>\n","protected":false},"featured_media":18584,"template":"","meta":{"_et_pb_use_builder":"","_et_pb_old_content":"","_et_gb_content_width":""},"pwb-brand":[654],"product_brand":[],"product_cat":[653],"product_tag":[],"class_list":{"0":"post-18510","1":"product","2":"type-product","3":"status-publish","4":"has-post-thumbnail","6":"pwb-brand-spomasz-naklo","7":"product_cat-akcesoria-do-napedow","9":"first","10":"instock","11":"taxable","12":"shipping-taxable","13":"purchasable","14":"product-type-simple"},"brands":[{"id":654,"name":"Spomasz Nak\u0142o","slug":"spomasz-naklo"}],"_links":{"self":[{"href":"https:\/\/www.multifrigo.pl\/sklep\/wp-json\/wp\/v2\/product\/18510","targetHints":{"allow":["GET"]}}],"collection":[{"href":"https:\/\/www.multifrigo.pl\/sklep\/wp-json\/wp\/v2\/product"}],"about":[{"href":"https:\/\/www.multifrigo.pl\/sklep\/wp-json\/wp\/v2\/types\/product"}],"wp:featuredmedia":[{"embeddable":true,"href":"https:\/\/www.multifrigo.pl\/sklep\/wp-json\/wp\/v2\/media\/18584"}],"wp:attachment":[{"href":"https:\/\/www.multifrigo.pl\/sklep\/wp-json\/wp\/v2\/media?parent=18510"}],"wp:term":[{"taxonomy":"pwb-brand","embeddable":true,"href":"https:\/\/www.multifrigo.pl\/sklep\/wp-json\/wp\/v2\/pwb-brand?post=18510"},{"taxonomy":"product_brand","embeddable":true,"href":"https:\/\/www.multifrigo.pl\/sklep\/wp-json\/wp\/v2\/product_brand?post=18510"},{"taxonomy":"product_cat","embeddable":true,"href":"https:\/\/www.multifrigo.pl\/sklep\/wp-json\/wp\/v2\/product_cat?post=18510"},{"taxonomy":"product_tag","embeddable":true,"href":"https:\/\/www.multifrigo.pl\/sklep\/wp-json\/wp\/v2\/product_tag?post=18510"}],"curies":[{"name":"wp","href":"https:\/\/api.w.org\/{rel}","templated":true}]}}