{"id":18511,"date":"2024-07-04T12:26:32","date_gmt":"2024-07-04T12:26:32","guid":{"rendered":"https:\/\/multifrigo.pl\/sklep\/?post_type=product&#038;p=18511"},"modified":"2025-08-07T09:12:16","modified_gmt":"2025-08-07T09:12:16","slug":"przystawka-do-nacinania-kotletow-spomasz-naklo-mks50","status":"publish","type":"product","link":"https:\/\/www.multifrigo.pl\/sklep\/produkt\/przystawka-do-nacinania-kotletow-spomasz-naklo-mks50\/","title":{"rendered":"Przystawka do nacinania kotlet\u00f3w | Spomasz Nak\u0142o MKS50"},"content":{"rendered":"<p>Przystawka s\u0142u\u017cy do nacinania kotlet\u00f3w i stek\u00f3w.  Wykonana ze stali nierdzewnej i duraluminium Kotleciarka MKS50 pozwala usprawni\u0107 przygotowanie kotlet\u00f3w, dzi\u0119ki wielono\u017cowym wa\u0142kom sprawia, \u017ce mi\u0119so jest znacznie bardziej mi\u0119kkie, szybciej zachodzi proces marynowania a jednocze\u015bnie nie zgniata go jak w tradycyjnej obr\u00f3bce zapobiegaj\u0105c wyp\u0142ywowi sok\u00f3w.<\/p>\n","protected":false},"excerpt":{"rendered":"<p>Przystawka s\u0142u\u017cy do nacinania kotlet\u00f3w i stek\u00f3w. Wykonana ze stali nierdzewnej i duraluminium Kotleciarka MKS50 pozwala usprawni\u0107 przygotowanie kotlet\u00f3w, dzi\u0119ki wielono\u017cowym wa\u0142kom sprawia, \u017ce mi\u0119so jest znacznie bardziej mi\u0119kkie, szybciej zachodzi proces marynowania a jednocze\u015bnie nie zgniata go jak w tradycyjnej obr\u00f3bce zapobiegaj\u0105c wyp\u0142ywowi sok\u00f3w.<\/p>\n","protected":false},"featured_media":18585,"template":"","meta":{"_et_pb_use_builder":"","_et_pb_old_content":"","_et_gb_content_width":""},"pwb-brand":[654],"product_brand":[],"product_cat":[653],"product_tag":[],"class_list":{"0":"post-18511","1":"product","2":"type-product","3":"status-publish","4":"has-post-thumbnail","6":"pwb-brand-spomasz-naklo","7":"product_cat-akcesoria-do-napedow","9":"first","10":"instock","11":"taxable","12":"shipping-taxable","13":"purchasable","14":"product-type-simple"},"brands":[{"id":654,"name":"Spomasz Nak\u0142o","slug":"spomasz-naklo"}],"_links":{"self":[{"href":"https:\/\/www.multifrigo.pl\/sklep\/wp-json\/wp\/v2\/product\/18511","targetHints":{"allow":["GET"]}}],"collection":[{"href":"https:\/\/www.multifrigo.pl\/sklep\/wp-json\/wp\/v2\/product"}],"about":[{"href":"https:\/\/www.multifrigo.pl\/sklep\/wp-json\/wp\/v2\/types\/product"}],"wp:featuredmedia":[{"embeddable":true,"href":"https:\/\/www.multifrigo.pl\/sklep\/wp-json\/wp\/v2\/media\/18585"}],"wp:attachment":[{"href":"https:\/\/www.multifrigo.pl\/sklep\/wp-json\/wp\/v2\/media?parent=18511"}],"wp:term":[{"taxonomy":"pwb-brand","embeddable":true,"href":"https:\/\/www.multifrigo.pl\/sklep\/wp-json\/wp\/v2\/pwb-brand?post=18511"},{"taxonomy":"product_brand","embeddable":true,"href":"https:\/\/www.multifrigo.pl\/sklep\/wp-json\/wp\/v2\/product_brand?post=18511"},{"taxonomy":"product_cat","embeddable":true,"href":"https:\/\/www.multifrigo.pl\/sklep\/wp-json\/wp\/v2\/product_cat?post=18511"},{"taxonomy":"product_tag","embeddable":true,"href":"https:\/\/www.multifrigo.pl\/sklep\/wp-json\/wp\/v2\/product_tag?post=18511"}],"curies":[{"name":"wp","href":"https:\/\/api.w.org\/{rel}","templated":true}]}}