{"id":18512,"date":"2024-07-04T12:26:33","date_gmt":"2024-07-04T12:26:33","guid":{"rendered":"https:\/\/multifrigo.pl\/sklep\/?post_type=product&#038;p=18512"},"modified":"2025-08-07T09:12:18","modified_gmt":"2025-08-07T09:12:18","slug":"przystawka-do-ubijania-piany-i-zagniatania-ciasta-spomasz-naklo-mkp25","status":"publish","type":"product","link":"https:\/\/www.multifrigo.pl\/sklep\/produkt\/przystawka-do-ubijania-piany-i-zagniatania-ciasta-spomasz-naklo-mkp25\/","title":{"rendered":"Przystawka do ubijania piany i zagniatania ciasta | Spomasz Nak\u0142o MKP25"},"content":{"rendered":"<p>Przystawka s\u0142u\u017cy do ubijania \u015bmietany i piany z bia\u0142ka jaj, mieszania wszelkiego rodzaju krem\u00f3w, majonezu oraz do wyrabiania ciasta lekkiego jak tortowe, nale\u015bnikowe itp. Posiada dwubiegunow\u0105 przek\u0142adni\u0119, mieszad\u0142o, rozbijacz piany oraz zagniatacz.<\/p>\n","protected":false},"excerpt":{"rendered":"<p>Przystawka s\u0142u\u017cy do ubijania \u015bmietany i piany z bia\u0142ka jaj, mieszania wszelkiego rodzaju krem\u00f3w, majonezu oraz do wyrabiania ciasta lekkiego jak tortowe, nale\u015bnikowe itp. Posiada dwubiegunow\u0105 przek\u0142adni\u0119, mieszad\u0142o, rozbijacz piany oraz zagniatacz.<\/p>\n","protected":false},"featured_media":18586,"template":"","meta":{"_et_pb_use_builder":"","_et_pb_old_content":"","_et_gb_content_width":""},"pwb-brand":[654],"product_brand":[],"product_cat":[653],"product_tag":[],"class_list":{"0":"post-18512","1":"product","2":"type-product","3":"status-publish","4":"has-post-thumbnail","6":"pwb-brand-spomasz-naklo","7":"product_cat-akcesoria-do-napedow","9":"first","10":"instock","11":"taxable","12":"shipping-taxable","13":"purchasable","14":"product-type-simple"},"brands":[{"id":654,"name":"Spomasz Nak\u0142o","slug":"spomasz-naklo"}],"_links":{"self":[{"href":"https:\/\/www.multifrigo.pl\/sklep\/wp-json\/wp\/v2\/product\/18512","targetHints":{"allow":["GET"]}}],"collection":[{"href":"https:\/\/www.multifrigo.pl\/sklep\/wp-json\/wp\/v2\/product"}],"about":[{"href":"https:\/\/www.multifrigo.pl\/sklep\/wp-json\/wp\/v2\/types\/product"}],"wp:featuredmedia":[{"embeddable":true,"href":"https:\/\/www.multifrigo.pl\/sklep\/wp-json\/wp\/v2\/media\/18586"}],"wp:attachment":[{"href":"https:\/\/www.multifrigo.pl\/sklep\/wp-json\/wp\/v2\/media?parent=18512"}],"wp:term":[{"taxonomy":"pwb-brand","embeddable":true,"href":"https:\/\/www.multifrigo.pl\/sklep\/wp-json\/wp\/v2\/pwb-brand?post=18512"},{"taxonomy":"product_brand","embeddable":true,"href":"https:\/\/www.multifrigo.pl\/sklep\/wp-json\/wp\/v2\/product_brand?post=18512"},{"taxonomy":"product_cat","embeddable":true,"href":"https:\/\/www.multifrigo.pl\/sklep\/wp-json\/wp\/v2\/product_cat?post=18512"},{"taxonomy":"product_tag","embeddable":true,"href":"https:\/\/www.multifrigo.pl\/sklep\/wp-json\/wp\/v2\/product_tag?post=18512"}],"curies":[{"name":"wp","href":"https:\/\/api.w.org\/{rel}","templated":true}]}}