{"id":18513,"date":"2024-07-04T12:26:33","date_gmt":"2024-07-04T12:26:33","guid":{"rendered":"https:\/\/multifrigo.pl\/sklep\/?post_type=product&#038;p=18513"},"modified":"2025-08-07T09:12:21","modified_gmt":"2025-08-07T09:12:21","slug":"przystawka-do-ostrzenia-narzedzi-spomasz-naklo-mko200","status":"publish","type":"product","link":"https:\/\/www.multifrigo.pl\/sklep\/produkt\/przystawka-do-ostrzenia-narzedzi-spomasz-naklo-mko200\/","title":{"rendered":"Przystawka do ostrzenia narz\u0119dzi | Spomasz Nak\u0142o MKO200"},"content":{"rendered":"<p>Przystawka s\u0142u\u017cy do ostrzenia element\u00f3w tn\u0105cych z przystawek maszyny kuchennej wieloczynno\u015bciowej, jak r\u00f3wnie\u017c no\u017cy kuchennych, rze\u017anickich, tasak\u00f3w itp.<\/p>\n","protected":false},"excerpt":{"rendered":"<p>Przystawka s\u0142u\u017cy do ostrzenia element\u00f3w tn\u0105cych z przystawek maszyny kuchennej wieloczynno\u015bciowej, jak r\u00f3wnie\u017c no\u017cy kuchennych, rze\u017anickich, tasak\u00f3w itp.<\/p>\n","protected":false},"featured_media":18587,"template":"","meta":{"_et_pb_use_builder":"","_et_pb_old_content":"","_et_gb_content_width":""},"pwb-brand":[654],"product_brand":[],"product_cat":[653],"product_tag":[],"class_list":{"0":"post-18513","1":"product","2":"type-product","3":"status-publish","4":"has-post-thumbnail","6":"pwb-brand-spomasz-naklo","7":"product_cat-akcesoria-do-napedow","9":"first","10":"instock","11":"taxable","12":"shipping-taxable","13":"purchasable","14":"product-type-simple"},"brands":[{"id":654,"name":"Spomasz Nak\u0142o","slug":"spomasz-naklo"}],"_links":{"self":[{"href":"https:\/\/www.multifrigo.pl\/sklep\/wp-json\/wp\/v2\/product\/18513","targetHints":{"allow":["GET"]}}],"collection":[{"href":"https:\/\/www.multifrigo.pl\/sklep\/wp-json\/wp\/v2\/product"}],"about":[{"href":"https:\/\/www.multifrigo.pl\/sklep\/wp-json\/wp\/v2\/types\/product"}],"wp:featuredmedia":[{"embeddable":true,"href":"https:\/\/www.multifrigo.pl\/sklep\/wp-json\/wp\/v2\/media\/18587"}],"wp:attachment":[{"href":"https:\/\/www.multifrigo.pl\/sklep\/wp-json\/wp\/v2\/media?parent=18513"}],"wp:term":[{"taxonomy":"pwb-brand","embeddable":true,"href":"https:\/\/www.multifrigo.pl\/sklep\/wp-json\/wp\/v2\/pwb-brand?post=18513"},{"taxonomy":"product_brand","embeddable":true,"href":"https:\/\/www.multifrigo.pl\/sklep\/wp-json\/wp\/v2\/product_brand?post=18513"},{"taxonomy":"product_cat","embeddable":true,"href":"https:\/\/www.multifrigo.pl\/sklep\/wp-json\/wp\/v2\/product_cat?post=18513"},{"taxonomy":"product_tag","embeddable":true,"href":"https:\/\/www.multifrigo.pl\/sklep\/wp-json\/wp\/v2\/product_tag?post=18513"}],"curies":[{"name":"wp","href":"https:\/\/api.w.org\/{rel}","templated":true}]}}