{"id":18514,"date":"2024-07-04T12:26:33","date_gmt":"2024-07-04T12:26:33","guid":{"rendered":"https:\/\/multifrigo.pl\/sklep\/?post_type=product&#038;p=18514"},"modified":"2025-08-07T09:12:26","modified_gmt":"2025-08-07T09:12:26","slug":"przystawka-do-krojenia-flakow-spomasz-naklo-mkf5","status":"publish","type":"product","link":"https:\/\/www.multifrigo.pl\/sklep\/produkt\/przystawka-do-krojenia-flakow-spomasz-naklo-mkf5\/","title":{"rendered":"Przystawka do krojenia flak\u00f3w | Spomasz Nak\u0142o MKF5"},"content":{"rendered":"<p>Przystawka do krojenia flak\u00f3w w paski posiada dzielon\u0105 obudow\u0119 co u\u0142atwia czyszczenie urz\u0105dzenia.<\/p>\n","protected":false},"excerpt":{"rendered":"<p>Przystawka do krojenia flak\u00f3w w paski posiada dzielon\u0105 obudow\u0119 co u\u0142atwia czyszczenie urz\u0105dzenia.<\/p>\n","protected":false},"featured_media":18588,"template":"","meta":{"_et_pb_use_builder":"","_et_pb_old_content":"","_et_gb_content_width":""},"pwb-brand":[654],"product_brand":[],"product_cat":[653],"product_tag":[],"class_list":{"0":"post-18514","1":"product","2":"type-product","3":"status-publish","4":"has-post-thumbnail","6":"pwb-brand-spomasz-naklo","7":"product_cat-akcesoria-do-napedow","9":"first","10":"instock","11":"taxable","12":"shipping-taxable","13":"purchasable","14":"product-type-simple"},"brands":[{"id":654,"name":"Spomasz Nak\u0142o","slug":"spomasz-naklo"}],"_links":{"self":[{"href":"https:\/\/www.multifrigo.pl\/sklep\/wp-json\/wp\/v2\/product\/18514","targetHints":{"allow":["GET"]}}],"collection":[{"href":"https:\/\/www.multifrigo.pl\/sklep\/wp-json\/wp\/v2\/product"}],"about":[{"href":"https:\/\/www.multifrigo.pl\/sklep\/wp-json\/wp\/v2\/types\/product"}],"wp:featuredmedia":[{"embeddable":true,"href":"https:\/\/www.multifrigo.pl\/sklep\/wp-json\/wp\/v2\/media\/18588"}],"wp:attachment":[{"href":"https:\/\/www.multifrigo.pl\/sklep\/wp-json\/wp\/v2\/media?parent=18514"}],"wp:term":[{"taxonomy":"pwb-brand","embeddable":true,"href":"https:\/\/www.multifrigo.pl\/sklep\/wp-json\/wp\/v2\/pwb-brand?post=18514"},{"taxonomy":"product_brand","embeddable":true,"href":"https:\/\/www.multifrigo.pl\/sklep\/wp-json\/wp\/v2\/product_brand?post=18514"},{"taxonomy":"product_cat","embeddable":true,"href":"https:\/\/www.multifrigo.pl\/sklep\/wp-json\/wp\/v2\/product_cat?post=18514"},{"taxonomy":"product_tag","embeddable":true,"href":"https:\/\/www.multifrigo.pl\/sklep\/wp-json\/wp\/v2\/product_tag?post=18514"}],"curies":[{"name":"wp","href":"https:\/\/api.w.org\/{rel}","templated":true}]}}