{"id":18515,"date":"2024-07-04T12:26:33","date_gmt":"2024-07-04T12:26:33","guid":{"rendered":"https:\/\/multifrigo.pl\/sklep\/?post_type=product&#038;p=18515"},"modified":"2025-08-07T09:11:15","modified_gmt":"2025-08-07T09:11:15","slug":"naped-maszyny-wieloczynnosciowej-spomasz-naklo-nmk110c","status":"publish","type":"product","link":"https:\/\/www.multifrigo.pl\/sklep\/produkt\/naped-maszyny-wieloczynnosciowej-spomasz-naklo-nmk110c\/","title":{"rendered":"Nap\u0119d maszyny wieloczynno\u015bciowej | Spomasz Nak\u0142o NMK110C"},"content":{"rendered":"<p>Nap\u0119d NMK 110C to g\u0142\u00f3wny element maszyny wieloczynno\u015bciowej, kt\u00f3ry wraz z odpowiednio dobranymi przystawkami potrafi sprosta\u0107 wszystkim zadaniom zwi\u0105zanym z mechaniczn\u0105 obr\u00f3bk\u0105 \u017cywno\u015bci w profesjonalnej kuchni, zast\u0119puj\u0105c wiele urz\u0105dze\u0144.0<\/p>\n","protected":false},"excerpt":{"rendered":"<p>Nap\u0119d NMK 110C to g\u0142\u00f3wny element maszyny wieloczynno\u015bciowej, kt\u00f3ry wraz z odpowiednio dobranymi przystawkami potrafi sprosta\u0107 wszystkim zadaniom zwi\u0105zanym z mechaniczn\u0105 obr\u00f3bk\u0105 \u017cywno\u015bci w profesjonalnej kuchni, zast\u0119puj\u0105c wiele urz\u0105dze\u0144.0<\/p>\n","protected":false},"featured_media":18541,"template":"","meta":{"_et_pb_use_builder":"","_et_pb_old_content":"","_et_gb_content_width":""},"pwb-brand":[654],"product_brand":[],"product_cat":[652],"product_tag":[],"class_list":{"0":"post-18515","1":"product","2":"type-product","3":"status-publish","4":"has-post-thumbnail","6":"pwb-brand-spomasz-naklo","7":"product_cat-napedy-do-maszyn-wieloczynnosciowych","9":"first","10":"instock","11":"taxable","12":"shipping-taxable","13":"purchasable","14":"product-type-simple"},"brands":[{"id":654,"name":"Spomasz Nak\u0142o","slug":"spomasz-naklo"}],"_links":{"self":[{"href":"https:\/\/www.multifrigo.pl\/sklep\/wp-json\/wp\/v2\/product\/18515","targetHints":{"allow":["GET"]}}],"collection":[{"href":"https:\/\/www.multifrigo.pl\/sklep\/wp-json\/wp\/v2\/product"}],"about":[{"href":"https:\/\/www.multifrigo.pl\/sklep\/wp-json\/wp\/v2\/types\/product"}],"wp:featuredmedia":[{"embeddable":true,"href":"https:\/\/www.multifrigo.pl\/sklep\/wp-json\/wp\/v2\/media\/18541"}],"wp:attachment":[{"href":"https:\/\/www.multifrigo.pl\/sklep\/wp-json\/wp\/v2\/media?parent=18515"}],"wp:term":[{"taxonomy":"pwb-brand","embeddable":true,"href":"https:\/\/www.multifrigo.pl\/sklep\/wp-json\/wp\/v2\/pwb-brand?post=18515"},{"taxonomy":"product_brand","embeddable":true,"href":"https:\/\/www.multifrigo.pl\/sklep\/wp-json\/wp\/v2\/product_brand?post=18515"},{"taxonomy":"product_cat","embeddable":true,"href":"https:\/\/www.multifrigo.pl\/sklep\/wp-json\/wp\/v2\/product_cat?post=18515"},{"taxonomy":"product_tag","embeddable":true,"href":"https:\/\/www.multifrigo.pl\/sklep\/wp-json\/wp\/v2\/product_tag?post=18515"}],"curies":[{"name":"wp","href":"https:\/\/api.w.org\/{rel}","templated":true}]}}