{"id":18516,"date":"2024-07-04T12:26:33","date_gmt":"2024-07-04T12:26:33","guid":{"rendered":"https:\/\/multifrigo.pl\/sklep\/?post_type=product&#038;p=18516"},"modified":"2025-08-07T09:11:31","modified_gmt":"2025-08-07T09:11:31","slug":"krata-do-kostek-10x10x10mm-spomasz-naklo-mkj250c-3-00-00","status":"publish","type":"product","link":"https:\/\/www.multifrigo.pl\/sklep\/produkt\/krata-do-kostek-10x10x10mm-spomasz-naklo-mkj250c-3-00-00\/","title":{"rendered":"Krata do kostek (10x10x10mm) | Spomasz Nak\u0142o MKJ250C-3.00.00"},"content":{"rendered":"<p>Krata do kostek jest przystosowana do pracy z przystawk\u0105 do rozdrabniania jarzyn MKJ250C. Do kraty nale\u017cy dokupi\u0107 Zesp\u00f3\u0142 no\u017ca MKJ250C-4.00.00, bez kt\u00f3rego praca kraty jest niemo\u017cliwa.<\/p>\n","protected":false},"excerpt":{"rendered":"<p>Krata do kostek jest przystosowana do pracy z przystawk\u0105 do rozdrabniania jarzyn MKJ250C. Do kraty nale\u017cy dokupi\u0107 Zesp\u00f3\u0142 no\u017ca MKJ250C-4.00.00, bez kt\u00f3rego praca kraty jest niemo\u017cliwa.<\/p>\n","protected":false},"featured_media":18548,"template":"","meta":{"_et_pb_use_builder":"","_et_pb_old_content":"","_et_gb_content_width":""},"pwb-brand":[654],"product_brand":[],"product_cat":[653],"product_tag":[],"class_list":{"0":"post-18516","1":"product","2":"type-product","3":"status-publish","4":"has-post-thumbnail","6":"pwb-brand-spomasz-naklo","7":"product_cat-akcesoria-do-napedow","9":"first","10":"instock","11":"taxable","12":"shipping-taxable","13":"purchasable","14":"product-type-simple"},"brands":[{"id":654,"name":"Spomasz Nak\u0142o","slug":"spomasz-naklo"}],"_links":{"self":[{"href":"https:\/\/www.multifrigo.pl\/sklep\/wp-json\/wp\/v2\/product\/18516","targetHints":{"allow":["GET"]}}],"collection":[{"href":"https:\/\/www.multifrigo.pl\/sklep\/wp-json\/wp\/v2\/product"}],"about":[{"href":"https:\/\/www.multifrigo.pl\/sklep\/wp-json\/wp\/v2\/types\/product"}],"wp:featuredmedia":[{"embeddable":true,"href":"https:\/\/www.multifrigo.pl\/sklep\/wp-json\/wp\/v2\/media\/18548"}],"wp:attachment":[{"href":"https:\/\/www.multifrigo.pl\/sklep\/wp-json\/wp\/v2\/media?parent=18516"}],"wp:term":[{"taxonomy":"pwb-brand","embeddable":true,"href":"https:\/\/www.multifrigo.pl\/sklep\/wp-json\/wp\/v2\/pwb-brand?post=18516"},{"taxonomy":"product_brand","embeddable":true,"href":"https:\/\/www.multifrigo.pl\/sklep\/wp-json\/wp\/v2\/product_brand?post=18516"},{"taxonomy":"product_cat","embeddable":true,"href":"https:\/\/www.multifrigo.pl\/sklep\/wp-json\/wp\/v2\/product_cat?post=18516"},{"taxonomy":"product_tag","embeddable":true,"href":"https:\/\/www.multifrigo.pl\/sklep\/wp-json\/wp\/v2\/product_tag?post=18516"}],"curies":[{"name":"wp","href":"https:\/\/api.w.org\/{rel}","templated":true}]}}