{"id":18517,"date":"2024-07-04T12:26:33","date_gmt":"2024-07-04T12:26:33","guid":{"rendered":"https:\/\/multifrigo.pl\/sklep\/?post_type=product&#038;p=18517"},"modified":"2025-08-07T09:11:39","modified_gmt":"2025-08-07T09:11:39","slug":"tarcza-z-nozem-nastawnym-plastry-od-0-8-mm-spomasz-naklo-mkj250c-5-00-00","status":"publish","type":"product","link":"https:\/\/www.multifrigo.pl\/sklep\/produkt\/tarcza-z-nozem-nastawnym-plastry-od-0-8-mm-spomasz-naklo-mkj250c-5-00-00\/","title":{"rendered":"Tarcza z no\u017cem nastawnym ( plastry od 0 &#8211; 8 mm) | Spomasz Nak\u0142o MKJ250C-5.00.00"},"content":{"rendered":"<p>Tarcza wsp\u00f3\u0142pracuj\u0105ca wy\u0142\u0105cznie z przystawk\u0105 MKJ250C Spomasz Nak\u0142o. Wykonana zosta\u0142a z duraluminium i stali nierdzewnej bez element\u00f3w plastikowych.  Mo\u017cliwo\u015b\u0107 regulacji grubo\u015bci krojenia w zakresie 0-8 mm.<\/p>\n","protected":false},"excerpt":{"rendered":"<p>Tarcza wsp\u00f3\u0142pracuj\u0105ca wy\u0142\u0105cznie z przystawk\u0105 MKJ250C Spomasz Nak\u0142o. Wykonana zosta\u0142a z duraluminium i stali nierdzewnej bez element\u00f3w plastikowych. Mo\u017cliwo\u015b\u0107 regulacji grubo\u015bci krojenia w zakresie 0-8 mm.<\/p>\n","protected":false},"featured_media":18550,"template":"","meta":{"_et_pb_use_builder":"","_et_pb_old_content":"","_et_gb_content_width":""},"pwb-brand":[654],"product_brand":[],"product_cat":[653],"product_tag":[],"class_list":{"0":"post-18517","1":"product","2":"type-product","3":"status-publish","4":"has-post-thumbnail","6":"pwb-brand-spomasz-naklo","7":"product_cat-akcesoria-do-napedow","9":"first","10":"instock","11":"taxable","12":"shipping-taxable","13":"purchasable","14":"product-type-simple"},"brands":[{"id":654,"name":"Spomasz Nak\u0142o","slug":"spomasz-naklo"}],"_links":{"self":[{"href":"https:\/\/www.multifrigo.pl\/sklep\/wp-json\/wp\/v2\/product\/18517","targetHints":{"allow":["GET"]}}],"collection":[{"href":"https:\/\/www.multifrigo.pl\/sklep\/wp-json\/wp\/v2\/product"}],"about":[{"href":"https:\/\/www.multifrigo.pl\/sklep\/wp-json\/wp\/v2\/types\/product"}],"wp:featuredmedia":[{"embeddable":true,"href":"https:\/\/www.multifrigo.pl\/sklep\/wp-json\/wp\/v2\/media\/18550"}],"wp:attachment":[{"href":"https:\/\/www.multifrigo.pl\/sklep\/wp-json\/wp\/v2\/media?parent=18517"}],"wp:term":[{"taxonomy":"pwb-brand","embeddable":true,"href":"https:\/\/www.multifrigo.pl\/sklep\/wp-json\/wp\/v2\/pwb-brand?post=18517"},{"taxonomy":"product_brand","embeddable":true,"href":"https:\/\/www.multifrigo.pl\/sklep\/wp-json\/wp\/v2\/product_brand?post=18517"},{"taxonomy":"product_cat","embeddable":true,"href":"https:\/\/www.multifrigo.pl\/sklep\/wp-json\/wp\/v2\/product_cat?post=18517"},{"taxonomy":"product_tag","embeddable":true,"href":"https:\/\/www.multifrigo.pl\/sklep\/wp-json\/wp\/v2\/product_tag?post=18517"}],"curies":[{"name":"wp","href":"https:\/\/api.w.org\/{rel}","templated":true}]}}