{"id":18572,"date":"2024-07-04T12:27:52","date_gmt":"2024-07-04T12:27:52","guid":{"rendered":"https:\/\/multifrigo.pl\/sklep\/?post_type=product&#038;p=18572"},"modified":"2025-08-07T09:13:23","modified_gmt":"2025-08-07T09:13:23","slug":"tarcza-do-wiorek-11-x-55-mm-spomasz-naklo-kw350-15-0-00","status":"publish","type":"product","link":"https:\/\/www.multifrigo.pl\/sklep\/produkt\/tarcza-do-wiorek-11-x-55-mm-spomasz-naklo-kw350-15-0-00\/","title":{"rendered":"Tarcza do wi\u00f3rek (11 x 5,5 mm) | Spomasz Nak\u0142o KW350-15-0-00"},"content":{"rendered":"<p>Tarcza do wi\u00f3rek 11&#215;5,5 mm. Akcesorium do Krajalnicy KW350<\/p>\n","protected":false},"excerpt":{"rendered":"<p>Tarcza do wi\u00f3rek 11&#215;5,5 mm. Akcesorium do Krajalnicy KW350<\/p>\n","protected":false},"featured_media":18610,"template":"","meta":{"_et_pb_use_builder":"","_et_pb_old_content":"","_et_gb_content_width":""},"pwb-brand":[654],"product_brand":[],"product_cat":[656],"product_tag":[],"class_list":{"0":"post-18572","1":"product","2":"type-product","3":"status-publish","4":"has-post-thumbnail","6":"pwb-brand-spomasz-naklo","7":"product_cat-tarcze-do-szatkownic","9":"first","10":"instock","11":"taxable","12":"shipping-taxable","13":"purchasable","14":"product-type-simple"},"brands":[{"id":654,"name":"Spomasz Nak\u0142o","slug":"spomasz-naklo"}],"_links":{"self":[{"href":"https:\/\/www.multifrigo.pl\/sklep\/wp-json\/wp\/v2\/product\/18572","targetHints":{"allow":["GET"]}}],"collection":[{"href":"https:\/\/www.multifrigo.pl\/sklep\/wp-json\/wp\/v2\/product"}],"about":[{"href":"https:\/\/www.multifrigo.pl\/sklep\/wp-json\/wp\/v2\/types\/product"}],"wp:featuredmedia":[{"embeddable":true,"href":"https:\/\/www.multifrigo.pl\/sklep\/wp-json\/wp\/v2\/media\/18610"}],"wp:attachment":[{"href":"https:\/\/www.multifrigo.pl\/sklep\/wp-json\/wp\/v2\/media?parent=18572"}],"wp:term":[{"taxonomy":"pwb-brand","embeddable":true,"href":"https:\/\/www.multifrigo.pl\/sklep\/wp-json\/wp\/v2\/pwb-brand?post=18572"},{"taxonomy":"product_brand","embeddable":true,"href":"https:\/\/www.multifrigo.pl\/sklep\/wp-json\/wp\/v2\/product_brand?post=18572"},{"taxonomy":"product_cat","embeddable":true,"href":"https:\/\/www.multifrigo.pl\/sklep\/wp-json\/wp\/v2\/product_cat?post=18572"},{"taxonomy":"product_tag","embeddable":true,"href":"https:\/\/www.multifrigo.pl\/sklep\/wp-json\/wp\/v2\/product_tag?post=18572"}],"curies":[{"name":"wp","href":"https:\/\/api.w.org\/{rel}","templated":true}]}}