{"id":18576,"date":"2024-07-04T12:27:52","date_gmt":"2024-07-04T12:27:52","guid":{"rendered":"https:\/\/multifrigo.pl\/sklep\/?post_type=product&#038;p=18576"},"modified":"2025-08-07T09:12:34","modified_gmt":"2025-08-07T09:12:34","slug":"krajalnica-warzyw-bez-tarcz-i-stojaka-spomasz-naklo-kw350","status":"publish","type":"product","link":"https:\/\/www.multifrigo.pl\/sklep\/produkt\/krajalnica-warzyw-bez-tarcz-i-stojaka-spomasz-naklo-kw350\/","title":{"rendered":"Krajalnica warzyw ( bez tarcz i stojaka ) | Spomasz Nak\u0142o KW350"},"content":{"rendered":"<p>Krajalnica do warzyw KW350 to bezkonkurencyjne urz\u0105dzenie do obr\u00f3bki mechanicznej warzyw i owoc\u00f3w.  W urz\u0105dzeniu mo\u017cliwe jest: krojenie plastr\u00f3w (r\u00f3wnie\u017c falistych) r\u00f3\u017cnej grubo\u015bci, tarcie na wi\u00f3rki, tarcie na miazg\u0119 (np. ziemniak\u00f3w), bardzo wydajne szatkowanie kapusty, krojenie w kostk\u0119, przygotowywanie sur\u00f3wek (dwie specjalistyczne tarcze).  Du\u017ca moc urz\u0105dzenia oraz unikalne tarcze o \u015brednicy a\u017c 350mm, w po\u0142\u0105czeniu z cen\u0105 stanowi\u0105c\u0105 u\u0142amek ceny urz\u0105dze\u0144 konkurencyjnych o podobnej wydajno\u015bci sprawiaj\u0105, \u017ce jest to najlepszy wyb\u00f3r wsz\u0119dzie tam, gdzie przygotowywana jest du\u017ca ilo\u015b\u0107 posi\u0142k\u00f3w.  Szczeg\u00f3lnie polecana dla: producent\u00f3w sur\u00f3wek, szpitali, zak\u0142ad\u00f3w karnych, zespo\u0142\u00f3w szk\u00f3\u0142, dom\u00f3w pomocy spo\u0142ecznej, sto\u0142\u00f3wek, dom\u00f3w weselnych itp.<\/p>\n","protected":false},"excerpt":{"rendered":"<p>Krajalnica do warzyw KW350 to bezkonkurencyjne urz\u0105dzenie do obr\u00f3bki mechanicznej warzyw i owoc\u00f3w. W urz\u0105dzeniu mo\u017cliwe jest: krojenie plastr\u00f3w (r\u00f3wnie\u017c falistych) r\u00f3\u017cnej grubo\u015bci, tarcie na wi\u00f3rki, tarcie na miazg\u0119 (np. ziemniak\u00f3w), bardzo wydajne szatkowanie kapusty, krojenie w kostk\u0119, przygotowywanie sur\u00f3wek (dwie specjalistyczne tarcze). Du\u017ca moc urz\u0105dzenia oraz unikalne tarcze o \u015brednicy a\u017c 350mm, w po\u0142\u0105czeniu [&hellip;]<\/p>\n","protected":false},"featured_media":18595,"template":"","meta":{"_et_pb_use_builder":"","_et_pb_old_content":"","_et_gb_content_width":""},"pwb-brand":[654],"product_brand":[],"product_cat":[655],"product_tag":[],"class_list":{"0":"post-18576","1":"product","2":"type-product","3":"status-publish","4":"has-post-thumbnail","6":"pwb-brand-spomasz-naklo","7":"product_cat-szatkownice-do-warzyw","9":"first","10":"instock","11":"taxable","12":"shipping-taxable","13":"purchasable","14":"product-type-simple"},"brands":[{"id":654,"name":"Spomasz Nak\u0142o","slug":"spomasz-naklo"}],"_links":{"self":[{"href":"https:\/\/www.multifrigo.pl\/sklep\/wp-json\/wp\/v2\/product\/18576","targetHints":{"allow":["GET"]}}],"collection":[{"href":"https:\/\/www.multifrigo.pl\/sklep\/wp-json\/wp\/v2\/product"}],"about":[{"href":"https:\/\/www.multifrigo.pl\/sklep\/wp-json\/wp\/v2\/types\/product"}],"wp:featuredmedia":[{"embeddable":true,"href":"https:\/\/www.multifrigo.pl\/sklep\/wp-json\/wp\/v2\/media\/18595"}],"wp:attachment":[{"href":"https:\/\/www.multifrigo.pl\/sklep\/wp-json\/wp\/v2\/media?parent=18576"}],"wp:term":[{"taxonomy":"pwb-brand","embeddable":true,"href":"https:\/\/www.multifrigo.pl\/sklep\/wp-json\/wp\/v2\/pwb-brand?post=18576"},{"taxonomy":"product_brand","embeddable":true,"href":"https:\/\/www.multifrigo.pl\/sklep\/wp-json\/wp\/v2\/product_brand?post=18576"},{"taxonomy":"product_cat","embeddable":true,"href":"https:\/\/www.multifrigo.pl\/sklep\/wp-json\/wp\/v2\/product_cat?post=18576"},{"taxonomy":"product_tag","embeddable":true,"href":"https:\/\/www.multifrigo.pl\/sklep\/wp-json\/wp\/v2\/product_tag?post=18576"}],"curies":[{"name":"wp","href":"https:\/\/api.w.org\/{rel}","templated":true}]}}