{"id":18577,"date":"2024-07-04T12:27:52","date_gmt":"2024-07-04T12:27:52","guid":{"rendered":"https:\/\/multifrigo.pl\/sklep\/?post_type=product&#038;p=18577"},"modified":"2025-08-07T09:13:39","modified_gmt":"2025-08-07T09:13:39","slug":"stojak-do-tarcz-kw350-spomasz-naklo-kw350-0-1-00","status":"publish","type":"product","link":"https:\/\/www.multifrigo.pl\/sklep\/produkt\/stojak-do-tarcz-kw350-spomasz-naklo-kw350-0-1-00\/","title":{"rendered":"Stojak do tarcz KW350 | Spomasz Nak\u0142o KW350-0.1.00"},"content":{"rendered":"<p>Stojak do tarcz KW350. Przeznaczony do tarcz do krajalnicy do warzyw SPOMASZ Nak\u0142o \/ 4MASZ-GASTRO KW350. Krajalnica do warzyw KW350 to doskona\u0142e urz\u0105dzenie do obr\u00f3bki mechanicznej warzyw i owoc\u00f3w.<\/p>\n","protected":false},"excerpt":{"rendered":"<p>Stojak do tarcz KW350. Przeznaczony do tarcz do krajalnicy do warzyw SPOMASZ Nak\u0142o \/ 4MASZ-GASTRO KW350. Krajalnica do warzyw KW350 to doskona\u0142e urz\u0105dzenie do obr\u00f3bki mechanicznej warzyw i owoc\u00f3w.<\/p>\n","protected":false},"featured_media":18615,"template":"","meta":{"_et_pb_use_builder":"","_et_pb_old_content":"","_et_gb_content_width":""},"pwb-brand":[654],"product_brand":[],"product_cat":[656],"product_tag":[],"class_list":{"0":"post-18577","1":"product","2":"type-product","3":"status-publish","4":"has-post-thumbnail","6":"pwb-brand-spomasz-naklo","7":"product_cat-tarcze-do-szatkownic","9":"first","10":"instock","11":"taxable","12":"shipping-taxable","13":"purchasable","14":"product-type-simple"},"brands":[{"id":654,"name":"Spomasz Nak\u0142o","slug":"spomasz-naklo"}],"_links":{"self":[{"href":"https:\/\/www.multifrigo.pl\/sklep\/wp-json\/wp\/v2\/product\/18577","targetHints":{"allow":["GET"]}}],"collection":[{"href":"https:\/\/www.multifrigo.pl\/sklep\/wp-json\/wp\/v2\/product"}],"about":[{"href":"https:\/\/www.multifrigo.pl\/sklep\/wp-json\/wp\/v2\/types\/product"}],"wp:featuredmedia":[{"embeddable":true,"href":"https:\/\/www.multifrigo.pl\/sklep\/wp-json\/wp\/v2\/media\/18615"}],"wp:attachment":[{"href":"https:\/\/www.multifrigo.pl\/sklep\/wp-json\/wp\/v2\/media?parent=18577"}],"wp:term":[{"taxonomy":"pwb-brand","embeddable":true,"href":"https:\/\/www.multifrigo.pl\/sklep\/wp-json\/wp\/v2\/pwb-brand?post=18577"},{"taxonomy":"product_brand","embeddable":true,"href":"https:\/\/www.multifrigo.pl\/sklep\/wp-json\/wp\/v2\/product_brand?post=18577"},{"taxonomy":"product_cat","embeddable":true,"href":"https:\/\/www.multifrigo.pl\/sklep\/wp-json\/wp\/v2\/product_cat?post=18577"},{"taxonomy":"product_tag","embeddable":true,"href":"https:\/\/www.multifrigo.pl\/sklep\/wp-json\/wp\/v2\/product_tag?post=18577"}],"curies":[{"name":"wp","href":"https:\/\/api.w.org\/{rel}","templated":true}]}}