{"id":18590,"date":"2024-07-04T12:28:16","date_gmt":"2024-07-04T12:28:16","guid":{"rendered":"https:\/\/multifrigo.pl\/sklep\/produkt\/patelnia-elektryczna-wanna-zeliwna-spomasz-naklo-p25z\/"},"modified":"2025-08-07T09:12:29","modified_gmt":"2025-08-07T09:12:29","slug":"patelnia-elektryczna-wanna-zeliwna-spomasz-naklo-p25z","status":"publish","type":"product","link":"https:\/\/www.multifrigo.pl\/sklep\/produkt\/patelnia-elektryczna-wanna-zeliwna-spomasz-naklo-p25z\/","title":{"rendered":"Patelnia elektryczna (wanna \u017celiwna) | Spomasz Nak\u0142o P25Z"},"content":{"rendered":"<p>Przechylne patelnie elektryczne s\u0105 niezast\u0105pion\u0105 pomoc\u0105 w kuchniach zak\u0142ad\u00f3w zbiorowego \u017cywienia, przy sma\u017ceniu i pieczeniu takich potraw jak: kotlety, jajecznica, nale\u015bniki, ryby itp. Wanna wykonana z \u017celiwa nie nadaje si\u0119 do przygotowywania potraw kwa\u015bnych. Urz\u0105dzenie posiada regulowane n\u00f3\u017cki. Patelnia nie wymaga mocowania do posadzki.<\/p>\n","protected":false},"excerpt":{"rendered":"<p>Przechylne patelnie elektryczne s\u0105 niezast\u0105pion\u0105 pomoc\u0105 w kuchniach zak\u0142ad\u00f3w zbiorowego \u017cywienia, przy sma\u017ceniu i pieczeniu takich potraw jak: kotlety, jajecznica, nale\u015bniki, ryby itp. Wanna wykonana z \u017celiwa nie nadaje si\u0119 do przygotowywania potraw kwa\u015bnych. Urz\u0105dzenie posiada regulowane n\u00f3\u017cki. Patelnia nie wymaga mocowania do posadzki.<\/p>\n","protected":false},"featured_media":18589,"template":"","meta":{"_et_pb_use_builder":"","_et_pb_old_content":"","_et_gb_content_width":""},"pwb-brand":[654],"product_brand":[],"product_cat":[476],"product_tag":[],"class_list":{"0":"post-18590","1":"product","2":"type-product","3":"status-publish","4":"has-post-thumbnail","6":"pwb-brand-spomasz-naklo","7":"product_cat-patelnie-uchylne","9":"first","10":"instock","11":"taxable","12":"shipping-taxable","13":"purchasable","14":"product-type-simple"},"brands":[{"id":654,"name":"Spomasz Nak\u0142o","slug":"spomasz-naklo"}],"_links":{"self":[{"href":"https:\/\/www.multifrigo.pl\/sklep\/wp-json\/wp\/v2\/product\/18590","targetHints":{"allow":["GET"]}}],"collection":[{"href":"https:\/\/www.multifrigo.pl\/sklep\/wp-json\/wp\/v2\/product"}],"about":[{"href":"https:\/\/www.multifrigo.pl\/sklep\/wp-json\/wp\/v2\/types\/product"}],"wp:featuredmedia":[{"embeddable":true,"href":"https:\/\/www.multifrigo.pl\/sklep\/wp-json\/wp\/v2\/media\/18589"}],"wp:attachment":[{"href":"https:\/\/www.multifrigo.pl\/sklep\/wp-json\/wp\/v2\/media?parent=18590"}],"wp:term":[{"taxonomy":"pwb-brand","embeddable":true,"href":"https:\/\/www.multifrigo.pl\/sklep\/wp-json\/wp\/v2\/pwb-brand?post=18590"},{"taxonomy":"product_brand","embeddable":true,"href":"https:\/\/www.multifrigo.pl\/sklep\/wp-json\/wp\/v2\/product_brand?post=18590"},{"taxonomy":"product_cat","embeddable":true,"href":"https:\/\/www.multifrigo.pl\/sklep\/wp-json\/wp\/v2\/product_cat?post=18590"},{"taxonomy":"product_tag","embeddable":true,"href":"https:\/\/www.multifrigo.pl\/sklep\/wp-json\/wp\/v2\/product_tag?post=18590"}],"curies":[{"name":"wp","href":"https:\/\/api.w.org\/{rel}","templated":true}]}}