{"id":18592,"date":"2024-07-04T12:28:18","date_gmt":"2024-07-04T12:28:18","guid":{"rendered":"https:\/\/multifrigo.pl\/sklep\/produkt\/patelnia-elektryczna-wanna-zeliwna-spomasz-naklo-p40z\/"},"modified":"2025-08-07T09:12:31","modified_gmt":"2025-08-07T09:12:31","slug":"patelnia-elektryczna-wanna-zeliwna-spomasz-naklo-p40z","status":"publish","type":"product","link":"https:\/\/www.multifrigo.pl\/sklep\/produkt\/patelnia-elektryczna-wanna-zeliwna-spomasz-naklo-p40z\/","title":{"rendered":"Patelnia elektryczna (wanna \u017celiwna) | Spomasz Nak\u0142o P40Z"},"content":{"rendered":"<p>Przechylna patelnia elektryczna s\u0142u\u017cy do przygotowywania takich potraw jak: kotlety, klopsy, ryby, jajecznice, nale\u015bniki, itp. Model P40Z wyposa\u017cony jest w wann\u0119 \u017celiwn\u0105, kt\u00f3r\u0105 cechuje wyj\u0105tkowo r\u00f3wnomierny rozk\u0142ad temperatur na powierzchni roboczej. Dzi\u0119ki zastosowaniu w kuchni naszych patelni mo\u017cna osi\u0105gn\u0105\u0107 wyj\u0105tkowe efekty obr\u00f3bki cieplnej minimalizuj\u0105c ryzyko przypalenia.<\/p>\n","protected":false},"excerpt":{"rendered":"<p>Przechylna patelnia elektryczna s\u0142u\u017cy do przygotowywania takich potraw jak: kotlety, klopsy, ryby, jajecznice, nale\u015bniki, itp. Model P40Z wyposa\u017cony jest w wann\u0119 \u017celiwn\u0105, kt\u00f3r\u0105 cechuje wyj\u0105tkowo r\u00f3wnomierny rozk\u0142ad temperatur na powierzchni roboczej. Dzi\u0119ki zastosowaniu w kuchni naszych patelni mo\u017cna osi\u0105gn\u0105\u0107 wyj\u0105tkowe efekty obr\u00f3bki cieplnej minimalizuj\u0105c ryzyko przypalenia.<\/p>\n","protected":false},"featured_media":18591,"template":"","meta":{"_et_pb_use_builder":"","_et_pb_old_content":"","_et_gb_content_width":""},"pwb-brand":[654],"product_brand":[],"product_cat":[476],"product_tag":[],"class_list":{"0":"post-18592","1":"product","2":"type-product","3":"status-publish","4":"has-post-thumbnail","6":"pwb-brand-spomasz-naklo","7":"product_cat-patelnie-uchylne","9":"first","10":"instock","11":"taxable","12":"shipping-taxable","13":"purchasable","14":"product-type-simple"},"brands":[{"id":654,"name":"Spomasz Nak\u0142o","slug":"spomasz-naklo"}],"_links":{"self":[{"href":"https:\/\/www.multifrigo.pl\/sklep\/wp-json\/wp\/v2\/product\/18592","targetHints":{"allow":["GET"]}}],"collection":[{"href":"https:\/\/www.multifrigo.pl\/sklep\/wp-json\/wp\/v2\/product"}],"about":[{"href":"https:\/\/www.multifrigo.pl\/sklep\/wp-json\/wp\/v2\/types\/product"}],"wp:featuredmedia":[{"embeddable":true,"href":"https:\/\/www.multifrigo.pl\/sklep\/wp-json\/wp\/v2\/media\/18591"}],"wp:attachment":[{"href":"https:\/\/www.multifrigo.pl\/sklep\/wp-json\/wp\/v2\/media?parent=18592"}],"wp:term":[{"taxonomy":"pwb-brand","embeddable":true,"href":"https:\/\/www.multifrigo.pl\/sklep\/wp-json\/wp\/v2\/pwb-brand?post=18592"},{"taxonomy":"product_brand","embeddable":true,"href":"https:\/\/www.multifrigo.pl\/sklep\/wp-json\/wp\/v2\/product_brand?post=18592"},{"taxonomy":"product_cat","embeddable":true,"href":"https:\/\/www.multifrigo.pl\/sklep\/wp-json\/wp\/v2\/product_cat?post=18592"},{"taxonomy":"product_tag","embeddable":true,"href":"https:\/\/www.multifrigo.pl\/sklep\/wp-json\/wp\/v2\/product_tag?post=18592"}],"curies":[{"name":"wp","href":"https:\/\/api.w.org\/{rel}","templated":true}]}}