{"id":18594,"date":"2024-07-04T12:28:19","date_gmt":"2024-07-04T12:28:19","guid":{"rendered":"https:\/\/multifrigo.pl\/sklep\/produkt\/patelnia-elektryczna-wanna-nierdzewna-spomasz-naklo-pe25n\/"},"modified":"2025-08-07T09:12:34","modified_gmt":"2025-08-07T09:12:34","slug":"patelnia-elektryczna-wanna-nierdzewna-spomasz-naklo-p25n","status":"publish","type":"product","link":"https:\/\/www.multifrigo.pl\/sklep\/produkt\/patelnia-elektryczna-wanna-nierdzewna-spomasz-naklo-p25n\/","title":{"rendered":"Patelnia elektryczna (wanna nierdzewna) | Spomasz Nak\u0142o P25N"},"content":{"rendered":"<p>PE25N to przechylna patelnia elektryczna z kwasoodporn\u0105 mis\u0105. Patelnia elektryczna s\u0142u\u017cy do przygotowywania takich potraw jak: kotlety, ryby, jajecznice, nale\u015bniki, itp. Posiada dwuwarstwowe dno &#8211; ze stali kwasoodpornej oraz aluminium. Patelni\u0119 cechuje bardzo dobry rozk\u0142ad temperatury na powierzchni roboczej wanny. Patelni\u0119 cechuje kr\u00f3tki czas rozgrzewania oraz dodatkowe zabezpieczenie, dzi\u0119ki kt\u00f3remu niemo\u017cliwe jest samoczynne za\u0142\u0105czenie grzania przy powrocie napi\u0119cia po zaniku zasilania w sieci. Urz\u0105dzenie jest \u0142atwe w obs\u0142udze dzi\u0119ki pokrywie z jednokierunkowym sprz\u0119g\u0142em i hamulcem. Niewielkie gabaryty znacz\u0105co u\u0142atwiaj\u0105 transport patelni, za\u015b wykonanie ze stali nierdzewnej sprawia, \u017ce urz\u0105dzenie cechuje si\u0119 du\u017ca trwa\u0142o\u015bci\u0105. Sprz\u0119t posiada regulowane n\u00f3\u017cki, nie wymaga mocowania do pod\u0142ogi.<LI>Kwasoodporna misa wanny o pojemno\u015bci roboczej wanny 30 litr\u00f3w <LI>Kr\u00f3tki czas rozgrzewania<\/p>\n","protected":false},"excerpt":{"rendered":"<p>PE25N to przechylna patelnia elektryczna z kwasoodporn\u0105 mis\u0105. Patelnia elektryczna s\u0142u\u017cy do przygotowywania takich potraw jak: kotlety, ryby, jajecznice, nale\u015bniki, itp. Posiada dwuwarstwowe dno &#8211; ze stali kwasoodpornej oraz aluminium. Patelni\u0119 cechuje bardzo dobry rozk\u0142ad temperatury na powierzchni roboczej wanny. Patelni\u0119 cechuje kr\u00f3tki czas rozgrzewania oraz dodatkowe zabezpieczenie, dzi\u0119ki kt\u00f3remu niemo\u017cliwe jest samoczynne za\u0142\u0105czenie grzania [&hellip;]<\/p>\n","protected":false},"featured_media":18593,"template":"","meta":{"_et_pb_use_builder":"","_et_pb_old_content":"","_et_gb_content_width":""},"pwb-brand":[654],"product_brand":[],"product_cat":[476],"product_tag":[],"class_list":{"0":"post-18594","1":"product","2":"type-product","3":"status-publish","4":"has-post-thumbnail","6":"pwb-brand-spomasz-naklo","7":"product_cat-patelnie-uchylne","9":"first","10":"instock","11":"taxable","12":"shipping-taxable","13":"purchasable","14":"product-type-simple"},"brands":[{"id":654,"name":"Spomasz Nak\u0142o","slug":"spomasz-naklo"}],"_links":{"self":[{"href":"https:\/\/www.multifrigo.pl\/sklep\/wp-json\/wp\/v2\/product\/18594","targetHints":{"allow":["GET"]}}],"collection":[{"href":"https:\/\/www.multifrigo.pl\/sklep\/wp-json\/wp\/v2\/product"}],"about":[{"href":"https:\/\/www.multifrigo.pl\/sklep\/wp-json\/wp\/v2\/types\/product"}],"wp:featuredmedia":[{"embeddable":true,"href":"https:\/\/www.multifrigo.pl\/sklep\/wp-json\/wp\/v2\/media\/18593"}],"wp:attachment":[{"href":"https:\/\/www.multifrigo.pl\/sklep\/wp-json\/wp\/v2\/media?parent=18594"}],"wp:term":[{"taxonomy":"pwb-brand","embeddable":true,"href":"https:\/\/www.multifrigo.pl\/sklep\/wp-json\/wp\/v2\/pwb-brand?post=18594"},{"taxonomy":"product_brand","embeddable":true,"href":"https:\/\/www.multifrigo.pl\/sklep\/wp-json\/wp\/v2\/product_brand?post=18594"},{"taxonomy":"product_cat","embeddable":true,"href":"https:\/\/www.multifrigo.pl\/sklep\/wp-json\/wp\/v2\/product_cat?post=18594"},{"taxonomy":"product_tag","embeddable":true,"href":"https:\/\/www.multifrigo.pl\/sklep\/wp-json\/wp\/v2\/product_tag?post=18594"}],"curies":[{"name":"wp","href":"https:\/\/api.w.org\/{rel}","templated":true}]}}