{"id":18617,"date":"2024-07-04T12:28:47","date_gmt":"2024-07-04T12:28:47","guid":{"rendered":"https:\/\/multifrigo.pl\/sklep\/produkt\/mieszarka-warzyw-spomasz-naklo-mp60\/"},"modified":"2025-08-07T09:13:42","modified_gmt":"2025-08-07T09:13:42","slug":"mieszarka-warzyw-spomasz-naklo-mp60","status":"publish","type":"product","link":"https:\/\/www.multifrigo.pl\/sklep\/produkt\/mieszarka-warzyw-spomasz-naklo-mp60\/","title":{"rendered":"Mieszarka warzyw | Spomasz Nak\u0142o MP60"},"content":{"rendered":"<p>Profesjonalna mieszarka jarzyn i farszu firmy Spomasz-Nak\u0142o przeznaczona do gastronomii. Przeznaczona jest do jednorodnego mieszania du\u017cej ilo\u015bci sur\u00f3wek jarzynowych oraz farsz\u00f3w. Polecana jest do lokali gastronomicznych tj. restauracje, bary sa\u0142atkowe.<LI>wykonanie ze stali nierdzewnej <LI>pokrywa zespolona <LI>wy\u0142\u0105cznik zbli\u017ceniowy <LI>automatyczny rewers obrot\u00f3w <LI>solidna konstrukcja <\/p>\n","protected":false},"excerpt":{"rendered":"<p>Profesjonalna mieszarka jarzyn i farszu firmy Spomasz-Nak\u0142o przeznaczona do gastronomii. Przeznaczona jest do jednorodnego mieszania du\u017cej ilo\u015bci sur\u00f3wek jarzynowych oraz farsz\u00f3w. Polecana jest do lokali gastronomicznych tj. restauracje, bary sa\u0142atkowe.wykonanie ze stali nierdzewnej pokrywa zespolona wy\u0142\u0105cznik zbli\u017ceniowy automatyczny rewers obrot\u00f3w solidna konstrukcja<\/p>\n","protected":false},"featured_media":18616,"template":"","meta":{"_et_pb_use_builder":"","_et_pb_old_content":"","_et_gb_content_width":""},"pwb-brand":[654],"product_brand":[],"product_cat":[657],"product_tag":[],"class_list":{"0":"post-18617","1":"product","2":"type-product","3":"status-publish","4":"has-post-thumbnail","6":"pwb-brand-spomasz-naklo","7":"product_cat-mieszarki-do-warzyw-i-farszu","9":"first","10":"instock","11":"taxable","12":"shipping-taxable","13":"purchasable","14":"product-type-simple"},"brands":[{"id":654,"name":"Spomasz Nak\u0142o","slug":"spomasz-naklo"}],"_links":{"self":[{"href":"https:\/\/www.multifrigo.pl\/sklep\/wp-json\/wp\/v2\/product\/18617","targetHints":{"allow":["GET"]}}],"collection":[{"href":"https:\/\/www.multifrigo.pl\/sklep\/wp-json\/wp\/v2\/product"}],"about":[{"href":"https:\/\/www.multifrigo.pl\/sklep\/wp-json\/wp\/v2\/types\/product"}],"wp:featuredmedia":[{"embeddable":true,"href":"https:\/\/www.multifrigo.pl\/sklep\/wp-json\/wp\/v2\/media\/18616"}],"wp:attachment":[{"href":"https:\/\/www.multifrigo.pl\/sklep\/wp-json\/wp\/v2\/media?parent=18617"}],"wp:term":[{"taxonomy":"pwb-brand","embeddable":true,"href":"https:\/\/www.multifrigo.pl\/sklep\/wp-json\/wp\/v2\/pwb-brand?post=18617"},{"taxonomy":"product_brand","embeddable":true,"href":"https:\/\/www.multifrigo.pl\/sklep\/wp-json\/wp\/v2\/product_brand?post=18617"},{"taxonomy":"product_cat","embeddable":true,"href":"https:\/\/www.multifrigo.pl\/sklep\/wp-json\/wp\/v2\/product_cat?post=18617"},{"taxonomy":"product_tag","embeddable":true,"href":"https:\/\/www.multifrigo.pl\/sklep\/wp-json\/wp\/v2\/product_tag?post=18617"}],"curies":[{"name":"wp","href":"https:\/\/api.w.org\/{rel}","templated":true}]}}