{"id":18638,"date":"2024-07-05T12:59:53","date_gmt":"2024-07-05T12:59:53","guid":{"rendered":"https:\/\/multifrigo.pl\/sklep\/?post_type=product&#038;p=18638"},"modified":"2025-10-09T12:53:16","modified_gmt":"2025-10-09T12:53:16","slug":"garnek-wysoki-z-pokrywka-ze-stali-nierdzewnej-32x26cm-209l-yato-yg-00005","status":"publish","type":"product","link":"https:\/\/www.multifrigo.pl\/sklep\/produkt\/garnek-wysoki-z-pokrywka-ze-stali-nierdzewnej-32x26cm-209l-yato-yg-00005\/","title":{"rendered":"GARNEK WYSOKI Z POKRYWK\u0104 ZE STALI NIERDZEWNEJ 32X26CM 20,9L | Yato YG-00005"},"content":{"rendered":"<div id=\"piktogram_container\"><img loading=\"lazy\" decoding=\"async\" class=\"piktogram\" src=\"https:\/\/pim.toya.pl\/piktogramy\/DIAMETER\/image-thumb__96255__Sklep_pikto\/32_cm_DIAMETER.png\" width=\"64\" height=\"64\" alt=\"\"><img loading=\"lazy\" decoding=\"async\" class=\"piktogram\" src=\"https:\/\/pim.toya.pl\/piktogramy\/cm\/image-thumb__96274__Sklep_pikto\/26_cm.png\" width=\"64\" height=\"64\" alt=\"\"><img loading=\"lazy\" decoding=\"async\" class=\"piktogram\" src=\"https:\/\/pim.toya.pl\/piktogramy\/L_ml\/image-thumb__51399__Sklep_pikto\/20%2C9_L.png\" width=\"64\" height=\"64\" alt=\"\"><img loading=\"lazy\" decoding=\"async\" class=\"piktogram\" src=\"https:\/\/pim.toya.pl\/piktogramy\/PICTURES\/image-thumb__59954__Sklep_pikto\/COOKER_ELECTRIC.png\" width=\"64\" height=\"64\" alt=\"\"><img loading=\"lazy\" decoding=\"async\" class=\"piktogram\" src=\"https:\/\/pim.toya.pl\/piktogramy\/PICTURES\/image-thumb__59950__Sklep_pikto\/COOKER_CERAMIC.png\" width=\"64\" height=\"64\" alt=\"\"><img loading=\"lazy\" decoding=\"async\" class=\"piktogram\" src=\"https:\/\/pim.toya.pl\/piktogramy\/PICTURES\/image-thumb__59956__Sklep_pikto\/COOKER_INDUCTION.png\" width=\"64\" height=\"64\" alt=\"\"><img loading=\"lazy\" decoding=\"async\" class=\"piktogram\" src=\"https:\/\/pim.toya.pl\/piktogramy\/PICTURES\/image-thumb__59955__Sklep_pikto\/COOKER_GAS.png\" width=\"64\" height=\"64\" alt=\"\"><img loading=\"lazy\" decoding=\"async\" class=\"piktogram\" src=\"https:\/\/pim.toya.pl\/piktogramy\/PICTURES_DESCRIPTION\/image-thumb__60403__Sklep_pikto\/x3_BOTTOM.png\" width=\"64\" height=\"64\" alt=\"\"><img loading=\"lazy\" decoding=\"async\" class=\"piktogram\" src=\"https:\/\/pim.toya.pl\/piktogramy\/PICTURES_DESCRIPTION\/image-thumb__60317__Sklep_pikto\/%2BLID.png\" width=\"64\" height=\"64\" alt=\"\"><img loading=\"lazy\" decoding=\"async\" class=\"piktogram\" src=\"https:\/\/pim.toya.pl\/piktogramy\/MATERIALS\/image-thumb__65064__Sklep_pikto\/SS_21-0.png\" width=\"64\" height=\"64\" alt=\"\"><img loading=\"lazy\" decoding=\"async\" class=\"piktogram\" src=\"https:\/\/pim.toya.pl\/piktogramy\/PICTURES\/image-thumb__59934__Sklep_pikto\/WASHING_MACHINE.png\" width=\"64\" height=\"64\" alt=\"\"><img loading=\"lazy\" decoding=\"async\" class=\"piktogram\" src=\"https:\/\/pim.toya.pl\/piktogramy\/PICTURES_DESCRIPTION\/image-thumb__60337__Sklep_pikto\/DETERGENT.png\" width=\"64\" height=\"64\" alt=\"\"><\/div>\n<p>Profesjonalny garnek wysoki z pokrywk\u0105, o wymiarach <strong>32&#215;26 cm<\/strong> oraz pojemno\u015bci <strong>20,9 l.<\/strong><\/p>\n<p><strong><\/strong>Garnek <strong>YATO Professional Kitchen Equipment<\/strong> przeznaczony jest do <strong>profesjonalnego wykorzystania<\/strong> w bran\u017cy gastronomicznej. Doskonale nadaje si\u0119 do przygotowywania wszelkiego rodzaju potraw. <strong>Wykonany jest z wysokiej jako\u015bci stali nierdzewnej 21\/0<\/strong>, opracowanej specjalnie do u\u017cytku w gastronomii. Najwa\u017cniejsz\u0105 zalet\u0105 garnk&oacute;w wykonanych z tego rodzaju stali jest <strong>przewodzenie ciep\u0142a a\u017c o 30% wi\u0119ksze<\/strong> w por&oacute;wnaniu ze standardowymi garnkami wykonanymi ze stali 304. <strong>Charakteryzuje je r&oacute;wnie\u017c podwy\u017cszona odporno\u015b\u0107 na uszkodzenia mechaniczne oraz dzia\u0142anie kwas&oacute;w organicznych i detergent&oacute;w.<\/strong> W\u0142a\u015bnie dlatego&nbsp;<strong>nadaj\u0105 si\u0119 do mycia w zmywarkach<\/strong>&nbsp;oraz s\u0105 odporne na intensywne szorowanie powierzchni. Co wa\u017cne, garnki wykonane ze stali typu <strong>21\/0 nie zawieraj\u0105 szkodliwych dla zdrowia manganu i niklu.<\/strong><\/p>\n<p><strong><\/strong><strong>Specjalna konstrukcja dna kapsu\u0142owego rozprowadza ciep\u0142o r&oacute;wnomiernie<\/strong> po ca\u0142ej powierzchni spodu, co zwi\u0119ksza stopie\u0144 wykorzystania ciep\u0142a i efektywno\u015b\u0107 gotowania. Przek\u0142ada si\u0119 to bezpo\u015brednio na ich jako\u015b\u0107 oraz komfort pracy kucharza. Takie rozwi\u0105zanie zmniejsza r&oacute;wnie\u017c ryzyko przypalenia potraw.<\/p>\n<p><strong>Wk\u0142adka ferromagnetyczna<\/strong> w dnie pozwala na stosowanie garnk&oacute;w YATO na ka\u017cdym rodzaju kuchenek, takich jak:<\/p>\n<ul>\n<li>elektryczna<\/li>\n<li>indukcyjna<\/li>\n<li>gazowa<\/li>\n<li>ceramiczna<\/li>\n<\/ul>\n<p>Boczne \u015bciany garnka i pokrywka s\u0105 <strong>wykonane z grubej stali<\/strong>, utrzymuj\u0105cej temperatur\u0119 d\u0142u\u017cej ni\u017c standardowe naczynia ze stali typu 304. W garnkach YATO zastosowano <strong>wyj\u0105tkowo masywne i nienagrzewaj\u0105ce si\u0119, solidnie zamocowane uchwyty.<\/strong> Gwarantuje to bezpiecze\u0144stwo i wieloletni\u0105 trwa\u0142o\u015b\u0107 u\u017cytkowania.<\/p>\n<p>przeznaczona do profesjonalnego wykorzystania w bran\u017cy gastronomicznej. Doskonale nadaje si\u0119 do gotowania wszelkiego rodzaju potraw<\/p>\n","protected":false},"excerpt":{"rendered":"<p>Profesjonalny garnek wysoki z pokrywk\u0105, o wymiarach 32&#215;26 cm oraz pojemno\u015bci 20,9 l. Garnek YATO Professional Kitchen Equipment przeznaczony jest do profesjonalnego wykorzystania w bran\u017cy gastronomicznej. Doskonale nadaje si\u0119 do przygotowywania wszelkiego rodzaju potraw. Wykonany jest z wysokiej jako\u015bci stali nierdzewnej 21\/0, opracowanej specjalnie do u\u017cytku w gastronomii. Najwa\u017cniejsz\u0105 zalet\u0105 garnk&oacute;w wykonanych z tego rodzaju [&hellip;]<\/p>\n","protected":false},"featured_media":19365,"template":"","meta":{"_et_pb_use_builder":"","_et_pb_old_content":"","_et_gb_content_width":""},"pwb-brand":[658],"product_brand":[],"product_cat":[69],"product_tag":[],"class_list":{"0":"post-18638","1":"product","2":"type-product","3":"status-publish","4":"has-post-thumbnail","6":"pwb-brand-yato","7":"product_cat-wysokie","9":"first","10":"instock","11":"taxable","12":"shipping-taxable","13":"purchasable","14":"product-type-simple"},"brands":[{"id":658,"name":"Yato","slug":"yato"}],"_links":{"self":[{"href":"https:\/\/www.multifrigo.pl\/sklep\/wp-json\/wp\/v2\/product\/18638","targetHints":{"allow":["GET"]}}],"collection":[{"href":"https:\/\/www.multifrigo.pl\/sklep\/wp-json\/wp\/v2\/product"}],"about":[{"href":"https:\/\/www.multifrigo.pl\/sklep\/wp-json\/wp\/v2\/types\/product"}],"wp:featuredmedia":[{"embeddable":true,"href":"https:\/\/www.multifrigo.pl\/sklep\/wp-json\/wp\/v2\/media\/19365"}],"wp:attachment":[{"href":"https:\/\/www.multifrigo.pl\/sklep\/wp-json\/wp\/v2\/media?parent=18638"}],"wp:term":[{"taxonomy":"pwb-brand","embeddable":true,"href":"https:\/\/www.multifrigo.pl\/sklep\/wp-json\/wp\/v2\/pwb-brand?post=18638"},{"taxonomy":"product_brand","embeddable":true,"href":"https:\/\/www.multifrigo.pl\/sklep\/wp-json\/wp\/v2\/product_brand?post=18638"},{"taxonomy":"product_cat","embeddable":true,"href":"https:\/\/www.multifrigo.pl\/sklep\/wp-json\/wp\/v2\/product_cat?post=18638"},{"taxonomy":"product_tag","embeddable":true,"href":"https:\/\/www.multifrigo.pl\/sklep\/wp-json\/wp\/v2\/product_tag?post=18638"}],"curies":[{"name":"wp","href":"https:\/\/api.w.org\/{rel}","templated":true}]}}