{"id":18671,"date":"2024-07-05T13:00:00","date_gmt":"2024-07-05T13:00:00","guid":{"rendered":"https:\/\/multifrigo.pl\/sklep\/?post_type=product&#038;p=18671"},"modified":"2025-10-09T12:53:41","modified_gmt":"2025-10-09T12:53:41","slug":"garnek-niski-z-pokrywka-32x22-17l-yato-yg-00048","status":"publish","type":"product","link":"https:\/\/www.multifrigo.pl\/sklep\/produkt\/garnek-niski-z-pokrywka-32x22-17l-yato-yg-00048\/","title":{"rendered":"GARNEK NISKI Z POKRYWK\u0104 32X22 17L | Yato YG-00048"},"content":{"rendered":"<div id=\"piktogram_container\"><img loading=\"lazy\" decoding=\"async\" class=\"piktogram\" src=\"https:\/\/pim.toya.pl\/piktogramy\/DIAMETER\/image-thumb__96255__Sklep_pikto\/32_cm_DIAMETER.png\" width=\"64\" height=\"64\" alt=\"\"><img loading=\"lazy\" decoding=\"async\" class=\"piktogram\" src=\"https:\/\/pim.toya.pl\/piktogramy\/cm\/image-thumb__93812__Sklep_pikto\/22_cm.png\" width=\"64\" height=\"64\" alt=\"\"><img loading=\"lazy\" decoding=\"async\" class=\"piktogram\" src=\"https:\/\/pim.toya.pl\/piktogramy\/L_ml\/image-thumb__51389__Sklep_pikto\/17_L.png\" width=\"64\" height=\"64\" alt=\"\"><img loading=\"lazy\" decoding=\"async\" class=\"piktogram\" src=\"https:\/\/pim.toya.pl\/piktogramy\/PICTURES\/image-thumb__59954__Sklep_pikto\/COOKER_ELECTRIC.png\" width=\"64\" height=\"64\" alt=\"\"><img loading=\"lazy\" decoding=\"async\" class=\"piktogram\" src=\"https:\/\/pim.toya.pl\/piktogramy\/PICTURES\/image-thumb__59950__Sklep_pikto\/COOKER_CERAMIC.png\" width=\"64\" height=\"64\" alt=\"\"><img loading=\"lazy\" decoding=\"async\" class=\"piktogram\" src=\"https:\/\/pim.toya.pl\/piktogramy\/PICTURES\/image-thumb__59956__Sklep_pikto\/COOKER_INDUCTION.png\" width=\"64\" height=\"64\" alt=\"\"><img loading=\"lazy\" decoding=\"async\" class=\"piktogram\" src=\"https:\/\/pim.toya.pl\/piktogramy\/PICTURES\/image-thumb__59955__Sklep_pikto\/COOKER_GAS.png\" width=\"64\" height=\"64\" alt=\"\"><img loading=\"lazy\" decoding=\"async\" class=\"piktogram\" src=\"https:\/\/pim.toya.pl\/piktogramy\/PICTURES_DESCRIPTION\/image-thumb__60403__Sklep_pikto\/x3_BOTTOM.png\" width=\"64\" height=\"64\" alt=\"\"><img loading=\"lazy\" decoding=\"async\" class=\"piktogram\" src=\"https:\/\/pim.toya.pl\/piktogramy\/PICTURES_DESCRIPTION\/image-thumb__60317__Sklep_pikto\/%2BLID.png\" width=\"64\" height=\"64\" alt=\"\"><img loading=\"lazy\" decoding=\"async\" class=\"piktogram\" src=\"https:\/\/pim.toya.pl\/piktogramy\/WORDS_DESCRIPTION\/image-thumb__58822__Sklep_pikto\/CAPACITY_SCALE.png\" width=\"64\" height=\"64\" alt=\"\"><img loading=\"lazy\" decoding=\"async\" class=\"piktogram\" src=\"https:\/\/pim.toya.pl\/piktogramy\/MATERIALS\/image-thumb__65047__Sklep_pikto\/SS_201.png\" width=\"64\" height=\"64\" alt=\"\"><img loading=\"lazy\" decoding=\"async\" class=\"piktogram\" src=\"https:\/\/pim.toya.pl\/piktogramy\/PICTURES\/image-thumb__59934__Sklep_pikto\/WASHING_MACHINE.png\" width=\"64\" height=\"64\" alt=\"\"><img loading=\"lazy\" decoding=\"async\" class=\"piktogram\" src=\"https:\/\/pim.toya.pl\/piktogramy\/PICTURES_DESCRIPTION\/image-thumb__60337__Sklep_pikto\/DETERGENT.png\" width=\"64\" height=\"64\" alt=\"\"><\/div>\n<p>Profesjonalny garnek niski&nbsp;z pokrywk\u0105, o wymiarach<strong> 32&#215;22 cm<\/strong>&nbsp;oraz pojemno\u015bci <strong>17l<\/strong>.<br \/>\nGarnek&nbsp;<strong>YATO Professional Kitchen Equipment&nbsp;<\/strong>przeznaczony jest do&nbsp;profesjonalnego wykorzystania&nbsp;w bran\u017cy gastronomicznej. Doskonale nadaje si\u0119 do przygotowywania wszelkiego rodzaju potraw.<br \/>\nWykonany jest z <strong>wysokiej jako\u015bci stali nierdzewnej 201<\/strong> do u\u017cytku w gastronomii.<br \/>\n<strong>Specjalna konstrukcja dna kapsu\u0142owego<\/strong> rozprowadza ciep\u0142o r\u00f3wnomiernie&nbsp;po ca\u0142ej powierzchni spodu, co zwi\u0119ksza stopie\u0144 wykorzystania ciep\u0142a i efektywno\u015b\u0107 gotowania. Przek\u0142ada si\u0119 to bezpo\u015brednio na ich jako\u015b\u0107 oraz <strong>komfort pracy kucharza<\/strong>. Takie rozwi\u0105zanie zmniejsza r\u00f3wnie\u017c ryzyko przypalenia potraw.<br \/>\n<strong>Wk\u0142adka ferromagnetyczna<\/strong>&nbsp;w dnie pozwala na stosowanie garnk\u00f3w YATO na ka\u017cdym rodzaju kuchenek, takich jak:<\/p>\n<ul>\n<li>elektryczna<\/li>\n<li>indukcyjna<\/li>\n<li>gazowa<\/li>\n<li>ceramiczna<\/li>\n<\/ul>\n<p>W garnkach YATO zastosowano&nbsp;wyj\u0105tkowo <strong>masywne i nienagrzewaj\u0105ce si\u0119, solidnie zamocowane uchwyty<\/strong>.&nbsp;Gwarantuje to bezpiecze\u0144stwo i wieloletni\u0105 trwa\u0142o\u015b\u0107 u\u017cytkowania.<\/p>\n","protected":false},"excerpt":{"rendered":"<p>Profesjonalny garnek niski&nbsp;z pokrywk\u0105, o wymiarach 32&#215;22 cm&nbsp;oraz pojemno\u015bci 17l. Garnek&nbsp;YATO Professional Kitchen Equipment&nbsp;przeznaczony jest do&nbsp;profesjonalnego wykorzystania&nbsp;w bran\u017cy gastronomicznej. Doskonale nadaje si\u0119 do przygotowywania wszelkiego rodzaju potraw. Wykonany jest z wysokiej jako\u015bci stali nierdzewnej 201 do u\u017cytku w gastronomii. Specjalna konstrukcja dna kapsu\u0142owego rozprowadza ciep\u0142o r\u00f3wnomiernie&nbsp;po ca\u0142ej powierzchni spodu, co zwi\u0119ksza stopie\u0144 wykorzystania ciep\u0142a i [&hellip;]<\/p>\n","protected":false},"featured_media":19627,"template":"","meta":{"_et_pb_use_builder":"","_et_pb_old_content":"","_et_gb_content_width":""},"pwb-brand":[658],"product_brand":[],"product_cat":[72],"product_tag":[],"class_list":{"0":"post-18671","1":"product","2":"type-product","3":"status-publish","4":"has-post-thumbnail","6":"pwb-brand-yato","7":"product_cat-niskie","9":"first","10":"instock","11":"taxable","12":"shipping-taxable","13":"purchasable","14":"product-type-simple"},"brands":[{"id":658,"name":"Yato","slug":"yato"}],"_links":{"self":[{"href":"https:\/\/www.multifrigo.pl\/sklep\/wp-json\/wp\/v2\/product\/18671","targetHints":{"allow":["GET"]}}],"collection":[{"href":"https:\/\/www.multifrigo.pl\/sklep\/wp-json\/wp\/v2\/product"}],"about":[{"href":"https:\/\/www.multifrigo.pl\/sklep\/wp-json\/wp\/v2\/types\/product"}],"wp:featuredmedia":[{"embeddable":true,"href":"https:\/\/www.multifrigo.pl\/sklep\/wp-json\/wp\/v2\/media\/19627"}],"wp:attachment":[{"href":"https:\/\/www.multifrigo.pl\/sklep\/wp-json\/wp\/v2\/media?parent=18671"}],"wp:term":[{"taxonomy":"pwb-brand","embeddable":true,"href":"https:\/\/www.multifrigo.pl\/sklep\/wp-json\/wp\/v2\/pwb-brand?post=18671"},{"taxonomy":"product_brand","embeddable":true,"href":"https:\/\/www.multifrigo.pl\/sklep\/wp-json\/wp\/v2\/product_brand?post=18671"},{"taxonomy":"product_cat","embeddable":true,"href":"https:\/\/www.multifrigo.pl\/sklep\/wp-json\/wp\/v2\/product_cat?post=18671"},{"taxonomy":"product_tag","embeddable":true,"href":"https:\/\/www.multifrigo.pl\/sklep\/wp-json\/wp\/v2\/product_tag?post=18671"}],"curies":[{"name":"wp","href":"https:\/\/api.w.org\/{rel}","templated":true}]}}