{"id":18676,"date":"2024-07-05T13:00:01","date_gmt":"2024-07-05T13:00:01","guid":{"rendered":"https:\/\/multifrigo.pl\/sklep\/?post_type=product&#038;p=18676"},"modified":"2025-10-09T12:53:44","modified_gmt":"2025-10-09T12:53:44","slug":"garnek-niski-do-duszenia-z-pokrywka-ze-stali-nierdzewnej-36x11cm-112l-yato-yg-00055","status":"publish","type":"product","link":"https:\/\/www.multifrigo.pl\/sklep\/produkt\/garnek-niski-do-duszenia-z-pokrywka-ze-stali-nierdzewnej-36x11cm-112l-yato-yg-00055\/","title":{"rendered":"GARNEK NISKI DO DUSZENIA Z POKRYWK\u0104 ZE STALI NIERDZEWNEJ 36X11CM 11,2L | Yato YG-00055"},"content":{"rendered":"<div id=\"piktogram_container\"><img loading=\"lazy\" decoding=\"async\" class=\"piktogram\" src=\"https:\/\/pim.toya.pl\/piktogramy\/DIAMETER\/image-thumb__96254__Sklep_pikto\/36_cm_DIAMETER.png\" width=\"64\" height=\"64\" alt=\"\"><img loading=\"lazy\" decoding=\"async\" class=\"piktogram\" src=\"https:\/\/pim.toya.pl\/piktogramy\/cm\/image-thumb__96280__Sklep_pikto\/11_cm.png\" width=\"64\" height=\"64\" alt=\"\"><img loading=\"lazy\" decoding=\"async\" class=\"piktogram\" src=\"https:\/\/pim.toya.pl\/piktogramy\/L_ml\/image-thumb__51361__Sklep_pikto\/11%2C2_L.png\" width=\"64\" height=\"64\" alt=\"\"><img loading=\"lazy\" decoding=\"async\" class=\"piktogram\" src=\"https:\/\/pim.toya.pl\/piktogramy\/PICTURES\/image-thumb__59954__Sklep_pikto\/COOKER_ELECTRIC.png\" width=\"64\" height=\"64\" alt=\"\"><img loading=\"lazy\" decoding=\"async\" class=\"piktogram\" src=\"https:\/\/pim.toya.pl\/piktogramy\/PICTURES\/image-thumb__59950__Sklep_pikto\/COOKER_CERAMIC.png\" width=\"64\" height=\"64\" alt=\"\"><img loading=\"lazy\" decoding=\"async\" class=\"piktogram\" src=\"https:\/\/pim.toya.pl\/piktogramy\/PICTURES\/image-thumb__59956__Sklep_pikto\/COOKER_INDUCTION.png\" width=\"64\" height=\"64\" alt=\"\"><img loading=\"lazy\" decoding=\"async\" class=\"piktogram\" src=\"https:\/\/pim.toya.pl\/piktogramy\/PICTURES\/image-thumb__59955__Sklep_pikto\/COOKER_GAS.png\" width=\"64\" height=\"64\" alt=\"\"><img loading=\"lazy\" decoding=\"async\" class=\"piktogram\" src=\"https:\/\/pim.toya.pl\/piktogramy\/PICTURES_DESCRIPTION\/image-thumb__60403__Sklep_pikto\/x3_BOTTOM.png\" width=\"64\" height=\"64\" alt=\"\"><img loading=\"lazy\" decoding=\"async\" class=\"piktogram\" src=\"https:\/\/pim.toya.pl\/piktogramy\/PICTURES_DESCRIPTION\/image-thumb__60317__Sklep_pikto\/%2BLID.png\" width=\"64\" height=\"64\" alt=\"\"><img loading=\"lazy\" decoding=\"async\" class=\"piktogram\" src=\"https:\/\/pim.toya.pl\/piktogramy\/MATERIALS\/image-thumb__65064__Sklep_pikto\/SS_21-0.png\" width=\"64\" height=\"64\" alt=\"\"><img loading=\"lazy\" decoding=\"async\" class=\"piktogram\" src=\"https:\/\/pim.toya.pl\/piktogramy\/PICTURES\/image-thumb__59934__Sklep_pikto\/WASHING_MACHINE.png\" width=\"64\" height=\"64\" alt=\"\"><img loading=\"lazy\" decoding=\"async\" class=\"piktogram\" src=\"https:\/\/pim.toya.pl\/piktogramy\/PICTURES_DESCRIPTION\/image-thumb__60337__Sklep_pikto\/DETERGENT.png\" width=\"64\" height=\"64\" alt=\"\"><\/div>\n<p>Profesjonalny garnek do duszenia z pokrywk\u0105, o wymiarach <b>36&#215;11<\/b> cm oraz pojemno\u015bci <b>11,2 l.<\/b>  Garnek do duszenia <b>YATO Professional Kitchen Equipment<\/b> przeznaczony jest do profesjonalnego wykorzystania w bran\u017cy gastronomicznej. Doskonale nadaje si\u0119 do przygotowywania wszelkiego rodzaju potraw duszonych.  <b>Wykonany jest z wysokiej jako\u015bci stali nierdzewnej 21\/0<\/b>, opracowanej specjalnie do u\u017cytku w gastronomii. Najwa\u017cniejsz\u0105 zalet\u0105 rondli wykonanych z tego rodzaju stali jest przewodzenie ciep\u0142a a\u017c o <b>30%<\/b> wi\u0119ksze w por\u00f3wnaniu ze standardowymi rondlami wykonanymi ze stali 304. <b>Charakteryzuje je r\u00f3wnie\u017c podwy\u017cszona odporno\u015b\u0107 na uszkodzenia mechaniczne oraz dzia\u0142anie kwas\u00f3w organicznych i detergent\u00f3w.<\/b> W\u0142a\u015bnie dlatego, <b>nadaj\u0105 si\u0119 do mycia w zmywarkach<\/b> oraz s\u0105 odporne na intensywne szorowanie powierzchni.   Co wa\u017cne, garnki s\u0105 wykonane ze stali typu <b>21\/0 nie zawieraj\u0105 szkodliwych dla zdrowia ludzkiego manganu i niklu.<\/b>  <b>Specjalna konstrukcja dna kapsu\u0142owego rozprowadza ciep\u0142o r\u00f3wnomiernie<\/b> po ca\u0142ej powierzchni spodu, co zwi\u0119ksza stopie\u0144 wykorzystania ciep\u0142a i efektywno\u015b\u0107  gotowania.  Przek\u0142ada si\u0119 to bezpo\u015brednio na ich jako\u015b\u0107 oraz komfort pracy kucharza. Takie rozwi\u0105zanie zmniejsza r\u00f3wnie\u017c ryzyko przypalenia potraw.   <b>Wk\u0142adka ferromagnetyczna<\/b> w dnie pozwala na stosowanie rondli YATO na ka\u017cdym rodzaju kuchenek, takich jak: &#8211; elektryczna &#8211; indukcyjna &#8211; gazowa &#8211; ceramiczna   Boczne \u015bciany garnka i pokrywka s\u0105 <b>wykonane z grubej stali<\/b>, utrzymuj\u0105cej temperatur\u0119 d\u0142u\u017cej ni\u017c standardowe naczynia ze stali typu 304.   W garnkach YATO zastosowano <b>wyj\u0105tkowo masywne i nienagrzewaj\u0105ce si\u0119, solidnie zamocowane uchwyty.<\/b> Gwarantuje to bezpiecze\u0144stwo i wieloletni\u0105 trwa\u0142o\u015b\u0107 u\u017cytkowania.<br \/>\nPrzeznaczony do profesjonalnego wykorzystania w bran\u017cy gastronomicznej. Doskonale nadaje si\u0119 do duszenia wszelkiego rodzaju potraw.<\/p>\n","protected":false},"excerpt":{"rendered":"<p>Profesjonalny garnek do duszenia z pokrywk\u0105, o wymiarach 36&#215;11 cm oraz pojemno\u015bci 11,2 l. Garnek do duszenia YATO Professional Kitchen Equipment przeznaczony jest do profesjonalnego wykorzystania w bran\u017cy gastronomicznej. Doskonale nadaje si\u0119 do przygotowywania wszelkiego rodzaju potraw duszonych. Wykonany jest z wysokiej jako\u015bci stali nierdzewnej 21\/0, opracowanej specjalnie do u\u017cytku w gastronomii. Najwa\u017cniejsz\u0105 zalet\u0105 rondli [&hellip;]<\/p>\n","protected":false},"featured_media":19672,"template":"","meta":{"_et_pb_use_builder":"","_et_pb_old_content":"","_et_gb_content_width":""},"pwb-brand":[658],"product_brand":[],"product_cat":[72],"product_tag":[],"class_list":{"0":"post-18676","1":"product","2":"type-product","3":"status-publish","4":"has-post-thumbnail","6":"pwb-brand-yato","7":"product_cat-niskie","9":"first","10":"instock","11":"taxable","12":"shipping-taxable","13":"purchasable","14":"product-type-simple"},"brands":[{"id":658,"name":"Yato","slug":"yato"}],"_links":{"self":[{"href":"https:\/\/www.multifrigo.pl\/sklep\/wp-json\/wp\/v2\/product\/18676","targetHints":{"allow":["GET"]}}],"collection":[{"href":"https:\/\/www.multifrigo.pl\/sklep\/wp-json\/wp\/v2\/product"}],"about":[{"href":"https:\/\/www.multifrigo.pl\/sklep\/wp-json\/wp\/v2\/types\/product"}],"wp:featuredmedia":[{"embeddable":true,"href":"https:\/\/www.multifrigo.pl\/sklep\/wp-json\/wp\/v2\/media\/19672"}],"wp:attachment":[{"href":"https:\/\/www.multifrigo.pl\/sklep\/wp-json\/wp\/v2\/media?parent=18676"}],"wp:term":[{"taxonomy":"pwb-brand","embeddable":true,"href":"https:\/\/www.multifrigo.pl\/sklep\/wp-json\/wp\/v2\/pwb-brand?post=18676"},{"taxonomy":"product_brand","embeddable":true,"href":"https:\/\/www.multifrigo.pl\/sklep\/wp-json\/wp\/v2\/product_brand?post=18676"},{"taxonomy":"product_cat","embeddable":true,"href":"https:\/\/www.multifrigo.pl\/sklep\/wp-json\/wp\/v2\/product_cat?post=18676"},{"taxonomy":"product_tag","embeddable":true,"href":"https:\/\/www.multifrigo.pl\/sklep\/wp-json\/wp\/v2\/product_tag?post=18676"}],"curies":[{"name":"wp","href":"https:\/\/api.w.org\/{rel}","templated":true}]}}