{"id":18696,"date":"2024-07-05T13:00:06","date_gmt":"2024-07-05T13:00:06","guid":{"rendered":"https:\/\/multifrigo.pl\/sklep\/?post_type=product&#038;p=18696"},"modified":"2025-10-09T12:54:02","modified_gmt":"2025-10-09T12:54:02","slug":"aluminiowa-patelnia-z-powloka-ptfe-na-indukcje-280mm-yato-yg-00161","status":"publish","type":"product","link":"https:\/\/www.multifrigo.pl\/sklep\/produkt\/aluminiowa-patelnia-z-powloka-ptfe-na-indukcje-280mm-yato-yg-00161\/","title":{"rendered":"ALUMINIOWA PATELNIA Z POW\u0141OK\u0104 PTFE NA INDUKCJ\u0118 280MM | Yato YG-00161"},"content":{"rendered":"<div id=\"piktogram_container\"><img loading=\"lazy\" decoding=\"async\" class=\"piktogram\" src=\"https:\/\/pim.toya.pl\/piktogramy\/DIAMETER\/image-thumb__50996__Sklep_pikto\/280_mm_DIAMETER.png\" width=\"64\" height=\"64\" alt=\"\"><img loading=\"lazy\" decoding=\"async\" class=\"piktogram\" src=\"https:\/\/pim.toya.pl\/piktogramy\/MATERIALS\/image-thumb__60794__Sklep_pikto\/Al.png\" width=\"64\" height=\"64\" alt=\"\"><img loading=\"lazy\" decoding=\"async\" class=\"piktogram\" src=\"https:\/\/pim.toya.pl\/piktogramy\/MATERIALS\/image-thumb__60904__Sklep_pikto\/PTFE.png\" width=\"64\" height=\"64\" alt=\"\"><img loading=\"lazy\" decoding=\"async\" class=\"piktogram\" src=\"https:\/\/pim.toya.pl\/piktogramy\/GASTRO\/image-thumb__310449__Sklep_pikto\/Al_RIVETS_x3.png\" width=\"64\" height=\"64\" alt=\"\"><img loading=\"lazy\" decoding=\"async\" class=\"piktogram\" src=\"https:\/\/pim.toya.pl\/piktogramy\/PICTURES\/image-thumb__59950__Sklep_pikto\/COOKER_CERAMIC.png\" width=\"64\" height=\"64\" alt=\"\"><img loading=\"lazy\" decoding=\"async\" class=\"piktogram\" src=\"https:\/\/pim.toya.pl\/piktogramy\/PICTURES\/image-thumb__59956__Sklep_pikto\/COOKER_INDUCTION.png\" width=\"64\" height=\"64\" alt=\"\"><img loading=\"lazy\" decoding=\"async\" class=\"piktogram\" src=\"https:\/\/pim.toya.pl\/piktogramy\/PICTURES\/image-thumb__59955__Sklep_pikto\/COOKER_GAS.png\" width=\"64\" height=\"64\" alt=\"\"><img loading=\"lazy\" decoding=\"async\" class=\"piktogram\" src=\"https:\/\/pim.toya.pl\/piktogramy\/WORDS_DESCRIPTION\/image-thumb__59030__Sklep_pikto\/SCRATCH_PROOF.png\" width=\"64\" height=\"64\" alt=\"\"><img loading=\"lazy\" decoding=\"async\" class=\"piktogram\" src=\"https:\/\/pim.toya.pl\/piktogramy\/PICTURES_DESCRIPTION\/image-thumb__60337__Sklep_pikto\/DETERGENT.png\" width=\"64\" height=\"64\" alt=\"\"><\/div>\n<p><strong>PATELNIA ALUMINIOWA&nbsp;YATO<\/strong>&nbsp;NA INDUKCJ\u0118 Z POW\u0141OK\u0104&nbsp;<strong>PTFE<\/strong>&nbsp;O \u015aREDNICY 280MM<\/p>\n<ul>\n<li>Patelnia marki YATO o&nbsp;<strong>\u015brednicy 280mm i g\u0142\u0119boko\u015bci 45mm<\/strong>&nbsp;wykonana jest z odlewanego&nbsp;<strong>aluminium o grubo\u015bci 4mm.<\/strong>&nbsp;Dzi\u0119ki temu ciep\u0142o rozprowadzane jest szybko i r\u00f3wnomiernie na ca\u0142ej powierzchni roboczej. Ma to szczeg\u00f3lne znaczenie podczas sma\u017cenia, poniewa\u017c potrawy s\u0105 r\u00f3wno podpieczone bez wzgl\u0119du na ich po\u0142o\u017cenie.<\/li>\n<li>Patelnia marki YATO pokryta jest oryginalnym<strong>&nbsp;tr\u00f3jwarstwowym<\/strong>&nbsp;systemem pow\u0142ok&nbsp;<strong>PTFE,<\/strong>&nbsp;kt\u00f3ry odznacza si\u0119 najlepszymi dost\u0119pnymi na rynku parametrami.&nbsp;<\/li>\n<li>Tr\u00f3jwarstwowa pow\u0142oka <strong>PTFE<\/strong>&nbsp;<strong>zapobiega przywieraniu potraw<\/strong>&nbsp;do powierzchni patelni. Umo\u017cliwia to sma\u017cenie przy u\u017cyciu&nbsp;<strong>minimalnej ilo\u015bci t\u0142uszczu.<\/strong>&nbsp;Ponadto przystosowana jest do pracy w temperaturze si\u0119gaj\u0105cej a\u017c 250\u00b0C umo\u017cliwiaj\u0105c sma\u017cenie, czy grillowanie bez obaw o uszkodzenie patelni.&nbsp;<\/li>\n<li>Najwa\u017cniejsz\u0105 zalet\u0105 pow\u0142oki <strong>PTFE<\/strong> jest&nbsp;<strong>wysoka odporno\u015b\u0107 na \u015bcieranie i zadrapanie.<\/strong>&nbsp;Mo\u017cliwe jest stosowanie metalowych przybor\u00f3w kuchennych,&nbsp;<strong>co wyr\u00f3\u017cnia patelnie YATO spo\u015br\u00f3d innych patelni dost\u0119pnych na rynku.<\/strong>&nbsp;<\/li>\n<li>Istotn\u0105 zalet\u0105 pow\u0142oki <strong>PTFE<\/strong> jest tak\u017ce<strong>&nbsp;\u0142atwe i szybkie czyszczenie<\/strong>&nbsp;i \u0142atwe utrzymanie patelni w czysto\u015bci.&nbsp;<\/li>\n<li>R\u0119koje\u015b\u0107 wykonana jest ze stali epoksydowanej, kt\u00f3ra jest po\u0142\u0105czona z cz\u0119\u015bci\u0105 robocz\u0105 za pomoc\u0105 3 nit\u00f3w.<\/li>\n<\/ul>\n<p>&nbsp;<\/p>\n<p>Linia aluminiowych patelni YATO z pow\u0142ok\u0105 <strong>PTFE<\/strong> otrzyma\u0142a presti\u017cowy&nbsp;<strong>Z\u0142oty Medal Mi\u0119dzynarodowych Targ\u00f3w Pozna\u0144skich 2018<\/strong>. Nagroda jest przyznawana przez ekspert\u00f3w innowacyjnym produktom najwy\u017cszej jako\u015bci.&nbsp;<\/p>\n<p><strong>Dowiedz si\u0119 wiecej o <a data-tabindex-counter=\"3\" data-tabindex-value=\"none\" href=\"https:\/\/yatogastro.com\/Patelnie-YATO-nagrodzone-Zlotym-Medalem-MTP-cinfo-pol-218.html\" tabindex=\"-1\" target=\"_blank\" rel=\"noopener\">przyznanej nagrodzie patelniom YATO z pow\u0142ok\u0105&nbsp;PTFE<\/a>.<\/strong><\/p>\n<p><strong>Dowiedz si\u0119 wi\u0119cej o <a data-tabindex-counter=\"3\" data-tabindex-value=\"none\" href=\"https:\/\/yatogastro.com\/Jaka-patelnie-wybrac-Patelnie-z-oryginalnymi-powlokami-marki-Teflon-TM-cinfo-pol-131.html\" tabindex=\"-1\" target=\"_blank\" rel=\"noopener\">zaletach patelni z pow\u0142ok\u0105 PTFE<\/a>.<\/strong><\/p>\n","protected":false},"excerpt":{"rendered":"<p>PATELNIA ALUMINIOWA&nbsp;YATO&nbsp;NA INDUKCJ\u0118 Z POW\u0141OK\u0104&nbsp;PTFE&nbsp;O \u015aREDNICY 280MM Patelnia marki YATO o&nbsp;\u015brednicy 280mm i g\u0142\u0119boko\u015bci 45mm&nbsp;wykonana jest z odlewanego&nbsp;aluminium o grubo\u015bci 4mm.&nbsp;Dzi\u0119ki temu ciep\u0142o rozprowadzane jest szybko i r\u00f3wnomiernie na ca\u0142ej powierzchni roboczej. Ma to szczeg\u00f3lne znaczenie podczas sma\u017cenia, poniewa\u017c potrawy s\u0105 r\u00f3wno podpieczone bez wzgl\u0119du na ich po\u0142o\u017cenie. Patelnia marki YATO pokryta jest oryginalnym&nbsp;tr\u00f3jwarstwowym&nbsp;systemem pow\u0142ok&nbsp;PTFE,&nbsp;kt\u00f3ry [&hellip;]<\/p>\n","protected":false},"featured_media":19851,"template":"","meta":{"_et_pb_use_builder":"","_et_pb_old_content":"","_et_gb_content_width":""},"pwb-brand":[658],"product_brand":[],"product_cat":[74],"product_tag":[],"class_list":{"0":"post-18696","1":"product","2":"type-product","3":"status-publish","4":"has-post-thumbnail","6":"pwb-brand-yato","7":"product_cat-patelnie-uniwersalne","9":"first","10":"instock","11":"taxable","12":"shipping-taxable","13":"purchasable","14":"product-type-simple"},"brands":[{"id":658,"name":"Yato","slug":"yato"}],"_links":{"self":[{"href":"https:\/\/www.multifrigo.pl\/sklep\/wp-json\/wp\/v2\/product\/18696","targetHints":{"allow":["GET"]}}],"collection":[{"href":"https:\/\/www.multifrigo.pl\/sklep\/wp-json\/wp\/v2\/product"}],"about":[{"href":"https:\/\/www.multifrigo.pl\/sklep\/wp-json\/wp\/v2\/types\/product"}],"wp:featuredmedia":[{"embeddable":true,"href":"https:\/\/www.multifrigo.pl\/sklep\/wp-json\/wp\/v2\/media\/19851"}],"wp:attachment":[{"href":"https:\/\/www.multifrigo.pl\/sklep\/wp-json\/wp\/v2\/media?parent=18696"}],"wp:term":[{"taxonomy":"pwb-brand","embeddable":true,"href":"https:\/\/www.multifrigo.pl\/sklep\/wp-json\/wp\/v2\/pwb-brand?post=18696"},{"taxonomy":"product_brand","embeddable":true,"href":"https:\/\/www.multifrigo.pl\/sklep\/wp-json\/wp\/v2\/product_brand?post=18696"},{"taxonomy":"product_cat","embeddable":true,"href":"https:\/\/www.multifrigo.pl\/sklep\/wp-json\/wp\/v2\/product_cat?post=18696"},{"taxonomy":"product_tag","embeddable":true,"href":"https:\/\/www.multifrigo.pl\/sklep\/wp-json\/wp\/v2\/product_tag?post=18696"}],"curies":[{"name":"wp","href":"https:\/\/api.w.org\/{rel}","templated":true}]}}